{"id":11604,"date":"2018-11-01T17:09:50","date_gmt":"2018-11-01T16:09:50","guid":{"rendered":"http:\/\/montreux-vieux.net\/?page_id=11604"},"modified":"2019-01-02T17:47:39","modified_gmt":"2019-01-02T16:47:39","slug":"a-montreux-vieux-une-halle-de-marchandises-detruite-par-le-feu","status":"publish","type":"page","link":"https:\/\/montreux-vieux.net\/?page_id=11604","title":{"rendered":"A Montreux-Vieux une halle de marchandises d\u00e9truite par le feu"},"content":{"rendered":"<h3 style=\"text-align: center;\">A Montreux-Vieux une halle de marchandises d\u00e9truite par le feu<\/h3>\n<p style=\"text-align: center;\"><a href=\"http:\/\/montreux-vieux.net\/montreux-vieux.net\/wp-content\/uploads\/2018\/09\/ScreenShot1179.jpg\" target=\"_blank\" rel=\"noopener\"><img loading=\"lazy\" decoding=\"async\" class=\"aligncenter wp-image-11069 size-full\" src=\"http:\/\/montreux-vieux.net\/montreux-vieux.net\/wp-content\/uploads\/2018\/09\/ScreenShot1179.jpg\" alt=\"\" width=\"838\" height=\"496\" srcset=\"https:\/\/montreux-vieux.net\/montreux-vieux.net\/wp-content\/uploads\/2018\/09\/ScreenShot1179.jpg 838w, https:\/\/montreux-vieux.net\/montreux-vieux.net\/wp-content\/uploads\/2018\/09\/ScreenShot1179-300x178.jpg 300w, https:\/\/montreux-vieux.net\/montreux-vieux.net\/wp-content\/uploads\/2018\/09\/ScreenShot1179-768x455.jpg 768w, https:\/\/montreux-vieux.net\/montreux-vieux.net\/wp-content\/uploads\/2018\/09\/ScreenShot1179-600x355.jpg 600w\" sizes=\"auto, (max-width: 838px) 100vw, 838px\" \/><\/a><\/p>\n<h4 style=\"text-align: justify;\">Belfortle le 11 mars 1905. La nuit derni\u00e8re, un&nbsp;incendie a d\u00e9truit la halle aux marchandises&nbsp;de la gare de&nbsp;<strong>Montreux-Vieux,<\/strong>&nbsp;sur la fronti\u00e8re&nbsp;allemande.&nbsp;Un m\u00e9canicien fran\u00e7ais, dont la machine&nbsp;\u00e9tait sous pression, n&rsquo;a pas h\u00e9sit\u00e9 \u00e0 p\u00e9n\u00e9trer&nbsp;dans la fournaise pour retirer, au p\u00e9ril de sa&nbsp;vie, plusieurs wagons complets, plac\u00e9s sur la&nbsp;voie longeant la halle.<br \/>\nGr\u00e2ce au sang-froid de ce m\u00e9canicien, les&nbsp;pertes, cependant \u00e9lev\u00e9es, sont sensiblement&nbsp;diminu\u00e9es Les autorit\u00e9s allemandes l&rsquo;ont f\u00e9licit\u00e9 pour&nbsp;son courage.<\/h4>\n<h6><strong>Le Matin 12 mars 1905<\/strong><\/h6>\n<p>&nbsp;<\/p>\n","protected":false},"excerpt":{"rendered":"<p>A Montreux-Vieux une halle de marchandises d\u00e9truite par le feu Belfortle le 11 mars 1905. La nuit derni\u00e8re, un&nbsp;incendie a d\u00e9truit la halle aux marchandises&nbsp;de la gare de&nbsp;Montreux-Vieux,&nbsp;sur la fronti\u00e8re&nbsp;allemande.&nbsp;Un m\u00e9canicien fran\u00e7ais, dont la machine&nbsp;\u00e9tait sous pression, n&rsquo;a pas h\u00e9sit\u00e9 &hellip; <a href=\"https:\/\/montreux-vieux.net\/?page_id=11604\">Continuer la lecture <span class=\"meta-nav\">&rarr;<\/span><\/a><\/p>\n","protected":false},"author":1,"featured_media":0,"parent":12998,"menu_order":10,"comment_status":"closed","ping_status":"open","template":"","meta":{"footnotes":""},"class_list":["post-11604","page","type-page","status-publish","hentry"],"_links":{"self":[{"href":"https:\/\/montreux-vieux.net\/index.php?rest_route=\/wp\/v2\/pages\/11604","targetHints":{"allow":["GET"]}}],"collection":[{"href":"https:\/\/montreux-vieux.net\/index.php?rest_route=\/wp\/v2\/pages"}],"about":[{"href":"https:\/\/montreux-vieux.net\/index.php?rest_route=\/wp\/v2\/types\/page"}],"author":[{"embeddable":true,"href":"https:\/\/montreux-vieux.net\/index.php?rest_route=\/wp\/v2\/users\/1"}],"replies":[{"embeddable":true,"href":"https:\/\/montreux-vieux.net\/index.php?rest_route=%2Fwp%2Fv2%2Fcomments&post=11604"}],"version-history":[{"count":2,"href":"https:\/\/montreux-vieux.net\/index.php?rest_route=\/wp\/v2\/pages\/11604\/revisions"}],"predecessor-version":[{"id":13399,"href":"https:\/\/montreux-vieux.net\/index.php?rest_route=\/wp\/v2\/pages\/11604\/revisions\/13399"}],"up":[{"embeddable":true,"href":"https:\/\/montreux-vieux.net\/index.php?rest_route=\/wp\/v2\/pages\/12998"}],"wp:attachment":[{"href":"https:\/\/montreux-vieux.net\/index.php?rest_route=%2Fwp%2Fv2%2Fmedia&parent=11604"}],"curies":[{"name":"wp","href":"https:\/\/api.w.org\/{rel}","templated":true}]}}