{"id":11619,"date":"2018-11-02T10:28:04","date_gmt":"2018-11-02T09:28:04","guid":{"rendered":"http:\/\/montreux-vieux.net\/?page_id=11619"},"modified":"2019-01-02T09:40:53","modified_gmt":"2019-01-02T08:40:53","slug":"a-montreux-vieux-un-jeune-de-17-ans-ecrase-par-la-foule","status":"publish","type":"page","link":"https:\/\/montreux-vieux.net\/?page_id=11619","title":{"rendered":"A Montreux-Vieux un jeune de 17 ans \u00e9cras\u00e9 par la foule"},"content":{"rendered":"<h3 style=\"text-align: center;\">A Montreux-Vieux un jeune de 17 ans \u00e9cras\u00e9 par la foule<\/h3>\n<h4 style=\"text-align: center;\">LES ALSACIENS:LORRAINS&nbsp; ET LE 14-JUILLET<\/h4>\n<p style=\"text-align: center;\"><a href=\"http:\/\/montreux-vieux.net\/montreux-vieux.net\/wp-content\/uploads\/2018\/11\/ScreenShot1368.jpg\" target=\"_blank\" rel=\"noopener\"><img loading=\"lazy\" decoding=\"async\" class=\"aligncenter wp-image-11615 size-full\" src=\"http:\/\/montreux-vieux.net\/montreux-vieux.net\/wp-content\/uploads\/2018\/11\/ScreenShot1368.jpg\" alt=\"\" width=\"523\" height=\"414\" srcset=\"https:\/\/montreux-vieux.net\/montreux-vieux.net\/wp-content\/uploads\/2018\/11\/ScreenShot1368.jpg 523w, https:\/\/montreux-vieux.net\/montreux-vieux.net\/wp-content\/uploads\/2018\/11\/ScreenShot1368-300x237.jpg 300w\" sizes=\"auto, (max-width: 523px) 100vw, 523px\" \/><\/a><\/p>\n<h4 style=\"text-align: justify;\">Une bagarre s&rsquo;est produite \u00e0 une gare fronti\u00e8re, entre des Alsaciens, retour de Belfort, o\u00f9 ils assist\u00e8rent aux f\u00eates du !4-Juillet1907 , et les employ\u00e9s de chemins de fer allemands.<br \/>\nDe&nbsp;nombreux Alsaciens s&rsquo;\u00e9taient rendus cette&nbsp;ann\u00e9e \u00e0 Belfort, \u00e0 l&rsquo;occasion du 14-Juillet.&nbsp;Leur retour a \u00e9t\u00e9 marqu\u00e9 par un regrettable accident. Les journaux d&rsquo;aujourd&rsquo;hui \u00e9crivent ce sujet qu&rsquo;\u00e0 la gare fronti\u00e8re allemande de&nbsp;<strong>Montreux-Vieux,<\/strong>&nbsp;un jeune homme de dix sept ans fut \u00e9cras\u00e9 par la foule.<\/h4>\n<h4 style=\"text-align: justify;\">La bagarre se produisit quand les employ\u00e9s allemands exig\u00e8rent que les voyageurs venant de France payent le montant d&rsquo;un ticket suppl\u00e9mentaire. Mais personne ne voulut payer.&nbsp;Le Journal d&rsquo;Alsace-Lorraine \u00e9crit qu&rsquo;on&nbsp;vit un Alsacien exasp\u00e9r\u00e9 brandir un drapeau fran\u00e7ais et demander \u00e0 l&#8217;employ\u00e9 allemand, sur un ton qui n&rsquo;admettait aucune&nbsp;r\u00e9plique, si \u00ab pour cela \u00bb on paierait un prix&nbsp;d&rsquo;entr\u00e9e sp\u00e9cial.&nbsp;Je dois ajouter qu&rsquo;aucun proc\u00e8s-verbal n&rsquo;a&nbsp;\u00e9t\u00e9 dress\u00e9.<\/h4>\n<h6 style=\"text-align: left;\">Sources: Le Mainin 17 juillet 1907<\/h6>\n","protected":false},"excerpt":{"rendered":"<p>A Montreux-Vieux un jeune de 17 ans \u00e9cras\u00e9 par la foule LES ALSACIENS:LORRAINS&nbsp; ET LE 14-JUILLET Une bagarre s&rsquo;est produite \u00e0 une gare fronti\u00e8re, entre des Alsaciens, retour de Belfort, o\u00f9 ils assist\u00e8rent aux f\u00eates du !4-Juillet1907 , et les &hellip; <a href=\"https:\/\/montreux-vieux.net\/?page_id=11619\">Continuer la lecture <span class=\"meta-nav\">&rarr;<\/span><\/a><\/p>\n","protected":false},"author":1,"featured_media":0,"parent":13044,"menu_order":46,"comment_status":"closed","ping_status":"open","template":"","meta":{"footnotes":""},"class_list":["post-11619","page","type-page","status-publish","hentry"],"_links":{"self":[{"href":"https:\/\/montreux-vieux.net\/index.php?rest_route=\/wp\/v2\/pages\/11619","targetHints":{"allow":["GET"]}}],"collection":[{"href":"https:\/\/montreux-vieux.net\/index.php?rest_route=\/wp\/v2\/pages"}],"about":[{"href":"https:\/\/montreux-vieux.net\/index.php?rest_route=\/wp\/v2\/types\/page"}],"author":[{"embeddable":true,"href":"https:\/\/montreux-vieux.net\/index.php?rest_route=\/wp\/v2\/users\/1"}],"replies":[{"embeddable":true,"href":"https:\/\/montreux-vieux.net\/index.php?rest_route=%2Fwp%2Fv2%2Fcomments&post=11619"}],"version-history":[{"count":2,"href":"https:\/\/montreux-vieux.net\/index.php?rest_route=\/wp\/v2\/pages\/11619\/revisions"}],"predecessor-version":[{"id":13259,"href":"https:\/\/montreux-vieux.net\/index.php?rest_route=\/wp\/v2\/pages\/11619\/revisions\/13259"}],"up":[{"embeddable":true,"href":"https:\/\/montreux-vieux.net\/index.php?rest_route=\/wp\/v2\/pages\/13044"}],"wp:attachment":[{"href":"https:\/\/montreux-vieux.net\/index.php?rest_route=%2Fwp%2Fv2%2Fmedia&parent=11619"}],"curies":[{"name":"wp","href":"https:\/\/api.w.org\/{rel}","templated":true}]}}