{"id":11624,"date":"2018-11-02T11:14:43","date_gmt":"2018-11-02T10:14:43","guid":{"rendered":"http:\/\/montreux-vieux.net\/?page_id=11624"},"modified":"2019-01-02T09:36:54","modified_gmt":"2019-01-02T08:36:54","slug":"un-chasseur-de-montreux-vieux-tue-par-un-garde-allemand","status":"publish","type":"page","link":"https:\/\/montreux-vieux.net\/?page_id=11624","title":{"rendered":"Un chasseur de Montreux-Vieux tu\u00e9 par un garde Allemand"},"content":{"rendered":"<h3 style=\"text-align: center;\">Un chasseur de Montreux-Vieux tu\u00e9 par un garde Allemand<\/h3>\n<h4 style=\"text-align: center;\">&nbsp;<a href=\"http:\/\/montreux-vieux.net\/montreux-vieux.net\/wp-content\/uploads\/2018\/11\/ScreenShot1322.jpg\" target=\"_blank\" rel=\"noopener\"><img loading=\"lazy\" decoding=\"async\" class=\"aligncenter wp-image-11622 size-full\" src=\"http:\/\/montreux-vieux.net\/montreux-vieux.net\/wp-content\/uploads\/2018\/11\/ScreenShot1322.jpg\" alt=\"\" width=\"361\" height=\"315\" srcset=\"https:\/\/montreux-vieux.net\/montreux-vieux.net\/wp-content\/uploads\/2018\/11\/ScreenShot1322.jpg 361w, https:\/\/montreux-vieux.net\/montreux-vieux.net\/wp-content\/uploads\/2018\/11\/ScreenShot1322-300x262.jpg 300w\" sizes=\"auto, (max-width: 361px) 100vw, 361px\" \/><\/a><\/h4>\n<h4 style=\"text-align: justify;\">Hier apr\u00e8s-mid 15 mars 1909 , \u00e0&nbsp;Chavannes-les-Grands, deux cultivateurs,&nbsp;MM. Rosse et Henrissot, chassaient au; canard sur l&rsquo;extr\u00eame fronti\u00e8re, avec le domestique de M. Rosse, nomm\u00e9 B\u00e9l\u00e0rd, lorsqu&rsquo;\u00e0&nbsp;un certain moment, ce dernier, s&rsquo;\u00e9tant trouv\u00e9 s\u00e9par\u00e9 des deux premiers, ceux-ci entendirent un coup d\u00e9 feu. Supposant qu&rsquo;il avait&nbsp;tir\u00e9 sur le gibier, ils se dirig\u00e8rent vers l&rsquo;endroit d&rsquo;o\u00f9 le coup \u00e9tait parti et trouv\u00e8rent, \u00e0&nbsp;50 m\u00e8tres sur le territoire annex\u00e9, l\u00e9 cadavre de B\u00e9lard, tu\u00e9 d&rsquo;une balle \u00e0 la t\u00eate, et&nbsp;ayant encore \u00e0 la main son fusil charg\u00e9 de&nbsp;deux coups \u0303\u0303<\/h4>\n<p>Les soup\u00e7ons se port\u00e8rent&rsquo; sur un garde chasse allemand que les deux cultivateurs&nbsp;avaient aper\u00e7u dans ces parages un peu auparavant:&nbsp;Le parquet se rend ce jour \u00e0 Chavannes pour r ouvrir une enqu\u00eate.<\/p>\n<h4 style=\"text-align: center;\">La victime<\/h4>\n<h4 style=\"text-align: justify;\">Le nomm\u00e9 B\u00e9lard,&nbsp;tu\u00e9 de deux coups de feu par le garde particulier d&rsquo;Altenach (Alsace), \u00e9tait \u00e2g\u00e9 de 25&nbsp;ans il \u00e9tait n\u00e9 \u00e0&nbsp;<strong>Montreux-Vieux<\/strong>&nbsp;La population est tr\u00e8s surexcit\u00e9e. La gendarmerie de D\u00e9lle et la police ont pass\u00e9 la&nbsp;les lieux.<br \/>\nLa justice allemande a ouvert une enqu\u00eate.&nbsp;Le garde pr\u00e9tend avoir \u00e9t\u00e9 en \u00e9tat de l\u00e9gitime d\u00e9fense. Mais la douceur du caract\u00e8re&nbsp;de la victime para\u00eet d\u00e9mentir cette assertion.&nbsp;Le corps de B\u00e9lard est toujours sur le territoire annex\u00e9.<\/h4>\n<h6 style=\"text-align: left;\">Sources: Le Matin 16 mars 1909<\/h6>\n","protected":false},"excerpt":{"rendered":"<p>Un chasseur de Montreux-Vieux tu\u00e9 par un garde Allemand &nbsp; Hier apr\u00e8s-mid 15 mars 1909 , \u00e0&nbsp;Chavannes-les-Grands, deux cultivateurs,&nbsp;MM. Rosse et Henrissot, chassaient au; canard sur l&rsquo;extr\u00eame fronti\u00e8re, avec le domestique de M. Rosse, nomm\u00e9 B\u00e9l\u00e0rd, lorsqu&rsquo;\u00e0&nbsp;un certain moment, ce &hellip; <a href=\"https:\/\/montreux-vieux.net\/?page_id=11624\">Continuer la lecture <span class=\"meta-nav\">&rarr;<\/span><\/a><\/p>\n","protected":false},"author":1,"featured_media":0,"parent":13044,"menu_order":36,"comment_status":"closed","ping_status":"open","template":"","meta":{"footnotes":""},"class_list":["post-11624","page","type-page","status-publish","hentry"],"_links":{"self":[{"href":"https:\/\/montreux-vieux.net\/index.php?rest_route=\/wp\/v2\/pages\/11624","targetHints":{"allow":["GET"]}}],"collection":[{"href":"https:\/\/montreux-vieux.net\/index.php?rest_route=\/wp\/v2\/pages"}],"about":[{"href":"https:\/\/montreux-vieux.net\/index.php?rest_route=\/wp\/v2\/types\/page"}],"author":[{"embeddable":true,"href":"https:\/\/montreux-vieux.net\/index.php?rest_route=\/wp\/v2\/users\/1"}],"replies":[{"embeddable":true,"href":"https:\/\/montreux-vieux.net\/index.php?rest_route=%2Fwp%2Fv2%2Fcomments&post=11624"}],"version-history":[{"count":2,"href":"https:\/\/montreux-vieux.net\/index.php?rest_route=\/wp\/v2\/pages\/11624\/revisions"}],"predecessor-version":[{"id":13255,"href":"https:\/\/montreux-vieux.net\/index.php?rest_route=\/wp\/v2\/pages\/11624\/revisions\/13255"}],"up":[{"embeddable":true,"href":"https:\/\/montreux-vieux.net\/index.php?rest_route=\/wp\/v2\/pages\/13044"}],"wp:attachment":[{"href":"https:\/\/montreux-vieux.net\/index.php?rest_route=%2Fwp%2Fv2%2Fmedia&parent=11624"}],"curies":[{"name":"wp","href":"https:\/\/api.w.org\/{rel}","templated":true}]}}