{"id":11636,"date":"2018-11-02T12:01:02","date_gmt":"2018-11-02T11:01:02","guid":{"rendered":"http:\/\/montreux-vieux.net\/?page_id=11636"},"modified":"2020-06-13T10:27:49","modified_gmt":"2020-06-13T09:27:49","slug":"nouvel-incident-a-la-gare-de-montreux-vieux","status":"publish","type":"page","link":"https:\/\/montreux-vieux.net\/?page_id=11636","title":{"rendered":"Nouvel incident \u00e0 la gare de Montreux-Vieux"},"content":{"rendered":"\n<p>INCIDENTS DE FRONTI\u00c8RE {D\u00e9p\u00eache de notre correspondant) Belfort, 10 juin 1888. Depuis quelques jours, deux brigades d&rsquo;agents de la police allemande sont cantonn\u00e9es \u00e0 Montreux-Vieux. Ces brigades font la navette entre Mulhouse et Montreux-Vieux. La 1\u00e8re brigade arrive le matin et reste jus qu&rsquo;au soir ; la 2e arrive le soir et repart le matin. Les brigades d&rsquo;agents sont \u00e0 la disposition du commissaire de police de la gare de Montreux-Vieux; elles ont pour consigne de suivre jusqu&rsquo;\u00e0 Mulhouse ou plus loin les personnes qui paraissent suspectes. Cinq voyageurs ont \u00e9t\u00e9 arr\u00eat\u00e9s \u00e0 la fronti\u00e8re; on leur a permis de d\u00eener dans l\u00e0 gare avec d\u00e9fense d&rsquo;en sortir. Trois gendarmes et le commissaire les surveillaient pendant leur; repas. D\u00e8s qu&rsquo;il y eut un train pour Belfort, ordre leur fut donn\u00e9 de partir. Le commissaire de police.de Montreux-Vieux est tr\u00e8s connu des Alsaciens, et ils le redoutent. Ce commissaire \u00e9tait inspecteur&rsquo; du lait \u00e0 Mulhouse ; aussi l&rsquo;appellent-ils tous l&rsquo;homme au lait, Au dernier moment, j&rsquo;apprends que les brigades de gendarmerie viennent d&rsquo;\u00eatre renforc\u00e9es. Les trains d&rsquo;Alsace sont tr\u00e8s peu utilis\u00e9s.<\/p>\n\n\n\n<p>Sources&nbsp;: Le Petit Journal 12 juin 1888<\/p>\n\n\n<h3 style=\"text-align: center;\">Nouvel incident \u00e0 la gare de Montreux-Vieux<\/h3>\n<p style=\"text-align: center;\"><a href=\"http:\/\/montreux-vieux.net\/montreux-vieux.net\/wp-content\/uploads\/2018\/11\/gare03.jpg\" target=\"_blank\" rel=\"noopener noreferrer\"><img loading=\"lazy\" decoding=\"async\" class=\"aligncenter wp-image-11634 size-full\" src=\"http:\/\/montreux-vieux.net\/montreux-vieux.net\/wp-content\/uploads\/2018\/11\/gare03.jpg\" alt=\"\" width=\"920\" height=\"605\" srcset=\"https:\/\/montreux-vieux.net\/montreux-vieux.net\/wp-content\/uploads\/2018\/11\/gare03.jpg 920w, https:\/\/montreux-vieux.net\/montreux-vieux.net\/wp-content\/uploads\/2018\/11\/gare03-300x197.jpg 300w, https:\/\/montreux-vieux.net\/montreux-vieux.net\/wp-content\/uploads\/2018\/11\/gare03-768x505.jpg 768w, https:\/\/montreux-vieux.net\/montreux-vieux.net\/wp-content\/uploads\/2018\/11\/gare03-600x395.jpg 600w\" sizes=\"auto, (max-width: 920px) 100vw, 920px\" \/><\/a><\/p>\n<h4 style=\"text-align: justify;\">Belfort, 5 d\u00e9cembre 1888. D\u00e9cid\u00e9ment, la s\u00e9rie des incidents continue \u00e0 la gare de Montreux-Vieux. &#8211; Depuis qu&rsquo;un nouveau commissaire sp\u00e9cial est install\u00e9 gare, il se passe presque pas de jour qu&rsquo;on ne signale quelque incident nouveau. A pr\u00e9sent, c&rsquo;est au tour des enfants \u00e0 \u00eatre victimes des mauvais traitements des douaniers allemands.<\/h4>\n<h4 style=\"text-align: justify;\">Un petit gar\u00e7on de neuf ans, nomm\u00e9 Schuster, dont, les parents habitent l&rsquo;Alsace qui est \u00e9l\u00e8ve interne au lyc\u00e9e, avait \u00e9t\u00e9 appel\u00e9 dans sa famille. Arriv\u00e9 \u00e0 Montreux-Vieux apr\u00e8s avoir travers\u00e9 la salle des douanes pour se rendre dans la salie d\u2019attente l\u2019in\u00e9vitable commissaire. flanqu\u00e9 de demanda au petit son passeport. Naturellement l\u2019enfant qui \u00e9tait alsacien n\u2019en avait pas. L\u00e0-dessus il est brutalement repouss\u00e9. dans la salle des douanes mais l&rsquo;enfant proteste l&rsquo;un des gendarmes le gifle, Le petit est revenu tout en larmes au lyc\u00e9e; partant sur ses joues les traces des brutalit\u00e9s des agents allemands.<\/h4>\n<h6>Sources : Le matin 6 d\u00e9cembre 1888<\/h6>","protected":false},"excerpt":{"rendered":"<p>INCIDENTS DE FRONTI\u00c8RE {D\u00e9p\u00eache de notre correspondant) Belfort, 10 juin 1888. Depuis quelques jours, deux brigades d&rsquo;agents de la police allemande sont cantonn\u00e9es \u00e0 Montreux-Vieux. Ces brigades font la navette entre Mulhouse et Montreux-Vieux. La 1\u00e8re brigade arrive le matin &hellip; <a href=\"https:\/\/montreux-vieux.net\/?page_id=11636\">Continuer la lecture <span class=\"meta-nav\">&rarr;<\/span><\/a><\/p>\n","protected":false},"author":1,"featured_media":0,"parent":13013,"menu_order":42,"comment_status":"closed","ping_status":"open","template":"","meta":{"footnotes":""},"class_list":["post-11636","page","type-page","status-publish","hentry"],"_links":{"self":[{"href":"https:\/\/montreux-vieux.net\/index.php?rest_route=\/wp\/v2\/pages\/11636","targetHints":{"allow":["GET"]}}],"collection":[{"href":"https:\/\/montreux-vieux.net\/index.php?rest_route=\/wp\/v2\/pages"}],"about":[{"href":"https:\/\/montreux-vieux.net\/index.php?rest_route=\/wp\/v2\/types\/page"}],"author":[{"embeddable":true,"href":"https:\/\/montreux-vieux.net\/index.php?rest_route=\/wp\/v2\/users\/1"}],"replies":[{"embeddable":true,"href":"https:\/\/montreux-vieux.net\/index.php?rest_route=%2Fwp%2Fv2%2Fcomments&post=11636"}],"version-history":[{"count":3,"href":"https:\/\/montreux-vieux.net\/index.php?rest_route=\/wp\/v2\/pages\/11636\/revisions"}],"predecessor-version":[{"id":19689,"href":"https:\/\/montreux-vieux.net\/index.php?rest_route=\/wp\/v2\/pages\/11636\/revisions\/19689"}],"up":[{"embeddable":true,"href":"https:\/\/montreux-vieux.net\/index.php?rest_route=\/wp\/v2\/pages\/13013"}],"wp:attachment":[{"href":"https:\/\/montreux-vieux.net\/index.php?rest_route=%2Fwp%2Fv2%2Fmedia&parent=11636"}],"curies":[{"name":"wp","href":"https:\/\/api.w.org\/{rel}","templated":true}]}}