{"id":11642,"date":"2018-11-02T15:06:47","date_gmt":"2018-11-02T14:06:47","guid":{"rendered":"http:\/\/montreux-vieux.net\/?page_id=11642"},"modified":"2019-01-02T09:39:47","modified_gmt":"2019-01-02T08:39:47","slug":"une-mere-et-ses-deux-enfants-noyes-a-montreux-vieux","status":"publish","type":"page","link":"https:\/\/montreux-vieux.net\/?page_id=11642","title":{"rendered":"Une m\u00e8re et ses deux enfants noy\u00e9s \u00e0 Montreux-Vieux"},"content":{"rendered":"<h3 style=\"text-align: center;\">Une m\u00e8re et ses deux enfants noy\u00e9s \u00e0 Montreux-Vieux<\/h3>\n<p style=\"text-align: center;\"><a href=\"http:\/\/montreux-vieux.net\/montreux-vieux.net\/wp-content\/uploads\/2018\/11\/ScreenShot1370.jpg\" target=\"_blank\" rel=\"noopener\"><img loading=\"lazy\" decoding=\"async\" class=\"aligncenter wp-image-11640 size-full\" src=\"http:\/\/montreux-vieux.net\/montreux-vieux.net\/wp-content\/uploads\/2018\/11\/ScreenShot1370.jpg\" alt=\"\" width=\"765\" height=\"499\" srcset=\"https:\/\/montreux-vieux.net\/montreux-vieux.net\/wp-content\/uploads\/2018\/11\/ScreenShot1370.jpg 765w, https:\/\/montreux-vieux.net\/montreux-vieux.net\/wp-content\/uploads\/2018\/11\/ScreenShot1370-300x196.jpg 300w, https:\/\/montreux-vieux.net\/montreux-vieux.net\/wp-content\/uploads\/2018\/11\/ScreenShot1370-600x391.jpg 600w\" sizes=\"auto, (max-width: 765px) 100vw, 765px\" \/><\/a><\/p>\n<h4 style=\"text-align: justify;\">On a trouv\u00e9 dans le canal du Rh\u00f4ne-au-&nbsp;Rhin, \u00e0 600 m\u00e8tres de&nbsp;<strong>Montreux-Vieux,<\/strong>une petite voiture d&rsquo;enfant&nbsp;surnageant sur l&rsquo;eau.. Cette voiture contenait&nbsp;le cadavre d&rsquo;un enfant \u00e2g\u00e9 d&rsquo;un an environ,&nbsp;ainsi que divers objets d&rsquo;habillement appartenant \u00e0 un second enfant. Recherches faites, on a d\u00e9couvert le cadavre d&rsquo;une femme de quarante ans environ, ainsi que celui d&rsquo;un enfant de&nbsp;six ans. Les trois cadavres, qui semblent \u00eatre&nbsp;ceux d&rsquo;une m\u00e8re et de ses deux enfants, ont \u00e9t\u00e9&nbsp;retir\u00e9s de l&rsquo;eau.&nbsp;Cette famille n&rsquo;est pas connue dans le pavs ;&nbsp;on l&rsquo;a aper\u00e7ue rodant dans les environs et l&rsquo;on,&nbsp;craint \u00e0 un suicide.<\/h4>\n<h6>Sources: l\u2019Univers 24 jillet 1887<\/h6>\n","protected":false},"excerpt":{"rendered":"<p>Une m\u00e8re et ses deux enfants noy\u00e9s \u00e0 Montreux-Vieux On a trouv\u00e9 dans le canal du Rh\u00f4ne-au-&nbsp;Rhin, \u00e0 600 m\u00e8tres de&nbsp;Montreux-Vieux,une petite voiture d&rsquo;enfant&nbsp;surnageant sur l&rsquo;eau.. Cette voiture contenait&nbsp;le cadavre d&rsquo;un enfant \u00e2g\u00e9 d&rsquo;un an environ,&nbsp;ainsi que divers objets d&rsquo;habillement &hellip; <a href=\"https:\/\/montreux-vieux.net\/?page_id=11642\">Continuer la lecture <span class=\"meta-nav\">&rarr;<\/span><\/a><\/p>\n","protected":false},"author":1,"featured_media":0,"parent":13044,"menu_order":44,"comment_status":"closed","ping_status":"open","template":"","meta":{"footnotes":""},"class_list":["post-11642","page","type-page","status-publish","hentry"],"_links":{"self":[{"href":"https:\/\/montreux-vieux.net\/index.php?rest_route=\/wp\/v2\/pages\/11642","targetHints":{"allow":["GET"]}}],"collection":[{"href":"https:\/\/montreux-vieux.net\/index.php?rest_route=\/wp\/v2\/pages"}],"about":[{"href":"https:\/\/montreux-vieux.net\/index.php?rest_route=\/wp\/v2\/types\/page"}],"author":[{"embeddable":true,"href":"https:\/\/montreux-vieux.net\/index.php?rest_route=\/wp\/v2\/users\/1"}],"replies":[{"embeddable":true,"href":"https:\/\/montreux-vieux.net\/index.php?rest_route=%2Fwp%2Fv2%2Fcomments&post=11642"}],"version-history":[{"count":2,"href":"https:\/\/montreux-vieux.net\/index.php?rest_route=\/wp\/v2\/pages\/11642\/revisions"}],"predecessor-version":[{"id":13258,"href":"https:\/\/montreux-vieux.net\/index.php?rest_route=\/wp\/v2\/pages\/11642\/revisions\/13258"}],"up":[{"embeddable":true,"href":"https:\/\/montreux-vieux.net\/index.php?rest_route=\/wp\/v2\/pages\/13044"}],"wp:attachment":[{"href":"https:\/\/montreux-vieux.net\/index.php?rest_route=%2Fwp%2Fv2%2Fmedia&parent=11642"}],"curies":[{"name":"wp","href":"https:\/\/api.w.org\/{rel}","templated":true}]}}