{"id":11652,"date":"2018-11-02T16:12:17","date_gmt":"2018-11-02T15:12:17","guid":{"rendered":"http:\/\/montreux-vieux.net\/?page_id=11652"},"modified":"2019-01-03T10:12:34","modified_gmt":"2019-01-03T09:12:34","slug":"manoeuvre-a-la-frontiere-jusqua-la-limite-extreme","status":"publish","type":"page","link":"https:\/\/montreux-vieux.net\/?page_id=11652","title":{"rendered":"Manoeuvre \u00e0 la fronti\u00e8re jusqu&rsquo;\u00e0 la limite extr\u00e8me"},"content":{"rendered":"<h3 style=\"text-align: center;\">Manoeuvre \u00e0 la fronti\u00e8re jusqu&rsquo;\u00e0 la limite extr\u00e8me<\/h3>\n<p><a href=\"http:\/\/montreux-vieux.net\/montreux-vieux.net\/wp-content\/uploads\/2018\/11\/996_0011.jpg\" target=\"_blank\" rel=\"noopener\"><img loading=\"lazy\" decoding=\"async\" class=\"aligncenter wp-image-11649 size-full\" src=\"http:\/\/montreux-vieux.net\/montreux-vieux.net\/wp-content\/uploads\/2018\/11\/996_0011.jpg\" alt=\"\" width=\"1019\" height=\"681\" srcset=\"https:\/\/montreux-vieux.net\/montreux-vieux.net\/wp-content\/uploads\/2018\/11\/996_0011.jpg 1019w, https:\/\/montreux-vieux.net\/montreux-vieux.net\/wp-content\/uploads\/2018\/11\/996_0011-300x200.jpg 300w, https:\/\/montreux-vieux.net\/montreux-vieux.net\/wp-content\/uploads\/2018\/11\/996_0011-768x513.jpg 768w, https:\/\/montreux-vieux.net\/montreux-vieux.net\/wp-content\/uploads\/2018\/11\/996_0011-600x401.jpg 600w\" sizes=\"auto, (max-width: 1019px) 100vw, 1019px\" \/><\/a><\/p>\n<h4 style=\"text-align: justify;\">Belfort, 10 janvier.<\/h4>\n<h4 style=\"text-align: justify;\">Le r\u00e9giment de dragons badois no 22, en garnison \u00e0 Mulhouse, man\u0153uvrait hier dans la r\u00e9gion fronti\u00e8re&nbsp;comprise entre Altkirch et&nbsp;<strong>Montreux-Vieux.&nbsp;<\/strong>Un d\u00e9tachement de ce r\u00e9giment a pouss\u00e9 jusqu&rsquo;\u00e0 la limit\u00e9&nbsp;extr\u00eame.<\/h4>\n<h6>Sources: Le Temps&nbsp; 11 janvier 1906<\/h6>\n","protected":false},"excerpt":{"rendered":"<p>Manoeuvre \u00e0 la fronti\u00e8re jusqu&rsquo;\u00e0 la limite extr\u00e8me Belfort, 10 janvier. Le r\u00e9giment de dragons badois no 22, en garnison \u00e0 Mulhouse, man\u0153uvrait hier dans la r\u00e9gion fronti\u00e8re&nbsp;comprise entre Altkirch et&nbsp;Montreux-Vieux.&nbsp;Un d\u00e9tachement de ce r\u00e9giment a pouss\u00e9 jusqu&rsquo;\u00e0 la limit\u00e9&nbsp;extr\u00eame. &hellip; <a href=\"https:\/\/montreux-vieux.net\/?page_id=11652\">Continuer la lecture <span class=\"meta-nav\">&rarr;<\/span><\/a><\/p>\n","protected":false},"author":1,"featured_media":0,"parent":13130,"menu_order":32,"comment_status":"closed","ping_status":"open","template":"","meta":{"footnotes":""},"class_list":["post-11652","page","type-page","status-publish","hentry"],"_links":{"self":[{"href":"https:\/\/montreux-vieux.net\/index.php?rest_route=\/wp\/v2\/pages\/11652","targetHints":{"allow":["GET"]}}],"collection":[{"href":"https:\/\/montreux-vieux.net\/index.php?rest_route=\/wp\/v2\/pages"}],"about":[{"href":"https:\/\/montreux-vieux.net\/index.php?rest_route=\/wp\/v2\/types\/page"}],"author":[{"embeddable":true,"href":"https:\/\/montreux-vieux.net\/index.php?rest_route=\/wp\/v2\/users\/1"}],"replies":[{"embeddable":true,"href":"https:\/\/montreux-vieux.net\/index.php?rest_route=%2Fwp%2Fv2%2Fcomments&post=11652"}],"version-history":[{"count":2,"href":"https:\/\/montreux-vieux.net\/index.php?rest_route=\/wp\/v2\/pages\/11652\/revisions"}],"predecessor-version":[{"id":13405,"href":"https:\/\/montreux-vieux.net\/index.php?rest_route=\/wp\/v2\/pages\/11652\/revisions\/13405"}],"up":[{"embeddable":true,"href":"https:\/\/montreux-vieux.net\/index.php?rest_route=\/wp\/v2\/pages\/13130"}],"wp:attachment":[{"href":"https:\/\/montreux-vieux.net\/index.php?rest_route=%2Fwp%2Fv2%2Fmedia&parent=11652"}],"curies":[{"name":"wp","href":"https:\/\/api.w.org\/{rel}","templated":true}]}}