{"id":11659,"date":"2018-11-03T09:32:42","date_gmt":"2018-11-03T08:32:42","guid":{"rendered":"http:\/\/montreux-vieux.net\/?page_id=11659"},"modified":"2019-01-02T09:37:54","modified_gmt":"2019-01-02T08:37:54","slug":"un-train-de-marchandises-deraille-a-montreux-vieux","status":"publish","type":"page","link":"https:\/\/montreux-vieux.net\/?page_id=11659","title":{"rendered":"Un train de marchandises d\u00e9raille \u00e0 Montreux-Vieux"},"content":{"rendered":"<h3 style=\"text-align: center;\">Un train de marchandises d\u00e9raille \u00e0 Montreux-Vieux<\/h3>\n<p style=\"text-align: center;\"><a href=\"http:\/\/montreux-vieux.net\/montreux-vieux.net\/wp-content\/uploads\/2018\/10\/ScreenShot1278.jpg\" target=\"_blank\" rel=\"noopener\"><img loading=\"lazy\" decoding=\"async\" class=\"aligncenter wp-image-11243 size-full\" src=\"http:\/\/montreux-vieux.net\/montreux-vieux.net\/wp-content\/uploads\/2018\/10\/ScreenShot1278.jpg\" alt=\"\" width=\"738\" height=\"478\" srcset=\"https:\/\/montreux-vieux.net\/montreux-vieux.net\/wp-content\/uploads\/2018\/10\/ScreenShot1278.jpg 738w, https:\/\/montreux-vieux.net\/montreux-vieux.net\/wp-content\/uploads\/2018\/10\/ScreenShot1278-300x194.jpg 300w, https:\/\/montreux-vieux.net\/montreux-vieux.net\/wp-content\/uploads\/2018\/10\/ScreenShot1278-600x389.jpg 600w\" sizes=\"auto, (max-width: 738px) 100vw, 738px\" \/><\/a><\/p>\n<h4 style=\"text-align: justify;\">Un train de marchandises d\u00e9raille Le chef de train est bless\u00e9.&nbsp;Belfort 28 d\u00e9cembre.1936&nbsp; Le train de marchandises 4327 qui quitte Belfort \u00e0 9 h. 40 a d\u00e9raille ce matin vers 10 heures a l&rsquo;entr\u00e9e de la gare de&nbsp;<strong>Montreux-Vieux<\/strong>&nbsp;en se garant&nbsp;pour laisser passer l&rsquo;omnibus Nancy Mulhouse. La locomotive, le fourgon&nbsp;et trois wagons se sont couches,&nbsp;obstruant les voies montante et descendante de la ligne Mulhouse-Paris.&nbsp;Le chef de train Freyburger, de Mulhouse, a \u00e9t\u00e9 bless\u00e9 \u00e0 la t\u00eate et au bras.&nbsp;En attendant le d\u00e9blaiement, le passage des trains se fait par une vole rejoignant la grande ligne.<\/h4>\n<h6>Sources Le Matin 29 d\u00e9cembre 1936<\/h6>\n","protected":false},"excerpt":{"rendered":"<p>Un train de marchandises d\u00e9raille \u00e0 Montreux-Vieux Un train de marchandises d\u00e9raille Le chef de train est bless\u00e9.&nbsp;Belfort 28 d\u00e9cembre.1936&nbsp; Le train de marchandises 4327 qui quitte Belfort \u00e0 9 h. 40 a d\u00e9raille ce matin vers 10 heures a &hellip; <a href=\"https:\/\/montreux-vieux.net\/?page_id=11659\">Continuer la lecture <span class=\"meta-nav\">&rarr;<\/span><\/a><\/p>\n","protected":false},"author":1,"featured_media":0,"parent":13044,"menu_order":40,"comment_status":"closed","ping_status":"open","template":"","meta":{"footnotes":""},"class_list":["post-11659","page","type-page","status-publish","hentry"],"_links":{"self":[{"href":"https:\/\/montreux-vieux.net\/index.php?rest_route=\/wp\/v2\/pages\/11659","targetHints":{"allow":["GET"]}}],"collection":[{"href":"https:\/\/montreux-vieux.net\/index.php?rest_route=\/wp\/v2\/pages"}],"about":[{"href":"https:\/\/montreux-vieux.net\/index.php?rest_route=\/wp\/v2\/types\/page"}],"author":[{"embeddable":true,"href":"https:\/\/montreux-vieux.net\/index.php?rest_route=\/wp\/v2\/users\/1"}],"replies":[{"embeddable":true,"href":"https:\/\/montreux-vieux.net\/index.php?rest_route=%2Fwp%2Fv2%2Fcomments&post=11659"}],"version-history":[{"count":2,"href":"https:\/\/montreux-vieux.net\/index.php?rest_route=\/wp\/v2\/pages\/11659\/revisions"}],"predecessor-version":[{"id":13256,"href":"https:\/\/montreux-vieux.net\/index.php?rest_route=\/wp\/v2\/pages\/11659\/revisions\/13256"}],"up":[{"embeddable":true,"href":"https:\/\/montreux-vieux.net\/index.php?rest_route=\/wp\/v2\/pages\/13044"}],"wp:attachment":[{"href":"https:\/\/montreux-vieux.net\/index.php?rest_route=%2Fwp%2Fv2%2Fmedia&parent=11659"}],"curies":[{"name":"wp","href":"https:\/\/api.w.org\/{rel}","templated":true}]}}