{"id":11665,"date":"2018-11-03T09:57:31","date_gmt":"2018-11-03T08:57:31","guid":{"rendered":"http:\/\/montreux-vieux.net\/?page_id=11665"},"modified":"2020-10-01T15:29:24","modified_gmt":"2020-10-01T14:29:24","slug":"arrete-pour-avoir-crie-vive-la-france","status":"publish","type":"page","link":"https:\/\/montreux-vieux.net\/?page_id=11665","title":{"rendered":"Arr\u00eat\u00e9 pour avoir cri\u00e9 \u00ab\u00a0Vive la France\u00a0\u00bb"},"content":{"rendered":"<h3 style=\"text-align: center;\">Arr\u00eat\u00e9 pour avoir cri\u00e9 \u00ab\u00a0Vive la France\u00a0\u00bb<\/h3>\n<p><a href=\"http:\/\/montreux-vieux.net\/montreux-vieux.net\/wp-content\/uploads\/2018\/11\/ScreenShot1186.jpg\" target=\"_blank\" rel=\"noopener noreferrer\"><img loading=\"lazy\" decoding=\"async\" class=\"aligncenter wp-image-11662 size-full\" src=\"http:\/\/montreux-vieux.net\/montreux-vieux.net\/wp-content\/uploads\/2018\/11\/ScreenShot1186.jpg\" alt=\"\" width=\"490\" height=\"306\" srcset=\"https:\/\/montreux-vieux.net\/montreux-vieux.net\/wp-content\/uploads\/2018\/11\/ScreenShot1186.jpg 490w, https:\/\/montreux-vieux.net\/montreux-vieux.net\/wp-content\/uploads\/2018\/11\/ScreenShot1186-300x187.jpg 300w\" sizes=\"auto, (max-width: 490px) 100vw, 490px\" \/><\/a><\/p>\n<h3 style=\"text-align: justify;\">On \u00e9crit de\u00a0<strong>Montreux-Vieux<\/strong>\u00a0\u00e0 l&rsquo;Express, de Mulhouse<\/h3>\n<h3 style=\"text-align: justify;\">Le 11 juin, un \u00e9tudiant suisse, venant de France\u00bb voulut passer la fronti\u00e8re. Connue il n&rsquo;\u00e9tait pas muni du passeport r\u00e9glementaire et qu&rsquo;il n&rsquo;avait m\u00eame pas de papiers constatant son identit\u00e9, le commissaire de police pr\u00e9pos\u00e9 \u00e0 la fronti\u00e8re l&rsquo;invita \u00e0 prendre la ligne de Delle pour rentrer dans son pays. L&rsquo;\u00e9tudiant monta dans le train suivant qui faisait route pour Belfort. Mais au moment o\u00f9 le convoi se mettait en marche, le jeune homme mit la t\u00eate \u00e0 la porti\u00e8re et poussa un cri retentissant de \u00ab Vive la France! \u00bb Le gendarme stationn\u00e9 sur le perron fit donner au train le signal d&rsquo;arr\u00eat, signal que le m\u00e9canicien ne comprit pas, sans doute, car la locomotive n&rsquo;en continua pas moins on chemin. On allait franchir la derni\u00e8re barri\u00e8re allemande, quand le garde qui, lui, avait entendu le signal, planta sur la voie, son drapeau rouge. Le train stoppa. Le gendarme accourut, fit descendre notre \u00e9tudiant de wagon et le ramena \u00e0 <strong>Montreux-Vieux,<\/strong> o\u00f9 il l&rsquo;incarc\u00e9ra provisoirement, en attendant son transfert \u00e0 Mulhouse.<\/h3>\n<h4>Le Temps\u00a0 15 juin 1889<\/h4>\n<p style=\"text-align: justify; line-height: 18.0pt; background: white; margin: 6.0pt 0cm 6.0pt 0cm;\"><span style=\"font-family: 'Arial','sans-serif'; color: #4d4d4d; background: white;\">Mulhouse,14 juin. \u2014 Un -incident, qui marque bien l\u2019\u00e9tat d\u2019esprit de la jeunesse suisse vis-\u00e0-vis de l\u2019Allemagne, vient de se produire-\u00e0-Montreux-Vieux. Voici-le fait : Le 11 juin, un \u00e9tudiant suisse, venant de France, voulut passer, la fronti\u00e8re. Comme il n\u2019\u00e9tait pas muni du passeport r\u00e9glementaire et qu\u2019il n\u2019avait m\u00eame pas de papiers constatant son identit\u00e9, le commissaire de police pr\u00e9pos\u00e9 \u00e0 la fronti\u00e8re l\u2019invita \u00e0 prendre la ligne de Delle pour rentrer dans son pays. L\u2019\u00e9tudiant monta dans le train suivant qui faisait route pour Belfort. Mais au moment o\u00f9 le convoi se mettait en mar che, le jeune homme mit la t\u00eate \u00e0 la porti\u00e8re et poussa un cri retentissant de : \u00abVive la France! \u00bb Le gendarme stationn\u00e9 sur le perron fit donner au train le signal d\u2019arr\u00eat, signal que je m\u00e9canicien ne comprit pas, sans doute, car la locomotive n\u2019en continua pas moins son chemin. On allait franchir la derni\u00e8re barri\u00e8re allemande, quand le garde qui, lui, avait entendu le signal, planta sur la voie sou drapeau rouge. Le train stoppa. Le gendarme accourut, fit descendre l\u2019\u00e9tudiant de wagon et le ra mena \u00e0 Montreux-Vieux, o\u00f9 il l\u2019incarc\u00e9ra provisoirement, en attendant son transfert a Mulhouse.<\/span><\/p>\n<p style=\"text-align: justify; line-height: 18.0pt; background: white; margin: 6.0pt 0cm 6.0pt 0cm;\"><span style=\"font-family: 'Arial','sans-serif'; color: #4d4d4d; background: white;\">Sources\u00a0: L\u2019Intransigeant 16 juin 1889<\/span><\/p>\n<p style=\"text-align: justify; line-height: 18.0pt; background: white; margin: 6.0pt 0cm 6.0pt 0cm;\"><span style=\"font-family: 'Arial','sans-serif'; color: #4d4d4d;\">Notre correspondant de Montreux-Vieux a signal\u00e9 r\u00e9cemment le fait de cet \u00e9tudiant suisse qui, refoul\u00e9 \u00e0 la fronti\u00e8re, a \u00e9t\u00e9 oblig\u00e9 de se rembarquer dans le train retourner \u00e0 Belfort, et qui pour manifester son m\u00e9contentement s&rsquo;est mis \u00e0 pousser des cris de ; Vive la France I Cet \u00e9tudiant se nomme Henri-Louis Perret, de Lausanne, \u00e2g\u00e9 de 20 ans, \u00e9tudiant en m\u00e9decine \u00e0 B\u00e2le. Il comparait aujourd\u2019hui sous la pr\u00e9vention de cris s\u00e9ditieux, Le tribunal, le reconnaissant coupable, prononce contre lui une peine de trois mois de prison et de 16 mark d\u2019amende.<\/span><\/p>\n<h3 style=\"text-align: justify; line-height: 18.0pt; background: white; margin: 6.0pt 0cm 6.0pt 0cm;\"><span style=\"font-family: 'Arial','sans-serif'; color: #4d4d4d;\">Sources\u00a0: Express 21 juin 1889<\/span><\/h3>\n<h3 style=\"text-align: justify;\">Alsace-Lorraine.<\/h3>\n<h3 style=\"text-align: justify;\">Le gouvernement d&rsquo;Alsace-Lorraine vient de gracier l&rsquo;\u00e9tudiant suisse de l&rsquo;Universit\u00e9 de B\u00e2le, qui avait, on s&rsquo;en souvient, prof\u00e9r\u00e9 le cri s\u00e9ditieux de :\u00ab Vive la France\u00a0\u00bb dans le train, qui le refoulait sur le territoire fran\u00e7ais, pour s&rsquo;\u00eatre permis de p\u00e9n\u00e9trer en Alsace par <strong>Montreux-Vieux,<\/strong>\u00a0sans passeport.<\/h3>\n<h3 style=\"text-align: justify;\">Le train avait \u00e9t\u00e9 arr\u00eat\u00e9 par signal d&rsquo;arr\u00eat \u00e0\u00a0peu de distance de la fronti\u00e8re, et le d\u00e9linquant retir\u00e9 de son compartiment et conduit\u00a0\u00e0 Mulhouse. Condamn\u00e9 a six mois de prison,\u00a0cet \u00e9tudiant, apr\u00e8s quelques jours de libert\u00e9\u00a0sous caution, revint \u00e0 Mulhouse purger sa\u00a0peine.<br \/>\nIl a \u00e9t\u00e9 remis en libert\u00e9 vendredi.<\/h3>\n<h4>Journal des d\u00e9bats politiques et litt\u00e9raires 02 septembre 1889<\/h4>\n<p>L&rsquo;AFFAIRE DE MONTBEUX-VIEUX<\/p>\n<p>L&rsquo;\u00e9tudiant suisse. \u2014 Relax\u00e9 contre cautionnement.<\/p>\n<p>(DE NOTRE CORRESPONDANT PARTICULIER) Belfort, 25 juin.<\/p>\n<p>Louis-Henri Perret, de Lausanne, \u00e9tudiant \u00e0 la Facult\u00e9 de m\u00e9decine de Baie, qui vient d&rsquo;\u00eatre condamn\u00e9 \u00e0 trois mois de prison et seize marks d&rsquo;amende pour avoir cri\u00e9: \u00ab\u00a0Vive la France \u00bb, \u00e0 Montreux-Vieux, vient d&rsquo;\u00eatre relax\u00e9.<\/p>\n<p>Perret n&rsquo;a d\u00fb sa libert\u00e9 qu&rsquo;a la condition de verser un cautionnement de 10,000 marks.<\/p>\n<p>Il est probable que les Allemands ne reverront pas leur victime. Une cotisation des \u00e9tudiants suisses parlera la somme de 10,000 marks pour lib\u00e9rer leur compatriote et condisciple.<\/p>\n<p>Sources\u00a0: Le XIX Si\u00e8cle 27 juin 1889<\/p>\n","protected":false},"excerpt":{"rendered":"<p>Arr\u00eat\u00e9 pour avoir cri\u00e9 \u00ab\u00a0Vive la France\u00a0\u00bb On \u00e9crit de\u00a0Montreux-Vieux\u00a0\u00e0 l&rsquo;Express, de Mulhouse Le 11 juin, un \u00e9tudiant suisse, venant de France\u00bb voulut passer la fronti\u00e8re. Connue il n&rsquo;\u00e9tait pas muni du passeport r\u00e9glementaire et qu&rsquo;il n&rsquo;avait m\u00eame pas de &hellip; <a href=\"https:\/\/montreux-vieux.net\/?page_id=11665\">Continuer la lecture <span class=\"meta-nav\">&rarr;<\/span><\/a><\/p>\n","protected":false},"author":1,"featured_media":0,"parent":13044,"menu_order":74,"comment_status":"closed","ping_status":"open","template":"","meta":{"footnotes":""},"class_list":["post-11665","page","type-page","status-publish","hentry"],"_links":{"self":[{"href":"https:\/\/montreux-vieux.net\/index.php?rest_route=\/wp\/v2\/pages\/11665","targetHints":{"allow":["GET"]}}],"collection":[{"href":"https:\/\/montreux-vieux.net\/index.php?rest_route=\/wp\/v2\/pages"}],"about":[{"href":"https:\/\/montreux-vieux.net\/index.php?rest_route=\/wp\/v2\/types\/page"}],"author":[{"embeddable":true,"href":"https:\/\/montreux-vieux.net\/index.php?rest_route=\/wp\/v2\/users\/1"}],"replies":[{"embeddable":true,"href":"https:\/\/montreux-vieux.net\/index.php?rest_route=%2Fwp%2Fv2%2Fcomments&post=11665"}],"version-history":[{"count":7,"href":"https:\/\/montreux-vieux.net\/index.php?rest_route=\/wp\/v2\/pages\/11665\/revisions"}],"predecessor-version":[{"id":21239,"href":"https:\/\/montreux-vieux.net\/index.php?rest_route=\/wp\/v2\/pages\/11665\/revisions\/21239"}],"up":[{"embeddable":true,"href":"https:\/\/montreux-vieux.net\/index.php?rest_route=\/wp\/v2\/pages\/13044"}],"wp:attachment":[{"href":"https:\/\/montreux-vieux.net\/index.php?rest_route=%2Fwp%2Fv2%2Fmedia&parent=11665"}],"curies":[{"name":"wp","href":"https:\/\/api.w.org\/{rel}","templated":true}]}}