{"id":11676,"date":"2018-11-03T13:41:19","date_gmt":"2018-11-03T12:41:19","guid":{"rendered":"http:\/\/montreux-vieux.net\/?page_id=11676"},"modified":"2019-01-02T09:41:55","modified_gmt":"2019-01-02T08:41:55","slug":"un-industriel-incendiaire-a-montreux-vieux","status":"publish","type":"page","link":"https:\/\/montreux-vieux.net\/?page_id=11676","title":{"rendered":"Un industriel incendiaire \u00e0 Montreux-Vieux"},"content":{"rendered":"<h3 style=\"text-align: center;\">Un industriel incendiaire \u00e0 Montreux-Vieux<\/h3>\n<h4 style=\"text-align: justify;\"><a href=\"http:\/\/montreux-vieux.net\/montreux-vieux.net\/wp-content\/uploads\/2018\/11\/ScreenShot367.jpg\" target=\"_blank\" rel=\"noopener\"><img loading=\"lazy\" decoding=\"async\" class=\"aligncenter wp-image-11673 size-full\" src=\"http:\/\/montreux-vieux.net\/montreux-vieux.net\/wp-content\/uploads\/2018\/11\/ScreenShot367.jpg\" alt=\"\" width=\"926\" height=\"565\" srcset=\"https:\/\/montreux-vieux.net\/montreux-vieux.net\/wp-content\/uploads\/2018\/11\/ScreenShot367.jpg 926w, https:\/\/montreux-vieux.net\/montreux-vieux.net\/wp-content\/uploads\/2018\/11\/ScreenShot367-300x183.jpg 300w, https:\/\/montreux-vieux.net\/montreux-vieux.net\/wp-content\/uploads\/2018\/11\/ScreenShot367-768x469.jpg 768w, https:\/\/montreux-vieux.net\/montreux-vieux.net\/wp-content\/uploads\/2018\/11\/ScreenShot367-600x366.jpg 600w\" sizes=\"auto, (max-width: 926px) 100vw, 926px\" \/><\/a><\/h4>\n<h4 style=\"text-align: justify;\">La police mobile de Strasbourg a arr\u00eat\u00e9 hier M. Xavier-BuerckIe, ing\u00e9nieur chimste et industriel \u00e0 Masevaux, qui est accus\u00e9 d&rsquo;avoir&nbsp;mis le feu \u00e0 une usine lui appartenant, \u00e0&nbsp;<strong>Montreux-Vieux,<\/strong>&nbsp;pr\u00e8s d&rsquo;Altkirch.<\/h4>\n<h4 style=\"text-align: justify;\">Il &nbsp;y a environ deux ans, son usine de lavage&nbsp;de chiffns, \u00e0 Massvaux, br\u00fbla. Buerckie toucha, de l&rsquo;assurahce, une forte somme qui lui&nbsp;permit de construire une nouvelle usine, plus&nbsp;moderne, mieux outill\u00e9e.<\/h4>\n<h4 style=\"text-align: justify;\">Peu apr\u00e8s, Buerckie devint administrateur&nbsp;d&rsquo;une usine de&nbsp;<strong>Montreux-Vieux,<\/strong>&nbsp;celle qui a&nbsp;brul\u00e9 il y a trois semaines. La rumeur publique&nbsp;accusa Buerckie de ce nouvel Incendie. M.&nbsp;Uhring, commissaire de la poli\u00e7e mobile, ouvrit une enqu\u00eate et acquit bient\u00f4t la conviction&nbsp;que l&rsquo;industriel \u00e9tait l&rsquo;auteur de l&rsquo;incendie.<\/h4>\n<h6><strong>Journal des d\u00e9bats politiques et litt\u00e9raires0 7 avril 1929<\/strong><\/h6>\n","protected":false},"excerpt":{"rendered":"<p>Un industriel incendiaire \u00e0 Montreux-Vieux La police mobile de Strasbourg a arr\u00eat\u00e9 hier M. Xavier-BuerckIe, ing\u00e9nieur chimste et industriel \u00e0 Masevaux, qui est accus\u00e9 d&rsquo;avoir&nbsp;mis le feu \u00e0 une usine lui appartenant, \u00e0&nbsp;Montreux-Vieux,&nbsp;pr\u00e8s d&rsquo;Altkirch. Il &nbsp;y a environ deux ans, &hellip; <a href=\"https:\/\/montreux-vieux.net\/?page_id=11676\">Continuer la lecture <span class=\"meta-nav\">&rarr;<\/span><\/a><\/p>\n","protected":false},"author":1,"featured_media":0,"parent":13044,"menu_order":48,"comment_status":"closed","ping_status":"open","template":"","meta":{"footnotes":""},"class_list":["post-11676","page","type-page","status-publish","hentry"],"_links":{"self":[{"href":"https:\/\/montreux-vieux.net\/index.php?rest_route=\/wp\/v2\/pages\/11676","targetHints":{"allow":["GET"]}}],"collection":[{"href":"https:\/\/montreux-vieux.net\/index.php?rest_route=\/wp\/v2\/pages"}],"about":[{"href":"https:\/\/montreux-vieux.net\/index.php?rest_route=\/wp\/v2\/types\/page"}],"author":[{"embeddable":true,"href":"https:\/\/montreux-vieux.net\/index.php?rest_route=\/wp\/v2\/users\/1"}],"replies":[{"embeddable":true,"href":"https:\/\/montreux-vieux.net\/index.php?rest_route=%2Fwp%2Fv2%2Fcomments&post=11676"}],"version-history":[{"count":2,"href":"https:\/\/montreux-vieux.net\/index.php?rest_route=\/wp\/v2\/pages\/11676\/revisions"}],"predecessor-version":[{"id":13260,"href":"https:\/\/montreux-vieux.net\/index.php?rest_route=\/wp\/v2\/pages\/11676\/revisions\/13260"}],"up":[{"embeddable":true,"href":"https:\/\/montreux-vieux.net\/index.php?rest_route=\/wp\/v2\/pages\/13044"}],"wp:attachment":[{"href":"https:\/\/montreux-vieux.net\/index.php?rest_route=%2Fwp%2Fv2%2Fmedia&parent=11676"}],"curies":[{"name":"wp","href":"https:\/\/api.w.org\/{rel}","templated":true}]}}