{"id":11683,"date":"2018-11-03T15:23:55","date_gmt":"2018-11-03T14:23:55","guid":{"rendered":"http:\/\/montreux-vieux.net\/?page_id=11683"},"modified":"2020-09-15T17:36:26","modified_gmt":"2020-09-15T16:36:26","slug":"une-quarantaine-de-forcats-a-montreux-vieux","status":"publish","type":"page","link":"https:\/\/montreux-vieux.net\/?page_id=11683","title":{"rendered":"Une quarantaine de for\u00e7ats \u00e0 Montreux-Vieux."},"content":{"rendered":"<h3 style=\"text-align: center;\">Une quarantaine de for\u00e7ats \u00e0 Montreux-Vieux.<\/h3>\n<h4 style=\"text-align: justify;\"><a href=\"http:\/\/montreux-vieux.net\/montreux-vieux.net\/wp-content\/uploads\/2018\/11\/ScreenShot1374.jpg\" target=\"_blank\" rel=\"noopener noreferrer\"><img loading=\"lazy\" decoding=\"async\" class=\"aligncenter wp-image-11679 size-medium\" src=\"http:\/\/montreux-vieux.net\/montreux-vieux.net\/wp-content\/uploads\/2018\/11\/ScreenShot1374-300x191.jpg\" alt=\"\" width=\"300\" height=\"191\" srcset=\"https:\/\/montreux-vieux.net\/montreux-vieux.net\/wp-content\/uploads\/2018\/11\/ScreenShot1374-300x191.jpg 300w, https:\/\/montreux-vieux.net\/montreux-vieux.net\/wp-content\/uploads\/2018\/11\/ScreenShot1374-600x383.jpg 600w, https:\/\/montreux-vieux.net\/montreux-vieux.net\/wp-content\/uploads\/2018\/11\/ScreenShot1374.jpg 657w\" sizes=\"auto, (max-width: 300px) 100vw, 300px\" \/><\/a><br \/>\nNous avons assist\u00e9 jeudi \u00e0 un \u00e9trange spectacle, capable d&rsquo;\u00e9mouvoir les philosophes qui se\u00a0sont donn\u00e9 mission d&rsquo;\u00e9tudier les m\u0153urs et de\u00a0sonder les plaies de l&rsquo;humanit\u00e9. Une huitaine de\u00a0gendarmes et autant de soldats arm\u00e9s conduisaient \u00e0 la gare une quarantaine de for\u00e7ats\u00a0marchant en colonne et attach\u00e9s deux par deux\u00a0\u00e0 l&rsquo;aide de cha\u00eenettes cadenass\u00e9es aux poignets.\u00a0Six de ces malheureux \u00e9taient en outre reli\u00e9s\u00a0ensemble par une forte cha\u00eene.<\/h4>\n<h4 style=\"text-align: justify;\">Ces individus sont des Alsaciens qui avaient\u00a0opt\u00e9 pour l&rsquo;Allemagne et que le gouvernement\u00a0fran\u00e7ais a ramen\u00e9s de Cayenne pour les livrer\u00a0au gouvernement allemand. La force arm\u00e9e, qui\u00a0les conduisait \u00e0 la gare, les a acompagn\u00e9s jusqu&rsquo;\u00e0\u00a0<strong>Montreux-Vieux,<\/strong>\u00a0o\u00f9 ils ont \u00e9t\u00e9 mis entre les. mains de la gendarmerie prussienne.<\/h4>\n<p><!--more--><\/p>\n<h4 style=\"text-align: justify;\">Le costume de ces for\u00e7ats .\u00e9tait celui ci :\u00a0coiffure : chapeau de paille; v\u00eatement : vareuse\u00a0et pantalon de coutil gris. ILs portaient de la\u00a0main qui \u00e9tait libre de petits sacs ou des mouchoirs nou\u00e9s paraissant contenir du linge. Il y\u00a0en avait parmi eux qui sont tr\u00e8s-\u00e2g\u00e9s. Plusieurs\u00a0marchaient la t\u00eate baiss\u00e9e; quelques-uns avaient\u00a0l&rsquo;air insolent.<\/h4>\n<h4 style=\"text-align: justify;\">C&rsquo;\u00e9tait, nous a-t-on dit, le 5e ou le 68 cort\u00e8ge\u00a0de ce genre qui a \u00e9t\u00e9 exp\u00e9di\u00e9 dans les landes\u00a0de la Pom\u00e9ranie. En \u00e9change, la France a re\u00e7u\u00a0un certain nombre de pensionnaires d&rsquo;Ensisheim, n\u00e9s en France, qui ont \u00e9t\u00e9 intern\u00e9s \u00e0\u00a0Clairvaux ou ailleurs.<\/h4>\n<h4 style=\"text-align: justify;\">Il nous semble que le trait\u00e9 de Francfort aurait pu, sans froisser aucune convenance diplomatique, ne pas \u00eatre appliqu\u00e9 \u00e0 cette cat\u00e9gorie\u00a0d&rsquo;individus. La loi fran\u00e7aise les a \u00e9loign\u00e9s de la\u00a0soci\u00e9t\u00e9 non comme des Alsaciens, mais comme\u00a0des voleurs.<\/h4>\n<h4 style=\"text-align: justify;\">Elle frappe d&rsquo;habitude indistinctement ceux\u00a0qui se rendent coupables de ses s\u00e9v\u00e9rit\u00e9s sans\u00a0se soucier de leur nationalit\u00e9. Si, par exemple,\u00a0la cour d&rsquo;assises de Vesoul condamne un mis\u00e9rable d&rsquo;origine prussienne \u00a0conduira-t-on le\u00a0condamn\u00e9 \u00e0 la fronti\u00e8res ? Non. Ne devrait-il\u00a0pas en \u00eatre de m\u00eame pour ceux que nos tribunaux ont frapp\u00e9s avant l&rsquo;annexion?\u00a0On pouvait nous \u00e9viter des spectacles de ce\u00a0genre, qui n&rsquo;ont rien de bien attrayant.<\/h4>\n<h4 style=\"text-align: justify;\">Il y a quelque temps, un de ces for\u00e7ats, tr\u00e8s-\u00e2g\u00e9, a d\u00fb \u00eatre transport\u00e9 \u00e0 l&rsquo;h\u00f4pital sur une\u00a0civi\u00e8re, vu son \u00e9tat maladif. Il est mort deux\u00a0jours apr\u00e8s,<\/h4>\n<h6>Le XIXe si\u00e8cle : journal quotidien politique et litt\u00e9raire \/\u00a0 24 septembre 1873<\/h6>\n<p style=\"text-align: justify; line-height: 18.0pt; background: white; margin: 6.0pt 0cm 6.0pt 0cm;\"><span style=\"font-family: 'Arial','sans-serif'; color: #4d4d4d;\">A propos de la remise aux autorit\u00e9s russes, par les g\u00e9n\u00e9raux japonais, des for\u00e7ats de Sakhaline, nous avons publi\u00e9 d\u00e9j\u00e0 une int\u00e9ressante communication qui fixe le \u00ab droit des gens \u00bb en la mati\u00e8re. Voici une nouvelle r\u00e9ponse qui illustre la th\u00e9orie en \u00e9voquant d&rsquo;anciens et p\u00e9ni bles souvenirs :<\/span><\/p>\n<p style=\"text-align: justify; line-height: 18.0pt; background: white; margin: 6.0pt 0cm 6.0pt 0cm;\"><span style=\"font-family: 'Arial','sans-serif'; color: #4d4d4d;\">Belfort.<\/span><\/p>\n<p style=\"text-align: justify; line-height: 18.0pt; background: white; margin: 6.0pt 0cm 6.0pt 0cm;\"><span style=\"font-family: 'Arial','sans-serif'; color: #4d4d4d;\">Mon cher confr\u00e8re,<\/span><\/p>\n<p style=\"text-align: justify; line-height: 18.0pt; background: white; margin: 6.0pt 0cm 6.0pt 0cm;\"><span style=\"font-family: 'Arial','sans-serif'; color: #4d4d4d;\">Je lis \u00e0 Belfort, o\u00f9 je me trouve en ce moment, votre entrefilet relatif aux Japonais prenant Sakhaline et en \u00ab \u00e9purant \u00bb les for\u00e7ats qui s&rsquo;y trouvent pour les rendre aux Russes. Vous demandez si le droit des gens pr\u00e9voit le cas. Il existe tout au moins un pr\u00e9c\u00e9dent qu&rsquo;un souvenir local de la guerre de 1870-1871 me permet de vous signaler. Le 18 septembre 1873, la population belfortaine assistait \u00e0 un \u00e9trange spectacle. Huit gendarmes et autant de soldats arm\u00e9s conduisaient de la prison \u00e0 la gare une quarantaine de for\u00e7ats marchant en colonnes et attach\u00e9s deux \u00e0 deux par des cha\u00eenes. Ces individus \u00e9taient des Alsaciens ayant opt\u00e9 pour l&rsquo;Allemagne et ramen\u00e9s de Cayenne par le gouvernement fran\u00e7ais pour les livrer au gouvernement allemand. La force arm\u00e9e qui les encadrait les accompagna jusqu&rsquo;\u00e0 Montreux-Vieux, o\u00f9 ils furent remis aux autorit\u00e9s prussiennes. Ce cort\u00e8ge \u00e9tait le sixi\u00e8me de ce genre. Comme les autres, il fut exp\u00e9di\u00e9 dans les landes de Pom\u00e9ranie. En \u00e9change, la France re\u00e7ut un certain nombre de pensionnaires de la maison de d\u00e9tention d&rsquo; Ensisheim, n\u00e9s en France, et qui furent intern\u00e9s \u00e0 Clairvaux ou ailleurs. Vous voyez, mon cher confr\u00e8re, que les Japonais n&rsquo;ont pas institu\u00e9 une proc\u00e9dure nationale en se d\u00e9barrassant des for\u00e7ats trouv\u00e9s dans les bagnes de Sakhaline. Cordialement \u00e0 vous. Georges Spitzmuller.<\/span><\/p>\n<p style=\"text-align: justify; line-height: 18.0pt; background: white; margin: 6.0pt 0cm 6.0pt 0cm;\"><span style=\"font-family: 'Arial','sans-serif'; color: #4d4d4d;\">Sources\u00a0: Le Figaro 21 ao\u00fbt 1905<\/span><\/p>\n","protected":false},"excerpt":{"rendered":"<p>Une quarantaine de for\u00e7ats \u00e0 Montreux-Vieux. Nous avons assist\u00e9 jeudi \u00e0 un \u00e9trange spectacle, capable d&rsquo;\u00e9mouvoir les philosophes qui se\u00a0sont donn\u00e9 mission d&rsquo;\u00e9tudier les m\u0153urs et de\u00a0sonder les plaies de l&rsquo;humanit\u00e9. Une huitaine de\u00a0gendarmes et autant de soldats arm\u00e9s conduisaient &hellip; <a href=\"https:\/\/montreux-vieux.net\/?page_id=11683\">Continuer la lecture <span class=\"meta-nav\">&rarr;<\/span><\/a><\/p>\n","protected":false},"author":1,"featured_media":0,"parent":13013,"menu_order":30,"comment_status":"closed","ping_status":"open","template":"","meta":{"footnotes":""},"class_list":["post-11683","page","type-page","status-publish","hentry"],"_links":{"self":[{"href":"https:\/\/montreux-vieux.net\/index.php?rest_route=\/wp\/v2\/pages\/11683","targetHints":{"allow":["GET"]}}],"collection":[{"href":"https:\/\/montreux-vieux.net\/index.php?rest_route=\/wp\/v2\/pages"}],"about":[{"href":"https:\/\/montreux-vieux.net\/index.php?rest_route=\/wp\/v2\/types\/page"}],"author":[{"embeddable":true,"href":"https:\/\/montreux-vieux.net\/index.php?rest_route=\/wp\/v2\/users\/1"}],"replies":[{"embeddable":true,"href":"https:\/\/montreux-vieux.net\/index.php?rest_route=%2Fwp%2Fv2%2Fcomments&post=11683"}],"version-history":[{"count":4,"href":"https:\/\/montreux-vieux.net\/index.php?rest_route=\/wp\/v2\/pages\/11683\/revisions"}],"predecessor-version":[{"id":21006,"href":"https:\/\/montreux-vieux.net\/index.php?rest_route=\/wp\/v2\/pages\/11683\/revisions\/21006"}],"up":[{"embeddable":true,"href":"https:\/\/montreux-vieux.net\/index.php?rest_route=\/wp\/v2\/pages\/13013"}],"wp:attachment":[{"href":"https:\/\/montreux-vieux.net\/index.php?rest_route=%2Fwp%2Fv2%2Fmedia&parent=11683"}],"curies":[{"name":"wp","href":"https:\/\/api.w.org\/{rel}","templated":true}]}}