{"id":11689,"date":"2018-11-04T09:03:22","date_gmt":"2018-11-04T08:03:22","guid":{"rendered":"http:\/\/montreux-vieux.net\/?page_id=11689"},"modified":"2019-01-03T10:37:37","modified_gmt":"2019-01-03T09:37:37","slug":"un-garconnet-trouve-sous-une-bache-a-montreux-vieux","status":"publish","type":"page","link":"https:\/\/montreux-vieux.net\/?page_id=11689","title":{"rendered":"Un gar\u00e7onnet trouv\u00e9 sous une b\u00e2che \u00e0 Montreux-Vieux"},"content":{"rendered":"<h3 style=\"text-align: center;\">Un gar\u00e7onnet trouv\u00e9 sous une b\u00e2che \u00e0 Montreux-Vieux<\/h3>\n<p><a href=\"http:\/\/montreux-vieux.net\/montreux-vieux.net\/wp-content\/uploads\/2018\/11\/ScreenShot1375.jpg\" target=\"_blank\" rel=\"noopener\"><img loading=\"lazy\" decoding=\"async\" class=\"aligncenter wp-image-11686 size-full\" src=\"http:\/\/montreux-vieux.net\/montreux-vieux.net\/wp-content\/uploads\/2018\/11\/ScreenShot1375.jpg\" alt=\"\" width=\"978\" height=\"637\" srcset=\"https:\/\/montreux-vieux.net\/montreux-vieux.net\/wp-content\/uploads\/2018\/11\/ScreenShot1375.jpg 978w, https:\/\/montreux-vieux.net\/montreux-vieux.net\/wp-content\/uploads\/2018\/11\/ScreenShot1375-300x195.jpg 300w, https:\/\/montreux-vieux.net\/montreux-vieux.net\/wp-content\/uploads\/2018\/11\/ScreenShot1375-768x500.jpg 768w, https:\/\/montreux-vieux.net\/montreux-vieux.net\/wp-content\/uploads\/2018\/11\/ScreenShot1375-600x391.jpg 600w\" sizes=\"auto, (max-width: 978px) 100vw, 978px\" \/><\/a><\/p>\n<h4 style=\"text-align: justify;\">Hier, \u00e0&nbsp;<strong>Montreux-Vieux,<\/strong>&nbsp;gare fronti\u00e8re, des douaniers allemands ont trouv\u00e9.&nbsp;sous la b\u00e2che d&rsquo;un wagon venant du Midi, un&nbsp;gar\u00e7onnet de 14 ans, qui d\u00e9clara s&rsquo;y \u00eatre introduit furtivement. l&rsquo;avant-veille, dans l&rsquo;espoir de&nbsp;se rendre ainsi \u00e0 Montpellier retrouver son p\u00e8re.<\/h4>\n<h4 style=\"text-align: justify;\">L enfant n&rsquo;ayant rien mang\u00e9 depuis ce jour-l\u00e0, les douaniers lui ont procur\u00e9 quelques aliments, et, apr\u00e8s l&rsquo;avoir muni de quelques francs. ils l&rsquo;ont remis \u00e0 la police sp\u00e9ciale de Petit-Croix, qui&nbsp;s est charg\u00e9e de le rapatrier.<\/h4>\n<h6>Sources: La Lanterne 28 septembre 1912<\/h6>\n","protected":false},"excerpt":{"rendered":"<p>Un gar\u00e7onnet trouv\u00e9 sous une b\u00e2che \u00e0 Montreux-Vieux Hier, \u00e0&nbsp;Montreux-Vieux,&nbsp;gare fronti\u00e8re, des douaniers allemands ont trouv\u00e9.&nbsp;sous la b\u00e2che d&rsquo;un wagon venant du Midi, un&nbsp;gar\u00e7onnet de 14 ans, qui d\u00e9clara s&rsquo;y \u00eatre introduit furtivement. l&rsquo;avant-veille, dans l&rsquo;espoir de&nbsp;se rendre ainsi \u00e0 &hellip; <a href=\"https:\/\/montreux-vieux.net\/?page_id=11689\">Continuer la lecture <span class=\"meta-nav\">&rarr;<\/span><\/a><\/p>\n","protected":false},"author":1,"featured_media":0,"parent":13044,"menu_order":76,"comment_status":"closed","ping_status":"open","template":"","meta":{"footnotes":""},"class_list":["post-11689","page","type-page","status-publish","hentry"],"_links":{"self":[{"href":"https:\/\/montreux-vieux.net\/index.php?rest_route=\/wp\/v2\/pages\/11689","targetHints":{"allow":["GET"]}}],"collection":[{"href":"https:\/\/montreux-vieux.net\/index.php?rest_route=\/wp\/v2\/pages"}],"about":[{"href":"https:\/\/montreux-vieux.net\/index.php?rest_route=\/wp\/v2\/types\/page"}],"author":[{"embeddable":true,"href":"https:\/\/montreux-vieux.net\/index.php?rest_route=\/wp\/v2\/users\/1"}],"replies":[{"embeddable":true,"href":"https:\/\/montreux-vieux.net\/index.php?rest_route=%2Fwp%2Fv2%2Fcomments&post=11689"}],"version-history":[{"count":2,"href":"https:\/\/montreux-vieux.net\/index.php?rest_route=\/wp\/v2\/pages\/11689\/revisions"}],"predecessor-version":[{"id":13409,"href":"https:\/\/montreux-vieux.net\/index.php?rest_route=\/wp\/v2\/pages\/11689\/revisions\/13409"}],"up":[{"embeddable":true,"href":"https:\/\/montreux-vieux.net\/index.php?rest_route=\/wp\/v2\/pages\/13044"}],"wp:attachment":[{"href":"https:\/\/montreux-vieux.net\/index.php?rest_route=%2Fwp%2Fv2%2Fmedia&parent=11689"}],"curies":[{"name":"wp","href":"https:\/\/api.w.org\/{rel}","templated":true}]}}