{"id":11701,"date":"2018-11-04T09:49:50","date_gmt":"2018-11-04T08:49:50","guid":{"rendered":"http:\/\/montreux-vieux.net\/?page_id=11701"},"modified":"2019-01-03T10:42:13","modified_gmt":"2019-01-03T09:42:13","slug":"des-espions-demasques-par-le-commissaire-special-de-montreux-vieux","status":"publish","type":"page","link":"https:\/\/montreux-vieux.net\/?page_id=11701","title":{"rendered":"Des espions d\u00e9masqu\u00e9s par le commissaire sp\u00e9cial de Montreux-Vieux"},"content":{"rendered":"<h3 style=\"text-align: center;\">Des espions d\u00e9masqu\u00e9s par le commissaire sp\u00e9cial de Montreux-Vieux<\/h3>\n<p><a href=\"http:\/\/montreux-vieux.net\/montreux-vieux.net\/wp-content\/uploads\/2018\/11\/ScreenShot1376.jpg\" target=\"_blank\" rel=\"noopener\"><img loading=\"lazy\" decoding=\"async\" class=\"aligncenter wp-image-11698 size-full\" src=\"http:\/\/montreux-vieux.net\/montreux-vieux.net\/wp-content\/uploads\/2018\/11\/ScreenShot1376.jpg\" alt=\"\" width=\"249\" height=\"179\"><\/a><\/p>\n<h4 style=\"text-align: justify;\">Strasbourg, 22 f\u00e9vrier. De notre correspondant particulier (par t\u00e9l\u00e9phone). Samedi dernier, un journal de Mulhouse annon\u00e7ait que quatre personnes signal\u00e9es au service de la S\u00fbret\u00e9 par le commissaire sp\u00e9cial&nbsp;allemand de&nbsp;<strong>Montreux-<\/strong>&nbsp;<strong>Vieux<\/strong>&nbsp;avaient \u00e9t\u00e9 arr\u00eat\u00e9es sous l&rsquo;inculpation d&rsquo;espionnage.&nbsp;La nouvelle est exacte. Des agents ont proc\u00e9d\u00e9 \u00e0 J&rsquo;arrestation d&rsquo;un nomm\u00e9 A. au moment o\u00f9 celui-ci descendait \u00e0 la gare de Mulhouse du tram venant de France.<\/h4>\n<h4>Les autres inculp\u00e9es sont une femme de&nbsp;60 ans, son fila et un autre jeune homme.&nbsp;Tous quatre cnt \u00e9t\u00e9 \u00e9crou\u00e9s \u00e0 Strasbourg&nbsp;en attendant qu&rsquo;ils soient dirig\u00e9s sur Leipzig.<\/h4>\n<h6>Sources: &nbsp;Le Matin 23 f\u00e9vrier 1909<\/h6>\n","protected":false},"excerpt":{"rendered":"<p>Des espions d\u00e9masqu\u00e9s par le commissaire sp\u00e9cial de Montreux-Vieux Strasbourg, 22 f\u00e9vrier. De notre correspondant particulier (par t\u00e9l\u00e9phone). Samedi dernier, un journal de Mulhouse annon\u00e7ait que quatre personnes signal\u00e9es au service de la S\u00fbret\u00e9 par le commissaire sp\u00e9cial&nbsp;allemand de&nbsp;Montreux-&nbsp;Vieux&nbsp;avaient \u00e9t\u00e9 &hellip; <a href=\"https:\/\/montreux-vieux.net\/?page_id=11701\">Continuer la lecture <span class=\"meta-nav\">&rarr;<\/span><\/a><\/p>\n","protected":false},"author":1,"featured_media":0,"parent":13044,"menu_order":78,"comment_status":"closed","ping_status":"open","template":"","meta":{"footnotes":""},"class_list":["post-11701","page","type-page","status-publish","hentry"],"_links":{"self":[{"href":"https:\/\/montreux-vieux.net\/index.php?rest_route=\/wp\/v2\/pages\/11701","targetHints":{"allow":["GET"]}}],"collection":[{"href":"https:\/\/montreux-vieux.net\/index.php?rest_route=\/wp\/v2\/pages"}],"about":[{"href":"https:\/\/montreux-vieux.net\/index.php?rest_route=\/wp\/v2\/types\/page"}],"author":[{"embeddable":true,"href":"https:\/\/montreux-vieux.net\/index.php?rest_route=\/wp\/v2\/users\/1"}],"replies":[{"embeddable":true,"href":"https:\/\/montreux-vieux.net\/index.php?rest_route=%2Fwp%2Fv2%2Fcomments&post=11701"}],"version-history":[{"count":3,"href":"https:\/\/montreux-vieux.net\/index.php?rest_route=\/wp\/v2\/pages\/11701\/revisions"}],"predecessor-version":[{"id":13412,"href":"https:\/\/montreux-vieux.net\/index.php?rest_route=\/wp\/v2\/pages\/11701\/revisions\/13412"}],"up":[{"embeddable":true,"href":"https:\/\/montreux-vieux.net\/index.php?rest_route=\/wp\/v2\/pages\/13044"}],"wp:attachment":[{"href":"https:\/\/montreux-vieux.net\/index.php?rest_route=%2Fwp%2Fv2%2Fmedia&parent=11701"}],"curies":[{"name":"wp","href":"https:\/\/api.w.org\/{rel}","templated":true}]}}