{"id":11712,"date":"2018-11-04T13:46:56","date_gmt":"2018-11-04T12:46:56","guid":{"rendered":"http:\/\/montreux-vieux.net\/?page_id=11712"},"modified":"2020-03-12T09:28:09","modified_gmt":"2020-03-12T08:28:09","slug":"le-saviez-vous-montreux-vieux-a-inspire-plusieurs-auteurs-a-ecrire-des-feuiletons","status":"publish","type":"page","link":"https:\/\/montreux-vieux.net\/?page_id=11712","title":{"rendered":"Le saviez-vous\u00a0? Montreux-Vieux a inspir\u00e9 plusieurs auteurs \u00e0 \u00e9crire des feuiletons"},"content":{"rendered":"<h3 style=\"text-align: center;\">Le saviez-vous ? Montreux-Vieux a inspir\u00e9 plusieurs auteurs \u00e0 \u00e9crire des feuilletons<\/h3>\n<p><a href=\"http:\/\/montreux-vieux.net\/montreux-vieux.net\/wp-content\/uploads\/2018\/11\/ScreenShot1377.jpg\" target=\"_blank\" rel=\"noopener noreferrer\"><img loading=\"lazy\" decoding=\"async\" class=\"aligncenter wp-image-11709 size-full\" src=\"http:\/\/montreux-vieux.net\/montreux-vieux.net\/wp-content\/uploads\/2018\/11\/ScreenShot1377.jpg\" alt=\"\" width=\"403\" height=\"104\" srcset=\"https:\/\/montreux-vieux.net\/montreux-vieux.net\/wp-content\/uploads\/2018\/11\/ScreenShot1377.jpg 403w, https:\/\/montreux-vieux.net\/montreux-vieux.net\/wp-content\/uploads\/2018\/11\/ScreenShot1377-300x77.jpg 300w\" sizes=\"auto, (max-width: 403px) 100vw, 403px\" \/><\/a><\/p>\n<h4 style=\"text-align: justify;\">Montreux-Vieux a inspir\u00e9 plusieurs \u00e9crivains \u00e0 \u00e9crire des feuilletons vu sa grande histoire \u00e0 travers les temps comme par exemple\u00a0\u00ab\u00a0Poil-de-Brique\u00a0\u00bb dont j\u2019ai d\u00e9couvert l\u2019\u00e9pisode n\u00b08 de \u00ab\u00a0la grande guerre en Alsace\u00a0\u00bb dans le journal, Le Temps du 14 avril 1921 mais aussi\u00a0:\u00a0\u00ab\u00a0La Garde au Rhin\u00a0\u00bb par Jean de la Hire, \u00a0journal ,Le Matin du 28 mai 1937 ou figure un \u00e9pisode mais il y en a bien d&rsquo;autres encore que j&rsquo;ai survol\u00e9s.<\/h4>\n<p style=\"text-align: center;\"><a href=\"http:\/\/montreux-vieux.net\/montreux-vieux.net\/wp-content\/uploads\/2018\/11\/ScreenShot1378.jpg\" target=\"_blank\" rel=\"noopener noreferrer\"><img loading=\"lazy\" decoding=\"async\" class=\"aligncenter wp-image-11710 size-full\" src=\"http:\/\/montreux-vieux.net\/montreux-vieux.net\/wp-content\/uploads\/2018\/11\/ScreenShot1378.jpg\" alt=\"\" width=\"391\" height=\"726\" srcset=\"https:\/\/montreux-vieux.net\/montreux-vieux.net\/wp-content\/uploads\/2018\/11\/ScreenShot1378.jpg 391w, https:\/\/montreux-vieux.net\/montreux-vieux.net\/wp-content\/uploads\/2018\/11\/ScreenShot1378-162x300.jpg 162w\" sizes=\"auto, (max-width: 391px) 100vw, 391px\" \/><\/a><\/p>\n","protected":false},"excerpt":{"rendered":"<p>Le saviez-vous ? Montreux-Vieux a inspir\u00e9 plusieurs auteurs \u00e0 \u00e9crire des feuilletons Montreux-Vieux a inspir\u00e9 plusieurs \u00e9crivains \u00e0 \u00e9crire des feuilletons vu sa grande histoire \u00e0 travers les temps comme par exemple\u00a0\u00ab\u00a0Poil-de-Brique\u00a0\u00bb dont j\u2019ai d\u00e9couvert l\u2019\u00e9pisode n\u00b08 de \u00ab\u00a0la grande &hellip; <a href=\"https:\/\/montreux-vieux.net\/?page_id=11712\">Continuer la lecture <span class=\"meta-nav\">&rarr;<\/span><\/a><\/p>\n","protected":false},"author":1,"featured_media":0,"parent":13042,"menu_order":6,"comment_status":"closed","ping_status":"open","template":"","meta":{"footnotes":""},"class_list":["post-11712","page","type-page","status-publish","hentry"],"_links":{"self":[{"href":"https:\/\/montreux-vieux.net\/index.php?rest_route=\/wp\/v2\/pages\/11712","targetHints":{"allow":["GET"]}}],"collection":[{"href":"https:\/\/montreux-vieux.net\/index.php?rest_route=\/wp\/v2\/pages"}],"about":[{"href":"https:\/\/montreux-vieux.net\/index.php?rest_route=\/wp\/v2\/types\/page"}],"author":[{"embeddable":true,"href":"https:\/\/montreux-vieux.net\/index.php?rest_route=\/wp\/v2\/users\/1"}],"replies":[{"embeddable":true,"href":"https:\/\/montreux-vieux.net\/index.php?rest_route=%2Fwp%2Fv2%2Fcomments&post=11712"}],"version-history":[{"count":3,"href":"https:\/\/montreux-vieux.net\/index.php?rest_route=\/wp\/v2\/pages\/11712\/revisions"}],"predecessor-version":[{"id":19004,"href":"https:\/\/montreux-vieux.net\/index.php?rest_route=\/wp\/v2\/pages\/11712\/revisions\/19004"}],"up":[{"embeddable":true,"href":"https:\/\/montreux-vieux.net\/index.php?rest_route=\/wp\/v2\/pages\/13042"}],"wp:attachment":[{"href":"https:\/\/montreux-vieux.net\/index.php?rest_route=%2Fwp%2Fv2%2Fmedia&parent=11712"}],"curies":[{"name":"wp","href":"https:\/\/api.w.org\/{rel}","templated":true}]}}