{"id":11724,"date":"2018-11-04T16:40:43","date_gmt":"2018-11-04T15:40:43","guid":{"rendered":"http:\/\/montreux-vieux.net\/?page_id=11724"},"modified":"2019-01-03T13:42:00","modified_gmt":"2019-01-03T12:42:00","slug":"le-commissaire-special-a-la-gare-avait-du-pouvoir","status":"publish","type":"page","link":"https:\/\/montreux-vieux.net\/?page_id=11724","title":{"rendered":"Le commissaire sp\u00e9cial \u00e0 la gare avait du pouvoir"},"content":{"rendered":"<h3 style=\"text-align: center;\">Le commissaire sp\u00e9cial \u00e0 la gare avait du pouvoir<\/h3>\n<p><a href=\"http:\/\/montreux-vieux.net\/montreux-vieux.net\/wp-content\/uploads\/2018\/11\/ScreenShot373.jpg\" target=\"_blank\" rel=\"noopener\"><img loading=\"lazy\" decoding=\"async\" class=\"aligncenter wp-image-11722 size-medium\" src=\"http:\/\/montreux-vieux.net\/montreux-vieux.net\/wp-content\/uploads\/2018\/11\/ScreenShot373-300x198.jpg\" alt=\"\" width=\"300\" height=\"198\" srcset=\"https:\/\/montreux-vieux.net\/montreux-vieux.net\/wp-content\/uploads\/2018\/11\/ScreenShot373-300x198.jpg 300w, https:\/\/montreux-vieux.net\/montreux-vieux.net\/wp-content\/uploads\/2018\/11\/ScreenShot373-768x506.jpg 768w, https:\/\/montreux-vieux.net\/montreux-vieux.net\/wp-content\/uploads\/2018\/11\/ScreenShot373-600x395.jpg 600w, https:\/\/montreux-vieux.net\/montreux-vieux.net\/wp-content\/uploads\/2018\/11\/ScreenShot373.jpg 871w\" sizes=\"auto, (max-width: 300px) 100vw, 300px\" \/><\/a><\/p>\n<h4 style=\"text-align: justify;\">On t\u00e9l\u00e9graphie de Belfort Depuis hier, le commissaire sp\u00e9cial a. la gare-fronti\u00e8re de&nbsp;<strong>Montreux-Vieux,<\/strong>&nbsp;flanqu\u00e9 d&rsquo;une demi-douzaine&nbsp;de gendarmes, a fait descendre tous les voyageurs des&nbsp;trains \u00e0 destination de la France,<br \/>\nIl leur pose de nombreuses questions, tous les voyageurs de nationalit\u00e9 fran\u00e7aise non munis&nbsp;de passeport, pouvant avoir p\u00e9n\u00e9tr\u00e9 en Alsace, sont&nbsp;brutalement appr\u00e9hend\u00e9e au collet et jet\u00e9s en prison&nbsp;cellulaire.&nbsp;Plusieurs Fran\u00e7ais sont victimes de ces proc\u00e9d\u00e9s.<\/h4>\n<h6>Sources: Le Matin 28 juin 1890<\/h6>\n","protected":false},"excerpt":{"rendered":"<p>Le commissaire sp\u00e9cial \u00e0 la gare avait du pouvoir On t\u00e9l\u00e9graphie de Belfort Depuis hier, le commissaire sp\u00e9cial a. la gare-fronti\u00e8re de&nbsp;Montreux-Vieux,&nbsp;flanqu\u00e9 d&rsquo;une demi-douzaine&nbsp;de gendarmes, a fait descendre tous les voyageurs des&nbsp;trains \u00e0 destination de la France, Il leur pose &hellip; <a href=\"https:\/\/montreux-vieux.net\/?page_id=11724\">Continuer la lecture <span class=\"meta-nav\">&rarr;<\/span><\/a><\/p>\n","protected":false},"author":1,"featured_media":0,"parent":13013,"menu_order":46,"comment_status":"closed","ping_status":"open","template":"","meta":{"footnotes":""},"class_list":["post-11724","page","type-page","status-publish","hentry"],"_links":{"self":[{"href":"https:\/\/montreux-vieux.net\/index.php?rest_route=\/wp\/v2\/pages\/11724","targetHints":{"allow":["GET"]}}],"collection":[{"href":"https:\/\/montreux-vieux.net\/index.php?rest_route=\/wp\/v2\/pages"}],"about":[{"href":"https:\/\/montreux-vieux.net\/index.php?rest_route=\/wp\/v2\/types\/page"}],"author":[{"embeddable":true,"href":"https:\/\/montreux-vieux.net\/index.php?rest_route=\/wp\/v2\/users\/1"}],"replies":[{"embeddable":true,"href":"https:\/\/montreux-vieux.net\/index.php?rest_route=%2Fwp%2Fv2%2Fcomments&post=11724"}],"version-history":[{"count":2,"href":"https:\/\/montreux-vieux.net\/index.php?rest_route=\/wp\/v2\/pages\/11724\/revisions"}],"predecessor-version":[{"id":13440,"href":"https:\/\/montreux-vieux.net\/index.php?rest_route=\/wp\/v2\/pages\/11724\/revisions\/13440"}],"up":[{"embeddable":true,"href":"https:\/\/montreux-vieux.net\/index.php?rest_route=\/wp\/v2\/pages\/13013"}],"wp:attachment":[{"href":"https:\/\/montreux-vieux.net\/index.php?rest_route=%2Fwp%2Fv2%2Fmedia&parent=11724"}],"curies":[{"name":"wp","href":"https:\/\/api.w.org\/{rel}","templated":true}]}}