{"id":11731,"date":"2018-11-05T09:52:59","date_gmt":"2018-11-05T08:52:59","guid":{"rendered":"http:\/\/montreux-vieux.net\/?page_id=11731"},"modified":"2020-10-18T13:26:20","modified_gmt":"2020-10-18T12:26:20","slug":"la-fievre-aphteuse-et-la-barriere-economique-a-montreux-vieux","status":"publish","type":"page","link":"https:\/\/montreux-vieux.net\/?page_id=11731","title":{"rendered":"La fi\u00e8vre aphteuse\u00a0et la barri\u00e8re \u00e9conomique \u00e0 Montreux-Vieux"},"content":{"rendered":"<h3 style=\"text-align: center;\">La fi\u00e8vre aphteuse\u00a0et la barri\u00e8re \u00e9conomique \u00e0 Montreux-Vieux<\/h3>\n<h4 style=\"text-align: justify;\"><a href=\"http:\/\/montreux-vieux.net\/montreux-vieux.net\/wp-content\/uploads\/2018\/11\/ScreenShot1380.jpg\" target=\"_blank\" rel=\"noopener noreferrer\"><img loading=\"lazy\" decoding=\"async\" class=\"aligncenter wp-image-11727 size-medium\" src=\"http:\/\/montreux-vieux.net\/montreux-vieux.net\/wp-content\/uploads\/2018\/11\/ScreenShot1380-300x193.jpg\" alt=\"\" width=\"300\" height=\"193\" srcset=\"https:\/\/montreux-vieux.net\/montreux-vieux.net\/wp-content\/uploads\/2018\/11\/ScreenShot1380-300x193.jpg 300w, https:\/\/montreux-vieux.net\/montreux-vieux.net\/wp-content\/uploads\/2018\/11\/ScreenShot1380-600x386.jpg 600w, https:\/\/montreux-vieux.net\/montreux-vieux.net\/wp-content\/uploads\/2018\/11\/ScreenShot1380.jpg 604w\" sizes=\"auto, (max-width: 300px) 100vw, 300px\" \/><\/a><br \/>\nSTRASBOURG, 2 novembre. \u2014 Un cas de fi\u00e8vre\u00a0aphteuse s&rsquo;\u00e9tant d\u00e9clar\u00e9 r\u00e9cemment \u00e0\u00a0<strong>Mon<\/strong><strong>treux-Vieux,<\/strong>\u00a0pr\u00e8s de l&rsquo;ancienne fronti\u00e8re \u00e0lsacienne-fran\u00e7aise, les autorit\u00e9s, conform\u00e9ment \u00e0 la loi allemande encore en vigueur,\u00a0prescrivirent un r\u00e9gime tr\u00e8s s\u00e9v\u00e8re d&rsquo;observation sur une partie du canton de Dannemarie.\u00a0La cons\u00e9quence fut que les relations \u00e9conomiques se trouv\u00e8rent gravement l\u00e9s\u00e9es.<\/h4>\n<h4 style=\"text-align: justify;\">Une requ\u00eate sign\u00e9e de toutes les notabilit\u00e9s\u00a0de la r\u00e9gion fut adress\u00e9e \u00e0 la direction de l&rsquo;agriculture \u00e0 Strasbourg demandant la suppression de cette barri\u00e8re \u00e9conomique et le remplacement du r\u00e8glement allemand par la I\u00e9gislaticm fran\u00e7aise. Les autorit\u00e9s r\u00e9pondirent\u00a0qu&rsquo;elles \u00a0s&rsquo;opposeraient \u00e0 toute modification\u00a0de la l\u00e9gislation sanitaire en vigueur qui a fait\u00a0ses preuves et dont la grande valeur pratique\u00a0est reconnue par toutes les personnes comp\u00e9tentes de France.<\/h4>\n<h6>Sources: Le Journal 3 11 1921<\/h6>\n<p style=\"text-align: justify; line-height: 18.0pt; background: white; margin: 6.0pt 0cm 6.0pt 0cm;\"><span style=\"font-family: 'Arial','sans-serif'; color: #4d4d4d;\">CHAVANNES-SUR-L\u2019ETANG Fin de la fi\u00e8vre aphteuse. \u2014 La fi\u00e8vre aphteuse \u00e9tant \u00e9teinte dans la commune de Chavannes-sur-l\u2019Etang, les mesures sanitaire? des articles 189 \u00e0 192 du r\u00e8glement sanitaire du 10 septembre 1912 sont lev\u00e9es dans cette commune. La commune de Montreux-Vieux est ici-g\u00e9r\u00e9e comme zone d&rsquo;observation.<\/span><\/p>\n<p style=\"text-align: justify; line-height: 18.0pt; background: white; margin: 6.0pt 0cm 6.0pt 0cm;\"><span style=\"font-family: 'Arial','sans-serif'; color: #4d4d4d;\">Sources\u00a0: L\u2019Express de Mulhouse 22 mars 1938<\/span><\/p>\n","protected":false},"excerpt":{"rendered":"<p>La fi\u00e8vre aphteuse\u00a0et la barri\u00e8re \u00e9conomique \u00e0 Montreux-Vieux STRASBOURG, 2 novembre. \u2014 Un cas de fi\u00e8vre\u00a0aphteuse s&rsquo;\u00e9tant d\u00e9clar\u00e9 r\u00e9cemment \u00e0\u00a0Montreux-Vieux,\u00a0pr\u00e8s de l&rsquo;ancienne fronti\u00e8re \u00e0lsacienne-fran\u00e7aise, les autorit\u00e9s, conform\u00e9ment \u00e0 la loi allemande encore en vigueur,\u00a0prescrivirent un r\u00e9gime tr\u00e8s s\u00e9v\u00e8re d&rsquo;observation sur &hellip; <a href=\"https:\/\/montreux-vieux.net\/?page_id=11731\">Continuer la lecture <span class=\"meta-nav\">&rarr;<\/span><\/a><\/p>\n","protected":false},"author":1,"featured_media":0,"parent":13044,"menu_order":84,"comment_status":"closed","ping_status":"open","template":"","meta":{"footnotes":""},"class_list":["post-11731","page","type-page","status-publish","hentry"],"_links":{"self":[{"href":"https:\/\/montreux-vieux.net\/index.php?rest_route=\/wp\/v2\/pages\/11731","targetHints":{"allow":["GET"]}}],"collection":[{"href":"https:\/\/montreux-vieux.net\/index.php?rest_route=\/wp\/v2\/pages"}],"about":[{"href":"https:\/\/montreux-vieux.net\/index.php?rest_route=\/wp\/v2\/types\/page"}],"author":[{"embeddable":true,"href":"https:\/\/montreux-vieux.net\/index.php?rest_route=\/wp\/v2\/users\/1"}],"replies":[{"embeddable":true,"href":"https:\/\/montreux-vieux.net\/index.php?rest_route=%2Fwp%2Fv2%2Fcomments&post=11731"}],"version-history":[{"count":3,"href":"https:\/\/montreux-vieux.net\/index.php?rest_route=\/wp\/v2\/pages\/11731\/revisions"}],"predecessor-version":[{"id":21598,"href":"https:\/\/montreux-vieux.net\/index.php?rest_route=\/wp\/v2\/pages\/11731\/revisions\/21598"}],"up":[{"embeddable":true,"href":"https:\/\/montreux-vieux.net\/index.php?rest_route=\/wp\/v2\/pages\/13044"}],"wp:attachment":[{"href":"https:\/\/montreux-vieux.net\/index.php?rest_route=%2Fwp%2Fv2%2Fmedia&parent=11731"}],"curies":[{"name":"wp","href":"https:\/\/api.w.org\/{rel}","templated":true}]}}