{"id":11737,"date":"2018-11-05T10:11:05","date_gmt":"2018-11-05T09:11:05","guid":{"rendered":"http:\/\/montreux-vieux.net\/?page_id=11737"},"modified":"2019-01-03T13:45:30","modified_gmt":"2019-01-03T12:45:30","slug":"convoi-funebre-aerien-pour-laviateur-pegoud-de-montreux-vieux-a-paris","status":"publish","type":"page","link":"https:\/\/montreux-vieux.net\/?page_id=11737","title":{"rendered":"Convoi fun\u00e8bre a\u00e9rien pour l&rsquo;aviateur P\u00e9goud de Montreux-Vieux \u00e0 Paris."},"content":{"rendered":"<h3 style=\"text-align: center;\">Convoi fun\u00e8bre a\u00e9rien pour l&rsquo;aviateur P\u00e9goud de Montreux-Vieux \u00e0 Paris.<\/h3>\n<h4 style=\"text-align: justify;\"><a href=\"http:\/\/montreux-vieux.net\/montreux-vieux.net\/wp-content\/uploads\/2018\/11\/ScreenShot1381.jpg\" target=\"_blank\" rel=\"noopener\"><img loading=\"lazy\" decoding=\"async\" class=\"aligncenter wp-image-11734 size-full\" src=\"http:\/\/montreux-vieux.net\/montreux-vieux.net\/wp-content\/uploads\/2018\/11\/ScreenShot1381.jpg\" alt=\"\" width=\"658\" height=\"307\" srcset=\"https:\/\/montreux-vieux.net\/montreux-vieux.net\/wp-content\/uploads\/2018\/11\/ScreenShot1381.jpg 658w, https:\/\/montreux-vieux.net\/montreux-vieux.net\/wp-content\/uploads\/2018\/11\/ScreenShot1381-300x140.jpg 300w, https:\/\/montreux-vieux.net\/montreux-vieux.net\/wp-content\/uploads\/2018\/11\/ScreenShot1381-600x280.jpg 600w\" sizes=\"auto, (max-width: 658px) 100vw, 658px\" \/><\/a><br \/>\nL&rsquo;Est R\u00e9publicain annonce que le corps&nbsp;de P\u00e9goud va \u00eatre ramen\u00e9 en avion de&nbsp;<strong>Montreux-Vieux<\/strong>&nbsp;\u00e0 Paris, pour y \u00eatre d\u00e9finitivement inhum\u00e9. C&rsquo;est au lieutenant&nbsp;Fonck que reviendra l&rsquo;honneur de ramener&nbsp;la glorieuse: d\u00e9pouille du c\u00e9l\u00e8bre aviateur.<\/h4>\n<h6 style=\"text-align: left;\">Sources: Le Radical 9 janvier 1919<\/h6>\n","protected":false},"excerpt":{"rendered":"<p>Convoi fun\u00e8bre a\u00e9rien pour l&rsquo;aviateur P\u00e9goud de Montreux-Vieux \u00e0 Paris. L&rsquo;Est R\u00e9publicain annonce que le corps&nbsp;de P\u00e9goud va \u00eatre ramen\u00e9 en avion de&nbsp;Montreux-Vieux&nbsp;\u00e0 Paris, pour y \u00eatre d\u00e9finitivement inhum\u00e9. C&rsquo;est au lieutenant&nbsp;Fonck que reviendra l&rsquo;honneur de ramener&nbsp;la glorieuse: d\u00e9pouille du &hellip; <a href=\"https:\/\/montreux-vieux.net\/?page_id=11737\">Continuer la lecture <span class=\"meta-nav\">&rarr;<\/span><\/a><\/p>\n","protected":false},"author":1,"featured_media":0,"parent":12673,"menu_order":78,"comment_status":"closed","ping_status":"open","template":"","meta":{"footnotes":""},"class_list":["post-11737","page","type-page","status-publish","hentry"],"_links":{"self":[{"href":"https:\/\/montreux-vieux.net\/index.php?rest_route=\/wp\/v2\/pages\/11737","targetHints":{"allow":["GET"]}}],"collection":[{"href":"https:\/\/montreux-vieux.net\/index.php?rest_route=\/wp\/v2\/pages"}],"about":[{"href":"https:\/\/montreux-vieux.net\/index.php?rest_route=\/wp\/v2\/types\/page"}],"author":[{"embeddable":true,"href":"https:\/\/montreux-vieux.net\/index.php?rest_route=\/wp\/v2\/users\/1"}],"replies":[{"embeddable":true,"href":"https:\/\/montreux-vieux.net\/index.php?rest_route=%2Fwp%2Fv2%2Fcomments&post=11737"}],"version-history":[{"count":2,"href":"https:\/\/montreux-vieux.net\/index.php?rest_route=\/wp\/v2\/pages\/11737\/revisions"}],"predecessor-version":[{"id":13443,"href":"https:\/\/montreux-vieux.net\/index.php?rest_route=\/wp\/v2\/pages\/11737\/revisions\/13443"}],"up":[{"embeddable":true,"href":"https:\/\/montreux-vieux.net\/index.php?rest_route=\/wp\/v2\/pages\/12673"}],"wp:attachment":[{"href":"https:\/\/montreux-vieux.net\/index.php?rest_route=%2Fwp%2Fv2%2Fmedia&parent=11737"}],"curies":[{"name":"wp","href":"https:\/\/api.w.org\/{rel}","templated":true}]}}