{"id":11746,"date":"2018-11-05T10:31:10","date_gmt":"2018-11-05T09:31:10","guid":{"rendered":"http:\/\/montreux-vieux.net\/?page_id=11746"},"modified":"2019-01-02T09:43:31","modified_gmt":"2019-01-02T08:43:31","slug":"un-jeune-homme-tue-par-un-gendarme-a-montreux-vieux","status":"publish","type":"page","link":"https:\/\/montreux-vieux.net\/?page_id=11746","title":{"rendered":"Un jeune homme tu\u00e9 par un gendarme \u00e0 Montreux-Vieux"},"content":{"rendered":"<h3 style=\"text-align: center;\">Un jeune homme tu\u00e9 par un gendarme \u00e0 Montreux-Vieux<\/h3>\n<p><a href=\"http:\/\/montreux-vieux.net\/montreux-vieux.net\/wp-content\/uploads\/2018\/11\/ScreenShot1382.jpg\" target=\"_blank\" rel=\"noopener\"><img loading=\"lazy\" decoding=\"async\" class=\"aligncenter wp-image-11740 size-medium\" src=\"http:\/\/montreux-vieux.net\/montreux-vieux.net\/wp-content\/uploads\/2018\/11\/ScreenShot1382-218x300.jpg\" alt=\"\" width=\"218\" height=\"300\" srcset=\"https:\/\/montreux-vieux.net\/montreux-vieux.net\/wp-content\/uploads\/2018\/11\/ScreenShot1382-218x300.jpg 218w, https:\/\/montreux-vieux.net\/montreux-vieux.net\/wp-content\/uploads\/2018\/11\/ScreenShot1382.jpg 302w\" sizes=\"auto, (max-width: 218px) 100vw, 218px\" \/><\/a><\/p>\n<h4 style=\"text-align: justify;\">On \u00e9crit de&nbsp;<strong>Montreux-Vieux<\/strong>&nbsp;au Journal&nbsp;d&rsquo;Alsace :<br \/>\nUn jeune homme, arriv\u00e9&nbsp;dans une voiture \u00e0&nbsp;<strong>Montreux-Vieux,<\/strong>&nbsp;a offert&nbsp;en vente des montres dans plusieurs maisons&nbsp;de cette commune. Le gendarme stationn\u00e9&nbsp;dans la localit\u00e9, ayant trouv\u00e9 en possession de&nbsp;l&rsquo;inconnu un paquet de soie, a voulu conduire&nbsp;le jeune homme au bureau de la douane pour&nbsp;lui faire payer un droit d&rsquo;entr\u00e9e. En chemin,&nbsp;le jeune homme ayant d\u00e9mand\u00e9 \u00e0 satisfaire&nbsp;un besoin, a saut\u00e9 le foss\u00e9 de la route et s&rsquo;est&nbsp;cach\u00e9 derri\u00e8re un buisson.<\/h4>\n<h4 style=\"text-align: justify;\">Quelques instants apr\u00e8s il a voulu prendre&nbsp;la fuite, mais a \u00e9t\u00e9 poursuivi tout aussit\u00f4t par&nbsp;le gendarme, qui a fait une chute dans un&nbsp;foss\u00e9 qu&rsquo;il n&rsquo;avait pas aper\u00e7u.Ce dernier a cri\u00e9&nbsp;\u00e0 plusieurs reprises au fuyard de s&rsquo;arr\u00eater en&nbsp;le mena\u00e7ant de faire feu s&rsquo;il n&rsquo;ob\u00e9issait pas.<br \/>\nLe fuyard continuant sa course, le gendarme&nbsp;a fait usage de sa carabine : le projectile a&nbsp;atteint le jeune homme dans le dos et lui a&nbsp;perfor\u00e9 l&rsquo;estomac ; la mort a \u00e9t\u00e9 presque in- stantan\u00e9e. On a trouv\u00e9 sur l&rsquo;inconnu, qui parait avoir \u00e9t\u00e9 soldat et qui portait une chemise d&rsquo;ordonnance, un paquet de montres.<\/h4>\n<h6>Le Rappel 20 mai 1882<\/h6>\n","protected":false},"excerpt":{"rendered":"<p>Un jeune homme tu\u00e9 par un gendarme \u00e0 Montreux-Vieux On \u00e9crit de&nbsp;Montreux-Vieux&nbsp;au Journal&nbsp;d&rsquo;Alsace : Un jeune homme, arriv\u00e9&nbsp;dans une voiture \u00e0&nbsp;Montreux-Vieux,&nbsp;a offert&nbsp;en vente des montres dans plusieurs maisons&nbsp;de cette commune. Le gendarme stationn\u00e9&nbsp;dans la localit\u00e9, ayant trouv\u00e9 en possession de&nbsp;l&rsquo;inconnu &hellip; <a href=\"https:\/\/montreux-vieux.net\/?page_id=11746\">Continuer la lecture <span class=\"meta-nav\">&rarr;<\/span><\/a><\/p>\n","protected":false},"author":1,"featured_media":0,"parent":13044,"menu_order":50,"comment_status":"closed","ping_status":"open","template":"","meta":{"footnotes":""},"class_list":["post-11746","page","type-page","status-publish","hentry"],"_links":{"self":[{"href":"https:\/\/montreux-vieux.net\/index.php?rest_route=\/wp\/v2\/pages\/11746","targetHints":{"allow":["GET"]}}],"collection":[{"href":"https:\/\/montreux-vieux.net\/index.php?rest_route=\/wp\/v2\/pages"}],"about":[{"href":"https:\/\/montreux-vieux.net\/index.php?rest_route=\/wp\/v2\/types\/page"}],"author":[{"embeddable":true,"href":"https:\/\/montreux-vieux.net\/index.php?rest_route=\/wp\/v2\/users\/1"}],"replies":[{"embeddable":true,"href":"https:\/\/montreux-vieux.net\/index.php?rest_route=%2Fwp%2Fv2%2Fcomments&post=11746"}],"version-history":[{"count":2,"href":"https:\/\/montreux-vieux.net\/index.php?rest_route=\/wp\/v2\/pages\/11746\/revisions"}],"predecessor-version":[{"id":13261,"href":"https:\/\/montreux-vieux.net\/index.php?rest_route=\/wp\/v2\/pages\/11746\/revisions\/13261"}],"up":[{"embeddable":true,"href":"https:\/\/montreux-vieux.net\/index.php?rest_route=\/wp\/v2\/pages\/13044"}],"wp:attachment":[{"href":"https:\/\/montreux-vieux.net\/index.php?rest_route=%2Fwp%2Fv2%2Fmedia&parent=11746"}],"curies":[{"name":"wp","href":"https:\/\/api.w.org\/{rel}","templated":true}]}}