{"id":11752,"date":"2018-11-05T13:50:39","date_gmt":"2018-11-05T12:50:39","guid":{"rendered":"http:\/\/montreux-vieux.net\/?page_id=11752"},"modified":"2020-10-01T16:20:14","modified_gmt":"2020-10-01T15:20:14","slug":"interdiction-de-lire-certains-journaux-a-montreux-vieux-territoire-prussien","status":"publish","type":"page","link":"https:\/\/montreux-vieux.net\/?page_id=11752","title":{"rendered":"Interdiction de lire certains journaux \u00e0 Montreux-Vieux territoire prussien"},"content":{"rendered":"<h3 style=\"text-align: center;\">Interdiction de lire certains journaux \u00e0 Montreux-Vieux territoire prussien<\/h3>\n<p><a href=\"http:\/\/montreux-vieux.net\/montreux-vieux.net\/wp-content\/uploads\/2018\/11\/ScreenShot1383.jpg\" target=\"_blank\" rel=\"noopener noreferrer\"><img loading=\"lazy\" decoding=\"async\" class=\"aligncenter wp-image-11749 size-medium\" src=\"http:\/\/montreux-vieux.net\/montreux-vieux.net\/wp-content\/uploads\/2018\/11\/ScreenShot1383-300x205.jpg\" alt=\"\" width=\"300\" height=\"205\" srcset=\"https:\/\/montreux-vieux.net\/montreux-vieux.net\/wp-content\/uploads\/2018\/11\/ScreenShot1383-300x205.jpg 300w, https:\/\/montreux-vieux.net\/montreux-vieux.net\/wp-content\/uploads\/2018\/11\/ScreenShot1383-600x409.jpg 600w, https:\/\/montreux-vieux.net\/montreux-vieux.net\/wp-content\/uploads\/2018\/11\/ScreenShot1383.jpg 710w\" sizes=\"auto, (max-width: 300px) 100vw, 300px\" \/><\/a><\/p>\n<h4 style=\"text-align: justify;\">Belfort, 6 octobre<\/h4>\n<h4 style=\"text-align: justify;\">M. Nass, distillateur, qui avait r\u00e9cemment \u00e9t\u00e9 arr\u00eat\u00e9 et conduit les menottes aux\u00a0mains de\u00a0<strong>Montreux-Vieux<\/strong>\u00a0\u00e0 Dannemarie,\u00a0pour avoir p\u00e9n\u00e9tr\u00e9 sur le territoire annex\u00e9 porteur d&rsquo;un exemplaire du Petit\u00a0Journal, vient de recevoir notification du\u00a0jugement prononc\u00e9 contre lui.<\/h4>\n<h4 style=\"text-align: justify;\">M. Nass est condamn\u00e9 \u00e0 100 mark d&rsquo;amende ou \u00e9ventuellement \u00e0 un mois de\u00a0prison. Comme le condamn\u00e9 avait, pour\u00a0\u00eatre mis en libert\u00e9, d\u00e9pos\u00e9 une caution de\u00a0100 mark, il n&rsquo;a qu&rsquo;\u00e0 laisser cette somme\u00a0entre les mains de la perception de Dannemarie.<\/h4>\n<h4 style=\"text-align: justify;\">A enregistrer : Les d\u00e9bats de cette affaire\u00a0Ont r\u00e9v\u00e9l\u00e9 que M. Nass avait lu sonPetit\u00a0Journal dans le wagon, entre Belfort et\u00a0<strong>Montreux-Vieux,<\/strong>\u00a0et que c&rsquo;est un Allemand,\u00a0voyageant dans le m\u00eame compartiment, qui, \u00e0 la descente du train, avait d\u00e9nonc\u00e9\u00a0M. Nass comme porteur d&rsquo;un exemplaire\u00a0i&rsquo;un journal interdit.<\/h4>\n<h6><strong>Sources: Le XIXe si\u00e8cle : journal quotidien politique et litt\u00e9raire \/ 08 octobre 1888<\/strong><\/h6>\n<p>INTERDICTION D\u2019UN JOURNAL EN ALSACE-LORRAINE (d\u2019un correspondant) Mulhouse, 3 octobre. Dans son audience du 1er octobre, la chambre correctionnelle du tribunal de Mulhouse a condamn\u00e9 M. N&#8230;, distillateur de Thann, \u00e0 100 marks d\u2019amende pour avoir introduit en A sace-Lorraine un journal d\u00e9fendu. M. N..,, qui se rend souvent pour affaires \u00e0 Belfort, y achetait le Petit Journal, qu\u2019il lisait en route. Par suite d\u2019une d\u00e9nonciation anonyme, l\u2019autorit\u00e9 a \u00e9t\u00e9 avertie du fait et un beau jour que M. N&#8230; rentrait chez lui, son Petit Journal en poche, le commissaire sp\u00e9cial de la gare de Montreux-Vieux lui mit la main au collet et le for\u00e7a de vider ses poches. Le num\u00e9ro du Petit Journal fut confisqu\u00e9 et M. N&#8230; conduit \u00e0 Dannemarie. o\u00f9 il demeura enferm\u00e9 pendant quelques heures. Ce n\u2019est qu\u2019apr\u00e8s avoir d\u00e9pose une caution qu\u2019il fut remis en libert\u00e9.<\/p>\n<p>Sources\u00a0: La Cocarde 4 octobre 1888<\/p>\n","protected":false},"excerpt":{"rendered":"<p>Interdiction de lire certains journaux \u00e0 Montreux-Vieux territoire prussien Belfort, 6 octobre M. Nass, distillateur, qui avait r\u00e9cemment \u00e9t\u00e9 arr\u00eat\u00e9 et conduit les menottes aux\u00a0mains de\u00a0Montreux-Vieux\u00a0\u00e0 Dannemarie,\u00a0pour avoir p\u00e9n\u00e9tr\u00e9 sur le territoire annex\u00e9 porteur d&rsquo;un exemplaire du Petit\u00a0Journal, vient de &hellip; <a href=\"https:\/\/montreux-vieux.net\/?page_id=11752\">Continuer la lecture <span class=\"meta-nav\">&rarr;<\/span><\/a><\/p>\n","protected":false},"author":1,"featured_media":0,"parent":13095,"menu_order":38,"comment_status":"closed","ping_status":"open","template":"","meta":{"footnotes":""},"class_list":["post-11752","page","type-page","status-publish","hentry"],"_links":{"self":[{"href":"https:\/\/montreux-vieux.net\/index.php?rest_route=\/wp\/v2\/pages\/11752","targetHints":{"allow":["GET"]}}],"collection":[{"href":"https:\/\/montreux-vieux.net\/index.php?rest_route=\/wp\/v2\/pages"}],"about":[{"href":"https:\/\/montreux-vieux.net\/index.php?rest_route=\/wp\/v2\/types\/page"}],"author":[{"embeddable":true,"href":"https:\/\/montreux-vieux.net\/index.php?rest_route=\/wp\/v2\/users\/1"}],"replies":[{"embeddable":true,"href":"https:\/\/montreux-vieux.net\/index.php?rest_route=%2Fwp%2Fv2%2Fcomments&post=11752"}],"version-history":[{"count":3,"href":"https:\/\/montreux-vieux.net\/index.php?rest_route=\/wp\/v2\/pages\/11752\/revisions"}],"predecessor-version":[{"id":21244,"href":"https:\/\/montreux-vieux.net\/index.php?rest_route=\/wp\/v2\/pages\/11752\/revisions\/21244"}],"up":[{"embeddable":true,"href":"https:\/\/montreux-vieux.net\/index.php?rest_route=\/wp\/v2\/pages\/13095"}],"wp:attachment":[{"href":"https:\/\/montreux-vieux.net\/index.php?rest_route=%2Fwp%2Fv2%2Fmedia&parent=11752"}],"curies":[{"name":"wp","href":"https:\/\/api.w.org\/{rel}","templated":true}]}}