{"id":11760,"date":"2018-11-05T15:06:47","date_gmt":"2018-11-05T14:06:47","guid":{"rendered":"http:\/\/montreux-vieux.net\/?page_id=11760"},"modified":"2019-09-14T15:43:00","modified_gmt":"2019-09-14T14:43:00","slug":"commemoration-du-centenaire-de-larmistice-du-11-novembre-1918","status":"publish","type":"page","link":"https:\/\/montreux-vieux.net\/?page_id=11760","title":{"rendered":"Comm\u00e9moration du Centenaire de l\u2019Armistice du 11 novembre 1918"},"content":{"rendered":"<h3 style=\"text-align: center; line-height: 18.0pt; background: white; vertical-align: baseline; margin: 0cm 0cm 15.0pt 0cm;\" align=\"center\"><span style=\"font-family: Georgia; color: black; font-weight: normal;\">Comm\u00e9moration du Centenaire de l\u2019Armistice du 11 novembre 1918<\/span><\/h3>\n<p><a href=\"http:\/\/montreux-vieux.net\/montreux-vieux.net\/wp-content\/uploads\/2018\/11\/ScreenShot1352.jpg\" target=\"_blank\" rel=\"noopener noreferrer\"><img loading=\"lazy\" decoding=\"async\" class=\"aligncenter wp-image-11755 size-full\" src=\"http:\/\/montreux-vieux.net\/montreux-vieux.net\/wp-content\/uploads\/2018\/11\/ScreenShot1352.jpg\" alt=\"\" width=\"724\" height=\"357\" srcset=\"https:\/\/montreux-vieux.net\/montreux-vieux.net\/wp-content\/uploads\/2018\/11\/ScreenShot1352.jpg 724w, https:\/\/montreux-vieux.net\/montreux-vieux.net\/wp-content\/uploads\/2018\/11\/ScreenShot1352-300x148.jpg 300w, https:\/\/montreux-vieux.net\/montreux-vieux.net\/wp-content\/uploads\/2018\/11\/ScreenShot1352-600x296.jpg 600w\" sizes=\"auto, (max-width: 724px) 100vw, 724px\" \/><\/a><\/p>\n<h3 style=\"text-align: center;\">Programme de la C\u00e9r\u00e9monie du dimanche 11 novembre 2018<\/h3>\n<h4 style=\"text-align: center;\">10 heures : \u00a0 Office religieux \u00e0 la m\u00e9moire des \u00a0Morts tomb\u00e9s au Champ D\u2019Honneur<\/h4>\n<h4 style=\"text-align: center;\">10 heures 45:\u00a0 \u00a0C\u00e9r\u00e9monie du Souvenir au Monuments aux Morts, remise de m\u00e9dailles.<\/h4>\n<h4 style=\"text-align: center;\">11 \u00a0h \u00a030\u00a0: \u00a0 Vin d\u2019honneur \u00e0 la salle des f\u00eates<\/h4>\n<h4 style=\"text-align: center; line-height: 18.0pt; background: white; vertical-align: baseline; margin: 0cm 0cm 15.0pt 0cm;\" align=\"center\"><strong><span style=\"font-family: Georgia; color: black;\">Liste des soldats fran\u00e7ais tomb\u00e9s \u00e0 Montreux-Vieux durant le conflit 1914 \u2013 1918 et dont les noms figurent sur le vitrail Sainte Jeanne d\u2019Arc de l\u2019\u00e9glise de Montreux-Vieux.<\/span><\/strong><\/h4>\n<p><a href=\"http:\/\/montreux-vieux.net\/montreux-vieux.net\/wp-content\/uploads\/2018\/11\/ScreenShot1384.jpg\" target=\"_blank\" rel=\"noopener noreferrer\"><img loading=\"lazy\" decoding=\"async\" class=\"aligncenter wp-image-11756 \" src=\"http:\/\/montreux-vieux.net\/montreux-vieux.net\/wp-content\/uploads\/2018\/11\/ScreenShot1384.jpg\" alt=\"\" width=\"411\" height=\"158\" srcset=\"https:\/\/montreux-vieux.net\/montreux-vieux.net\/wp-content\/uploads\/2018\/11\/ScreenShot1384.jpg 411w, https:\/\/montreux-vieux.net\/montreux-vieux.net\/wp-content\/uploads\/2018\/11\/ScreenShot1384-300x115.jpg 300w\" sizes=\"auto, (max-width: 411px) 100vw, 411px\" \/><\/a><\/p>\n<h4 style=\"text-align: justify; line-height: 18.0pt; background: white; vertical-align: baseline; orphans: auto; widows: 1; -webkit-text-stroke-width: 0px; word-spacing: 0px; margin: 0cm 0cm 15.0pt 0cm;\"><span style=\"font-family: Georgia; color: black; font-weight: normal;\">AUGIER Camille, BILLARD Antoine, CAILLAUD Aristide, CANAL Maurice, CHAPOUTOT Paul, COLLEY Jules , FLORENCEAU Pierre, MAIRET Jean, TAMISIER Charles.<\/span><\/h4>\n<h4 style=\"text-align: center;\">L<strong>iste des morts de la commune de Montreux-Vieux\u00a0inscrits sur le monument aux morts. Conflit 1914 \u2013 1918<\/strong><\/h4>\n<p><a href=\"http:\/\/montreux-vieux.net\/montreux-vieux.net\/wp-content\/uploads\/2011\/11\/ScreenShot0081.jpg\" target=\"_blank\" rel=\"noopener noreferrer\"><img loading=\"lazy\" decoding=\"async\" class=\"aligncenter wp-image-3257 \" src=\"http:\/\/montreux-vieux.net\/montreux-vieux.net\/wp-content\/uploads\/2011\/11\/ScreenShot0081.jpg\" alt=\"\" width=\"334\" height=\"344\" srcset=\"https:\/\/montreux-vieux.net\/montreux-vieux.net\/wp-content\/uploads\/2011\/11\/ScreenShot0081.jpg 334w, https:\/\/montreux-vieux.net\/montreux-vieux.net\/wp-content\/uploads\/2011\/11\/ScreenShot0081-291x300.jpg 291w\" sizes=\"auto, (max-width: 334px) 100vw, 334px\" \/><\/a><\/p>\n<h4 style=\"text-align: justify;\">BOHLY Charles, \u00a0\u00a0BRAUNSTEDTER \u00a0Marcel, \u00a0CATTE \u00a0Roland, \u00a0CUENIN \u00a0Germain, \u00a0DENNINGER Albert, \u00a0FOERSTER \u00a0Alban, \u00a0\u00a0GEVRIER \u00a0Jules, \u00a0MUNSCH \u00a0Eug\u00e8ne, \u00a0PATAT L\u00e9on, \u00a0PIERROT\u00a0\u00a0\u00a0\u00a0\u00a0\u00a0\u00a0 Alphonse, \u00a0SUTTER \u00a0 Alfred, \u00a0\u00a0 SUTTER \u00a0 Joseph,\u00a0 \u00a0WUST Gustave<\/h4>\n<h4 style=\"text-align: center;\"><strong>Colley Jules tu\u00e9 \u00e0 Montreux-Vieux \u00a0<\/strong><\/h4>\n<h4>Colley Jules figure au Journal Officiel \u00a0du 18 novembre 1920\u2033\u00a0matricule\u00a006092, soldat: \u00a0vaillant soldat. Tu\u00e9 \u00e0 son poste de combat, le 13 ao\u00fbt 1914 \u00e0 <span class=\"highlightedText\">Montreux-Vieux.<\/span> Croix de guerre avec \u00e9toile de bronze\u00a0\u00bb<\/h4>\n<h6>Sources: JO 18 novembre 1920<\/h6>\n<h4 style=\"text-align: center;\"><strong>Florenceau Pierre tu\u00e9 \u00e0 Montreux-Vieux au journal officiel du 19 juillet 1920<\/strong><\/h4>\n<h4 style=\"text-align: justify;\">FLORENCEAU (Pierre), matricule \u00a04400. canonnier :\u00a0canonnier du plus grand courage et du plus\u00a0entier d\u00e9vouement. S&rsquo;\u00e9tait particuli\u00e8rement\u00a0distingu\u00e9 \u00e0 Verdun, en mai 1916 et en avril\u00a01917, dans l&rsquo;armement et le service d&rsquo;une batterie \u00e0 400 m\u00e8tres des lignes ennemie, dans une\u00a0zone violemment bombard\u00e9e. En mai 1917, la\u00a0batterie \u00e9tant soumise \u00e0 un tir continu d&rsquo;obus\u00a0de gros calibre et asphyxiants, a donn\u00e9 de\u00a0nouvelles preuves de courage calme et de\u00a0aang froid. A \u00e9t\u00e9 tu\u00e9 \u00e0 son poste le 24 juillet\u00a01917, \u00e0\u00a0<strong>Montreux-Vieux.<\/strong>\u00a0A \u00e9t\u00e9 cit\u00e9.<\/h4>\n<h6 style=\"text-align: justify;\">Sources: JO 19 juillet 1920<\/h6>\n<h4 style=\"text-align: center;\"><strong>Brumter Auguste tu\u00e9 devant Montreux-Vieux au journal officiel du 14 novembre 1920<\/strong><\/h4>\n<h4 style=\"text-align: justify;\">Brumter Auguste Eug\u00e8ne, matricule 016623, soldat : brave soldat. Tu\u00e9 pour la France, le\u00a013 ao\u00fbt 1914, \u00e0 son poste de combat, devant\u00a0<strong>Montreux-Vieux,<\/strong>\u00a0en accomplissant son devoir.\u00a0Croix de guerre avec \u00e9toile de bronze.\u00a0Jo 14 11 1920 .\u00a0<span style=\"font-family: Georgia; color: black; font-weight: normal;\">Figure sur une\u00a0liste des morts \u00e0 LEPUIX: \u00a0BrumterAuguste d\u00e9c\u00e9d\u00e9 le 13 ao\u00fbt 1914 \u00e0 Montreux-Vieux<\/span><\/h4>\n<h6 style=\"text-align: justify;\"><span style=\"font-family: Georgia; color: black;\">sources: \u00a0http:\/\/www.patrimoine-horloge.fr\/fichiers\/Guerre19141918.pdf<\/span><\/h6>\n<h4 style=\"text-align: center;\"><strong>Joseph Schneider tu\u00e9 \u00e0 Montreux-Vieux\u00a0<\/strong><\/h4>\n<h4>M. Joseph Schneider, tomb\u00e9 le\u00a0l3 ao\u00fbt 1914, au combat de\u00a0<strong>Montreux-Vieux<\/strong><\/h4>\n<h6 style=\"text-align: justify; line-height: 18.0pt; background: white; vertical-align: baseline; orphans: auto; widows: 1; -webkit-text-stroke-width: 0px; word-spacing: 0px; margin: 0cm 0cm 15.0pt 0cm;\">Sources Le Gaulois du 08 ao\u00fbt 1915<\/h6>\n","protected":false},"excerpt":{"rendered":"<p>Comm\u00e9moration du Centenaire de l\u2019Armistice du 11 novembre 1918 Programme de la C\u00e9r\u00e9monie du dimanche 11 novembre 2018 10 heures : \u00a0 Office religieux \u00e0 la m\u00e9moire des \u00a0Morts tomb\u00e9s au Champ D\u2019Honneur 10 heures 45:\u00a0 \u00a0C\u00e9r\u00e9monie du Souvenir au &hellip; <a href=\"https:\/\/montreux-vieux.net\/?page_id=11760\">Continuer la lecture <span class=\"meta-nav\">&rarr;<\/span><\/a><\/p>\n","protected":false},"author":1,"featured_media":0,"parent":12673,"menu_order":8,"comment_status":"closed","ping_status":"open","template":"","meta":{"footnotes":""},"class_list":["post-11760","page","type-page","status-publish","hentry"],"_links":{"self":[{"href":"https:\/\/montreux-vieux.net\/index.php?rest_route=\/wp\/v2\/pages\/11760","targetHints":{"allow":["GET"]}}],"collection":[{"href":"https:\/\/montreux-vieux.net\/index.php?rest_route=\/wp\/v2\/pages"}],"about":[{"href":"https:\/\/montreux-vieux.net\/index.php?rest_route=\/wp\/v2\/types\/page"}],"author":[{"embeddable":true,"href":"https:\/\/montreux-vieux.net\/index.php?rest_route=\/wp\/v2\/users\/1"}],"replies":[{"embeddable":true,"href":"https:\/\/montreux-vieux.net\/index.php?rest_route=%2Fwp%2Fv2%2Fcomments&post=11760"}],"version-history":[{"count":4,"href":"https:\/\/montreux-vieux.net\/index.php?rest_route=\/wp\/v2\/pages\/11760\/revisions"}],"predecessor-version":[{"id":17677,"href":"https:\/\/montreux-vieux.net\/index.php?rest_route=\/wp\/v2\/pages\/11760\/revisions\/17677"}],"up":[{"embeddable":true,"href":"https:\/\/montreux-vieux.net\/index.php?rest_route=\/wp\/v2\/pages\/12673"}],"wp:attachment":[{"href":"https:\/\/montreux-vieux.net\/index.php?rest_route=%2Fwp%2Fv2%2Fmedia&parent=11760"}],"curies":[{"name":"wp","href":"https:\/\/api.w.org\/{rel}","templated":true}]}}