{"id":11773,"date":"2018-11-05T15:36:20","date_gmt":"2018-11-05T14:36:20","guid":{"rendered":"http:\/\/montreux-vieux.net\/?page_id=11773"},"modified":"2019-01-03T13:47:09","modified_gmt":"2019-01-03T12:47:09","slug":"avec-ou-sans-barbe","status":"publish","type":"page","link":"https:\/\/montreux-vieux.net\/?page_id=11773","title":{"rendered":"Avec ou sans barbe ?"},"content":{"rendered":"<h3 style=\"text-align: center;\">Avec ou sans barbe ?<\/h3>\n<p><a href=\"http:\/\/montreux-vieux.net\/montreux-vieux.net\/wp-content\/uploads\/2018\/11\/ScreenShot1385.jpg\" target=\"_blank\" rel=\"noopener\"><img loading=\"lazy\" decoding=\"async\" class=\"aligncenter wp-image-11771 size-full\" src=\"http:\/\/montreux-vieux.net\/montreux-vieux.net\/wp-content\/uploads\/2018\/11\/ScreenShot1385.jpg\" alt=\"\" width=\"593\" height=\"380\" srcset=\"https:\/\/montreux-vieux.net\/montreux-vieux.net\/wp-content\/uploads\/2018\/11\/ScreenShot1385.jpg 593w, https:\/\/montreux-vieux.net\/montreux-vieux.net\/wp-content\/uploads\/2018\/11\/ScreenShot1385-300x192.jpg 300w\" sizes=\"auto, (max-width: 593px) 100vw, 593px\" \/><\/a><\/p>\n<p>&nbsp;<\/p>\n<h4 style=\"text-align: justify;\">Toujours \u00e0&nbsp;<strong>Montreux-Vieux<\/strong>&nbsp;: il n&rsquo;y a&nbsp;d&rsquo;ailleurs aucune raison pour que cela finisse. Mais l&rsquo;incident que je vous t\u00e9l\u00e9graphie est, pour une fois, du genre gai.<\/h4>\n<h4 style=\"text-align: justify;\">Un n\u00e9gociant de la localit\u00e9 fronti\u00e8re de&nbsp;Foussemagne, M. C\u00e9lestin Catt\u00e9, est fr\u00e9quemment appel\u00e9 en Alsace pour affaires;&nbsp;aussi s&rsquo;est-il mis en r\u00e8gle avec le d\u00e9cret de&nbsp;M. deHohenlohe. C&rsquo;est muni d&rsquo;un passeport d\u00fbment vis\u00e9 \u00e0 l&rsquo;ambassade allemande&nbsp;qu&rsquo;il franchit la fronti\u00e8re. Seulement M.&nbsp;Catt\u00e9 a oubli\u00e9 une chose, c&rsquo;est de conserver&nbsp;\u00e0 son physique le signalement qui figure&nbsp;sur son passeport, lequel le dit imberbe,&nbsp;alors qu&rsquo;il a laiss\u00e9 pousser sa barbe !<\/h4>\n<h4 style=\"text-align: justify;\">On devine le reste. A&nbsp;<strong>Montreux-Vieux,<\/strong>&nbsp;M. Catt\u00e9 est repouss\u00e9, sous pr\u00e9texte qu&rsquo;il&nbsp;porte une barbe que son passeport ne porte&nbsp;pas. De sorte que notre compatriote a \u00e9t\u00e9&nbsp;oblig\u00e9 de rebrousser chemin et de se mettre en qu\u00eate d&rsquo;un Figaro. Ce n&rsquo;est qu&rsquo;apr\u00e8s&nbsp;avoir \u00e9t\u00e9 ras\u00e9 de pr\u00e8s que le commissaire&nbsp;sp\u00e9cial et ses acolytes ont laiss\u00e9 M. Catt\u00e9 poursuivre sa route.<\/h4>\n<h4 style=\"text-align: justify;\">Elle est bien bonne!<\/h4>\n<h6><strong>Sources: Le XIXe si\u00e8cle : journal quotidien politique et litt\u00e9raire 12 d\u00e9cembre 1888<\/strong><\/h6>\n","protected":false},"excerpt":{"rendered":"<p>Avec ou sans barbe ? &nbsp; Toujours \u00e0&nbsp;Montreux-Vieux&nbsp;: il n&rsquo;y a&nbsp;d&rsquo;ailleurs aucune raison pour que cela finisse. Mais l&rsquo;incident que je vous t\u00e9l\u00e9graphie est, pour une fois, du genre gai. Un n\u00e9gociant de la localit\u00e9 fronti\u00e8re de&nbsp;Foussemagne, M. C\u00e9lestin Catt\u00e9, &hellip; <a href=\"https:\/\/montreux-vieux.net\/?page_id=11773\">Continuer la lecture <span class=\"meta-nav\">&rarr;<\/span><\/a><\/p>\n","protected":false},"author":1,"featured_media":0,"parent":13130,"menu_order":36,"comment_status":"closed","ping_status":"open","template":"","meta":{"footnotes":""},"class_list":["post-11773","page","type-page","status-publish","hentry"],"_links":{"self":[{"href":"https:\/\/montreux-vieux.net\/index.php?rest_route=\/wp\/v2\/pages\/11773","targetHints":{"allow":["GET"]}}],"collection":[{"href":"https:\/\/montreux-vieux.net\/index.php?rest_route=\/wp\/v2\/pages"}],"about":[{"href":"https:\/\/montreux-vieux.net\/index.php?rest_route=\/wp\/v2\/types\/page"}],"author":[{"embeddable":true,"href":"https:\/\/montreux-vieux.net\/index.php?rest_route=\/wp\/v2\/users\/1"}],"replies":[{"embeddable":true,"href":"https:\/\/montreux-vieux.net\/index.php?rest_route=%2Fwp%2Fv2%2Fcomments&post=11773"}],"version-history":[{"count":2,"href":"https:\/\/montreux-vieux.net\/index.php?rest_route=\/wp\/v2\/pages\/11773\/revisions"}],"predecessor-version":[{"id":13444,"href":"https:\/\/montreux-vieux.net\/index.php?rest_route=\/wp\/v2\/pages\/11773\/revisions\/13444"}],"up":[{"embeddable":true,"href":"https:\/\/montreux-vieux.net\/index.php?rest_route=\/wp\/v2\/pages\/13130"}],"wp:attachment":[{"href":"https:\/\/montreux-vieux.net\/index.php?rest_route=%2Fwp%2Fv2%2Fmedia&parent=11773"}],"curies":[{"name":"wp","href":"https:\/\/api.w.org\/{rel}","templated":true}]}}