{"id":11786,"date":"2018-11-05T16:18:26","date_gmt":"2018-11-05T15:18:26","guid":{"rendered":"http:\/\/montreux-vieux.net\/?page_id=11786"},"modified":"2019-01-03T13:27:16","modified_gmt":"2019-01-03T12:27:16","slug":"un-garconnet-de-5-ans-tombe-du-train-et-se-tue-a-montreux-vieux","status":"publish","type":"page","link":"https:\/\/montreux-vieux.net\/?page_id=11786","title":{"rendered":"Un gar\u00e7onnet de 5 ans tombe du train et se tue \u00e0 Montreux-Vieux"},"content":{"rendered":"<h3 style=\"text-align: center;\">Un gar\u00e7onnet de 5 ans tombe du train et se tue \u00e0 Montreux-Vieux<\/h3>\n<p style=\"text-align: center;\"><a href=\"http:\/\/montreux-vieux.net\/montreux-vieux.net\/wp-content\/uploads\/2018\/11\/nouvel12.jpg\" target=\"_blank\" rel=\"noopener\"><img loading=\"lazy\" decoding=\"async\" class=\"aligncenter wp-image-11784 size-full\" src=\"http:\/\/montreux-vieux.net\/montreux-vieux.net\/wp-content\/uploads\/2018\/11\/nouvel12.jpg\" alt=\"\" width=\"320\" height=\"240\" srcset=\"https:\/\/montreux-vieux.net\/montreux-vieux.net\/wp-content\/uploads\/2018\/11\/nouvel12.jpg 320w, https:\/\/montreux-vieux.net\/montreux-vieux.net\/wp-content\/uploads\/2018\/11\/nouvel12-300x225.jpg 300w\" sizes=\"auto, (max-width: 320px) 100vw, 320px\" \/><\/a><\/p>\n<h4 style=\"text-align: justify;\">Bellort. \u2014 A une centaine de m\u00e8tres de la&nbsp;gare fronti\u00e8re de&nbsp;<strong>Montreux-Vieux,<\/strong>&nbsp;un gar\u00e7onnet&nbsp;de 5 ans s&rsquo;est, tu\u00e9 sur le coup, sous les yeux de&nbsp;&amp;es parents, en tombant par la porti\u00e8re mal&nbsp;ferm\u00e9e d&rsquo;un wagon du train de Mulhouse.<br \/>\n<strong>Sources: La Lanterne<\/strong><strong> 28 mai 1912<\/strong><\/h4>\n","protected":false},"excerpt":{"rendered":"<p>Un gar\u00e7onnet de 5 ans tombe du train et se tue \u00e0 Montreux-Vieux Bellort. \u2014 A une centaine de m\u00e8tres de la&nbsp;gare fronti\u00e8re de&nbsp;Montreux-Vieux,&nbsp;un gar\u00e7onnet&nbsp;de 5 ans s&rsquo;est, tu\u00e9 sur le coup, sous les yeux de&nbsp;&amp;es parents, en tombant par &hellip; <a href=\"https:\/\/montreux-vieux.net\/?page_id=11786\">Continuer la lecture <span class=\"meta-nav\">&rarr;<\/span><\/a><\/p>\n","protected":false},"author":1,"featured_media":0,"parent":13044,"menu_order":90,"comment_status":"closed","ping_status":"open","template":"","meta":{"footnotes":""},"class_list":["post-11786","page","type-page","status-publish","hentry"],"_links":{"self":[{"href":"https:\/\/montreux-vieux.net\/index.php?rest_route=\/wp\/v2\/pages\/11786","targetHints":{"allow":["GET"]}}],"collection":[{"href":"https:\/\/montreux-vieux.net\/index.php?rest_route=\/wp\/v2\/pages"}],"about":[{"href":"https:\/\/montreux-vieux.net\/index.php?rest_route=\/wp\/v2\/types\/page"}],"author":[{"embeddable":true,"href":"https:\/\/montreux-vieux.net\/index.php?rest_route=\/wp\/v2\/users\/1"}],"replies":[{"embeddable":true,"href":"https:\/\/montreux-vieux.net\/index.php?rest_route=%2Fwp%2Fv2%2Fcomments&post=11786"}],"version-history":[{"count":2,"href":"https:\/\/montreux-vieux.net\/index.php?rest_route=\/wp\/v2\/pages\/11786\/revisions"}],"predecessor-version":[{"id":13431,"href":"https:\/\/montreux-vieux.net\/index.php?rest_route=\/wp\/v2\/pages\/11786\/revisions\/13431"}],"up":[{"embeddable":true,"href":"https:\/\/montreux-vieux.net\/index.php?rest_route=\/wp\/v2\/pages\/13044"}],"wp:attachment":[{"href":"https:\/\/montreux-vieux.net\/index.php?rest_route=%2Fwp%2Fv2%2Fmedia&parent=11786"}],"curies":[{"name":"wp","href":"https:\/\/api.w.org\/{rel}","templated":true}]}}