{"id":11804,"date":"2018-11-06T10:18:35","date_gmt":"2018-11-06T09:18:35","guid":{"rendered":"http:\/\/montreux-vieux.net\/?page_id=11804"},"modified":"2022-06-24T09:00:17","modified_gmt":"2022-06-24T08:00:17","slug":"m-eysseric-henri-eugerie-joseph-nomme-officier-dadministration-dans-larmee-territoriale","status":"publish","type":"page","link":"https:\/\/montreux-vieux.net\/?page_id=11804","title":{"rendered":"M. Eyss\u00e9ric (Henri-Eug\u00e8ne-Joseph) nomm\u00e9 Officier d&rsquo;Administration dans l&rsquo;arm\u00e9e territoriale"},"content":{"rendered":"<h3 style=\"text-align: center;\">M. Eyss\u00e9ric (Henri-Eug\u00e8ne-Joseph) nomm\u00e9 Officier d&rsquo;Administration dans l&rsquo;arm\u00e9e territoriale<\/h3>\n<h4 style=\"text-align: justify;\"><a href=\"http:\/\/montreux-vieux.net\/montreux-vieux.net\/wp-content\/uploads\/2018\/11\/ScreenShot1388.jpg\" target=\"_blank\" rel=\"noopener\"><img loading=\"lazy\" decoding=\"async\" class=\"aligncenter wp-image-11802 size-full\" src=\"http:\/\/montreux-vieux.net\/montreux-vieux.net\/wp-content\/uploads\/2018\/11\/ScreenShot1388.jpg\" alt=\"\" width=\"181\" height=\"182\" srcset=\"https:\/\/montreux-vieux.net\/montreux-vieux.net\/wp-content\/uploads\/2018\/11\/ScreenShot1388.jpg 181w, https:\/\/montreux-vieux.net\/montreux-vieux.net\/wp-content\/uploads\/2018\/11\/ScreenShot1388-150x150.jpg 150w\" sizes=\"auto, (max-width: 181px) 100vw, 181px\" \/><\/a><br \/>\nPar d\u00e9cret en date du 19 octobre 1921, rendu par le Pr\u00e9sident de la R\u00e9publique, sur le rapport du ministre de la guerre, est nomm\u00e9 dans le grade de l&rsquo;arm\u00e9e territoriale du service de sant\u00e9, \u00e0 compter du 25 juin 1921 : Au grade d&rsquo;officier d&rsquo;administration de 2e classe. (Pour prendre rang du 18 novembre 1918.) M. Eyss\u00e9ric (Henri-Eug\u00e8ne-Joseph), officier d&rsquo;administration de 2e classe, ray\u00e9 des contr\u00f4les de l&rsquo;activit\u00e9, le 25 juin 1921, domicili\u00e9 \u00e0 <strong>Montreux-Vieux<\/strong>\u00a0(Haut-Rhin), affect\u00e9 au 7e corps\u00a0d&rsquo;arm\u00e9e (arm\u00e9e territoriale).\u00a0 JO 28 10 1921<\/h4>\n<h6>Strasbourg (Alsace), le 23 janvier 1919<\/h6>\n","protected":false},"excerpt":{"rendered":"<p>M. Eyss\u00e9ric (Henri-Eug\u00e8ne-Joseph) nomm\u00e9 Officier d&rsquo;Administration dans l&rsquo;arm\u00e9e territoriale Par d\u00e9cret en date du 19 octobre 1921, rendu par le Pr\u00e9sident de la R\u00e9publique, sur le rapport du ministre de la guerre, est nomm\u00e9 dans le grade de l&rsquo;arm\u00e9e territoriale &hellip; <a href=\"https:\/\/montreux-vieux.net\/?page_id=11804\">Continuer la lecture <span class=\"meta-nav\">&rarr;<\/span><\/a><\/p>\n","protected":false},"author":1,"featured_media":0,"parent":13095,"menu_order":34,"comment_status":"closed","ping_status":"open","template":"","meta":{"footnotes":""},"class_list":["post-11804","page","type-page","status-publish","hentry"],"_links":{"self":[{"href":"https:\/\/montreux-vieux.net\/index.php?rest_route=\/wp\/v2\/pages\/11804","targetHints":{"allow":["GET"]}}],"collection":[{"href":"https:\/\/montreux-vieux.net\/index.php?rest_route=\/wp\/v2\/pages"}],"about":[{"href":"https:\/\/montreux-vieux.net\/index.php?rest_route=\/wp\/v2\/types\/page"}],"author":[{"embeddable":true,"href":"https:\/\/montreux-vieux.net\/index.php?rest_route=\/wp\/v2\/users\/1"}],"replies":[{"embeddable":true,"href":"https:\/\/montreux-vieux.net\/index.php?rest_route=%2Fwp%2Fv2%2Fcomments&post=11804"}],"version-history":[{"count":3,"href":"https:\/\/montreux-vieux.net\/index.php?rest_route=\/wp\/v2\/pages\/11804\/revisions"}],"predecessor-version":[{"id":24888,"href":"https:\/\/montreux-vieux.net\/index.php?rest_route=\/wp\/v2\/pages\/11804\/revisions\/24888"}],"up":[{"embeddable":true,"href":"https:\/\/montreux-vieux.net\/index.php?rest_route=\/wp\/v2\/pages\/13095"}],"wp:attachment":[{"href":"https:\/\/montreux-vieux.net\/index.php?rest_route=%2Fwp%2Fv2%2Fmedia&parent=11804"}],"curies":[{"name":"wp","href":"https:\/\/api.w.org\/{rel}","templated":true}]}}