{"id":11813,"date":"2018-11-06T10:42:07","date_gmt":"2018-11-06T09:42:07","guid":{"rendered":"http:\/\/montreux-vieux.net\/?page_id=11813"},"modified":"2019-01-03T13:30:55","modified_gmt":"2019-01-03T12:30:55","slug":"madame-figenwald-commercante-a-montreux-vieux-et-son-fils-au-tribunal","status":"publish","type":"page","link":"https:\/\/montreux-vieux.net\/?page_id=11813","title":{"rendered":"Madame Figenwald commer\u00e7ante \u00e0 Montreux-Vieux et son fils au tribunal"},"content":{"rendered":"<h3 style=\"text-align: center;\">Madame Figenwald commer\u00e7ante \u00e0 Montreux-Vieux et son fils au tribunal<\/h3>\n<p><a href=\"http:\/\/montreux-vieux.net\/montreux-vieux.net\/wp-content\/uploads\/2018\/11\/ScreenShot1389.jpg\" target=\"_blank\" rel=\"noopener\"><img loading=\"lazy\" decoding=\"async\" class=\"aligncenter wp-image-11811 size-full\" src=\"http:\/\/montreux-vieux.net\/montreux-vieux.net\/wp-content\/uploads\/2018\/11\/ScreenShot1389.jpg\" alt=\"\" width=\"414\" height=\"246\" srcset=\"https:\/\/montreux-vieux.net\/montreux-vieux.net\/wp-content\/uploads\/2018\/11\/ScreenShot1389.jpg 414w, https:\/\/montreux-vieux.net\/montreux-vieux.net\/wp-content\/uploads\/2018\/11\/ScreenShot1389-300x178.jpg 300w\" sizes=\"auto, (max-width: 414px) 100vw, 414px\" \/><\/a><\/p>\n<h4 style=\"text-align: justify;\">Le greffier du tribunal r\u00e9gional.&nbsp;Signification publique.<\/h4>\n<h4 style=\"text-align: justify;\">Le sieur Rafael Estaras, n\u00e9gociant \u00e0 Mulhouse,passage de l&rsquo;H\u00f4tel-de-Villo, no 2, demandeur,&nbsp;repr\u00e9sent\u00e9 par Me Nordmann, avocat \u00e0 Mulhouse, a intent\u00e9 un proc\u00e8s contre : 1\u00b0 le sieur&nbsp;Ren\u00e9 Fiegenwald, n\u00e9gociant, anciennement \u00e0&nbsp;<strong>Montreux-Vieux,<\/strong>&nbsp;actuellement sans domicile ni r\u00e9sidence connus ; 2\u00b0 sa m\u00e8re, la veuve&nbsp;Fiegenwald. commerce de comestibles \u00e0&nbsp;<strong>Mon<\/strong><strong>treux-Vieux,<\/strong>&nbsp;d\u00e9fendeurs, et demande \u00e0 ce qu&rsquo;il&nbsp;plaise au tribunal :<br \/>\n1\u00b0 Condamner les d\u00e9fendeurs solidairement&nbsp;\u00e0 payer au demandeur la somme de 5,223 fr.<br \/>\n(cinq mille deux cent vingt-trois francs), plus&nbsp;5 p. 100 d&rsquo;int\u00e9r\u00eats \u00e0 partir du 16 janvier 1919 ;<br \/>\n2\u00b0 Les condamner aux d\u00e9pens ;<br \/>\n3\u00b0 Ordonner l&rsquo;ex\u00e9cution provisoire du jugement, \u00e9ventuellement sous caution.<\/h4>\n<h4 style=\"text-align: justify;\">Le demandeur convoque le d\u00e9fendeur Ren\u00e9&nbsp;Fiegenwald par voie de signification publique&nbsp;\u00e0 l&rsquo;audience du tribunal r\u00e9gional (chambre&nbsp;commerciale) de Mulhouse du 12 d\u00e9cembre&nbsp;1919, \u00e0 neuf heures du matin, fix\u00e9e pour les&nbsp;d\u00e9bats, avec la sommation de se faire repr\u00e9senter par un avocat inscrit au tableau des&nbsp;avocats dudit tribunal.<\/h4>\n<h4 style=\"text-align: justify;\">Mulhouse, le 10 octobre 1919.<\/h4>\n<h6>Le greffier du tribunal r\u00e9gional.&nbsp;Jo 14 octobre 1919<\/h6>\n","protected":false},"excerpt":{"rendered":"<p>Madame Figenwald commer\u00e7ante \u00e0 Montreux-Vieux et son fils au tribunal Le greffier du tribunal r\u00e9gional.&nbsp;Signification publique. Le sieur Rafael Estaras, n\u00e9gociant \u00e0 Mulhouse,passage de l&rsquo;H\u00f4tel-de-Villo, no 2, demandeur,&nbsp;repr\u00e9sent\u00e9 par Me Nordmann, avocat \u00e0 Mulhouse, a intent\u00e9 un proc\u00e8s contre : &hellip; <a href=\"https:\/\/montreux-vieux.net\/?page_id=11813\">Continuer la lecture <span class=\"meta-nav\">&rarr;<\/span><\/a><\/p>\n","protected":false},"author":1,"featured_media":0,"parent":13044,"menu_order":94,"comment_status":"closed","ping_status":"open","template":"","meta":{"footnotes":""},"class_list":["post-11813","page","type-page","status-publish","hentry"],"_links":{"self":[{"href":"https:\/\/montreux-vieux.net\/index.php?rest_route=\/wp\/v2\/pages\/11813","targetHints":{"allow":["GET"]}}],"collection":[{"href":"https:\/\/montreux-vieux.net\/index.php?rest_route=\/wp\/v2\/pages"}],"about":[{"href":"https:\/\/montreux-vieux.net\/index.php?rest_route=\/wp\/v2\/types\/page"}],"author":[{"embeddable":true,"href":"https:\/\/montreux-vieux.net\/index.php?rest_route=\/wp\/v2\/users\/1"}],"replies":[{"embeddable":true,"href":"https:\/\/montreux-vieux.net\/index.php?rest_route=%2Fwp%2Fv2%2Fcomments&post=11813"}],"version-history":[{"count":2,"href":"https:\/\/montreux-vieux.net\/index.php?rest_route=\/wp\/v2\/pages\/11813\/revisions"}],"predecessor-version":[{"id":13433,"href":"https:\/\/montreux-vieux.net\/index.php?rest_route=\/wp\/v2\/pages\/11813\/revisions\/13433"}],"up":[{"embeddable":true,"href":"https:\/\/montreux-vieux.net\/index.php?rest_route=\/wp\/v2\/pages\/13044"}],"wp:attachment":[{"href":"https:\/\/montreux-vieux.net\/index.php?rest_route=%2Fwp%2Fv2%2Fmedia&parent=11813"}],"curies":[{"name":"wp","href":"https:\/\/api.w.org\/{rel}","templated":true}]}}