{"id":11820,"date":"2018-11-06T16:09:48","date_gmt":"2018-11-06T15:09:48","guid":{"rendered":"http:\/\/montreux-vieux.net\/?page_id=11820"},"modified":"2019-01-03T13:48:04","modified_gmt":"2019-01-03T12:48:04","slug":"quand-les-francais-livraient-a-montreux-vieux-des-espions-ou-deserteurs-allemands","status":"publish","type":"page","link":"https:\/\/montreux-vieux.net\/?page_id=11820","title":{"rendered":"Quand les fran\u00e7ais livraient \u00e0 Montreux-Vieux des espions ou deserteurs allemands"},"content":{"rendered":"<h3 style=\"text-align: center;\">Quand les fran\u00e7ais livraient \u00e0 Montreux-Vieux des espions ou deserteurs allemands<\/h3>\n<p><a href=\"http:\/\/montreux-vieux.net\/montreux-vieux.net\/wp-content\/uploads\/2018\/11\/ScreenShot1391.jpg\" target=\"_blank\" rel=\"noopener\"><img loading=\"lazy\" decoding=\"async\" class=\"aligncenter wp-image-11816 size-full\" src=\"http:\/\/montreux-vieux.net\/montreux-vieux.net\/wp-content\/uploads\/2018\/11\/ScreenShot1391.jpg\" alt=\"\" width=\"998\" height=\"622\" srcset=\"https:\/\/montreux-vieux.net\/montreux-vieux.net\/wp-content\/uploads\/2018\/11\/ScreenShot1391.jpg 998w, https:\/\/montreux-vieux.net\/montreux-vieux.net\/wp-content\/uploads\/2018\/11\/ScreenShot1391-300x187.jpg 300w, https:\/\/montreux-vieux.net\/montreux-vieux.net\/wp-content\/uploads\/2018\/11\/ScreenShot1391-768x479.jpg 768w, https:\/\/montreux-vieux.net\/montreux-vieux.net\/wp-content\/uploads\/2018\/11\/ScreenShot1391-600x374.jpg 600w\" sizes=\"auto, (max-width: 998px) 100vw, 998px\" \/><\/a><\/p>\n<h4 style=\"text-align: justify;\">Deux officiers badois sont venus recevoir, \u00e0&nbsp;<strong>Montreux-Vieux,<\/strong>&nbsp;le lieutenant de Kessel, que la gendarmerie fran\u00e7aise a reconduit jusqu&rsquo;\u00e0 la fronti\u00e8re. Le&nbsp;lieutenant de Kessel avait \u00e9t\u00e9, comme on sait, arr\u00eat\u00e9 \u00e0 Paris en m\u00eame temps que le lieutenant de&nbsp;Sch\u0153ncbeck, condamn\u00e9 r\u00e9cemment pour espionnage. Officier des grenadiers de la garde badoise,&nbsp;de Kessel a \u00e0 r\u00e9pondre devant la juridiction militaire prussienne d&rsquo;absence ill\u00e9gale de son corps, ou&nbsp; m\u00eame, para\u00eet-il, de d\u00e9sertion.<\/h4>\n<h6>Sources: &nbsp;Le Temps 26 janvier 1895<\/h6>\n","protected":false},"excerpt":{"rendered":"<p>Quand les fran\u00e7ais livraient \u00e0 Montreux-Vieux des espions ou deserteurs allemands Deux officiers badois sont venus recevoir, \u00e0&nbsp;Montreux-Vieux,&nbsp;le lieutenant de Kessel, que la gendarmerie fran\u00e7aise a reconduit jusqu&rsquo;\u00e0 la fronti\u00e8re. Le&nbsp;lieutenant de Kessel avait \u00e9t\u00e9, comme on sait, arr\u00eat\u00e9 \u00e0 &hellip; <a href=\"https:\/\/montreux-vieux.net\/?page_id=11820\">Continuer la lecture <span class=\"meta-nav\">&rarr;<\/span><\/a><\/p>\n","protected":false},"author":1,"featured_media":0,"parent":13130,"menu_order":38,"comment_status":"closed","ping_status":"open","template":"","meta":{"footnotes":""},"class_list":["post-11820","page","type-page","status-publish","hentry"],"_links":{"self":[{"href":"https:\/\/montreux-vieux.net\/index.php?rest_route=\/wp\/v2\/pages\/11820","targetHints":{"allow":["GET"]}}],"collection":[{"href":"https:\/\/montreux-vieux.net\/index.php?rest_route=\/wp\/v2\/pages"}],"about":[{"href":"https:\/\/montreux-vieux.net\/index.php?rest_route=\/wp\/v2\/types\/page"}],"author":[{"embeddable":true,"href":"https:\/\/montreux-vieux.net\/index.php?rest_route=\/wp\/v2\/users\/1"}],"replies":[{"embeddable":true,"href":"https:\/\/montreux-vieux.net\/index.php?rest_route=%2Fwp%2Fv2%2Fcomments&post=11820"}],"version-history":[{"count":2,"href":"https:\/\/montreux-vieux.net\/index.php?rest_route=\/wp\/v2\/pages\/11820\/revisions"}],"predecessor-version":[{"id":13445,"href":"https:\/\/montreux-vieux.net\/index.php?rest_route=\/wp\/v2\/pages\/11820\/revisions\/13445"}],"up":[{"embeddable":true,"href":"https:\/\/montreux-vieux.net\/index.php?rest_route=\/wp\/v2\/pages\/13130"}],"wp:attachment":[{"href":"https:\/\/montreux-vieux.net\/index.php?rest_route=%2Fwp%2Fv2%2Fmedia&parent=11820"}],"curies":[{"name":"wp","href":"https:\/\/api.w.org\/{rel}","templated":true}]}}