{"id":11834,"date":"2018-11-07T15:06:18","date_gmt":"2018-11-07T14:06:18","guid":{"rendered":"http:\/\/montreux-vieux.net\/?page_id=11834"},"modified":"2019-01-03T13:37:00","modified_gmt":"2019-01-03T12:37:00","slug":"certains-journaux-interdits-a-montreux-vieux","status":"publish","type":"page","link":"https:\/\/montreux-vieux.net\/?page_id=11834","title":{"rendered":"Certains journaux interdits \u00e0 Montreux-Vieux"},"content":{"rendered":"<h3 style=\"text-align: center;\">Certains journaux interdits \u00e0 Montreux-Vieux<\/h3>\n<p><a href=\"http:\/\/montreux-vieux.net\/montreux-vieux.net\/wp-content\/uploads\/2018\/11\/ScreenShot1393.jpg\" target=\"_blank\" rel=\"noopener\"><img loading=\"lazy\" decoding=\"async\" class=\"aligncenter wp-image-11832 size-full\" src=\"http:\/\/montreux-vieux.net\/montreux-vieux.net\/wp-content\/uploads\/2018\/11\/ScreenShot1393.jpg\" alt=\"\" width=\"261\" height=\"151\"><\/a><\/p>\n<h4 style=\"text-align: justify;\">\u2014 Un employ\u00e9 de la Compagnie de l&rsquo;Est,&nbsp;que la v\u00e9rification du mat\u00e9riel amenait tous&nbsp;les jours \u00e0 la gare allemande de&nbsp;<strong>Montreux-Vieux,<\/strong>&nbsp;avait pris l&rsquo;habitude d&rsquo;apporter \u00e0 un&nbsp;tiers des journaux francais soumis \u00e0 la censure ou interdits en Alsace-Lorraine. La police&nbsp;de la gare de&nbsp;<strong>Montreux-Vieux,<\/strong>&nbsp;s&rsquo;etant aper\u00e7ue&nbsp;de ce fait, a dress\u00e9 proc\u00e8s-verbal \u00e0 l&#8217;employ\u00e9&nbsp;francais et au destinataire des journaux pour\u2022 infraction aux r\u00e8glements de la police de fronti\u00e8re. L&rsquo;affaire viendra probablement devant le&nbsp;tribunal correctionnel de Mulhouse. &nbsp;(C\u00e9tait le cas de M. Nass distilatteur \u00e0 Belfort en date du 8 octobre 1888)<\/h4>\n<h6>Sources: Journal des Fourmies 11 f\u00e9vrier 1892<\/h6>\n","protected":false},"excerpt":{"rendered":"<p>Certains journaux interdits \u00e0 Montreux-Vieux \u2014 Un employ\u00e9 de la Compagnie de l&rsquo;Est,&nbsp;que la v\u00e9rification du mat\u00e9riel amenait tous&nbsp;les jours \u00e0 la gare allemande de&nbsp;Montreux-Vieux,&nbsp;avait pris l&rsquo;habitude d&rsquo;apporter \u00e0 un&nbsp;tiers des journaux francais soumis \u00e0 la censure ou interdits en &hellip; <a href=\"https:\/\/montreux-vieux.net\/?page_id=11834\">Continuer la lecture <span class=\"meta-nav\">&rarr;<\/span><\/a><\/p>\n","protected":false},"author":1,"featured_media":0,"parent":13095,"menu_order":36,"comment_status":"closed","ping_status":"open","template":"","meta":{"footnotes":""},"class_list":["post-11834","page","type-page","status-publish","hentry"],"_links":{"self":[{"href":"https:\/\/montreux-vieux.net\/index.php?rest_route=\/wp\/v2\/pages\/11834","targetHints":{"allow":["GET"]}}],"collection":[{"href":"https:\/\/montreux-vieux.net\/index.php?rest_route=\/wp\/v2\/pages"}],"about":[{"href":"https:\/\/montreux-vieux.net\/index.php?rest_route=\/wp\/v2\/types\/page"}],"author":[{"embeddable":true,"href":"https:\/\/montreux-vieux.net\/index.php?rest_route=\/wp\/v2\/users\/1"}],"replies":[{"embeddable":true,"href":"https:\/\/montreux-vieux.net\/index.php?rest_route=%2Fwp%2Fv2%2Fcomments&post=11834"}],"version-history":[{"count":2,"href":"https:\/\/montreux-vieux.net\/index.php?rest_route=\/wp\/v2\/pages\/11834\/revisions"}],"predecessor-version":[{"id":13437,"href":"https:\/\/montreux-vieux.net\/index.php?rest_route=\/wp\/v2\/pages\/11834\/revisions\/13437"}],"up":[{"embeddable":true,"href":"https:\/\/montreux-vieux.net\/index.php?rest_route=\/wp\/v2\/pages\/13095"}],"wp:attachment":[{"href":"https:\/\/montreux-vieux.net\/index.php?rest_route=%2Fwp%2Fv2%2Fmedia&parent=11834"}],"curies":[{"name":"wp","href":"https:\/\/api.w.org\/{rel}","templated":true}]}}