{"id":11852,"date":"2018-11-08T09:24:14","date_gmt":"2018-11-08T08:24:14","guid":{"rendered":"http:\/\/montreux-vieux.net\/?page_id=11852"},"modified":"2020-10-02T09:51:40","modified_gmt":"2020-10-02T08:51:40","slug":"le-cholera-3-ans-deja-que-les-medecins-se-relayent-en-gare","status":"publish","type":"page","link":"https:\/\/montreux-vieux.net\/?page_id=11852","title":{"rendered":"Le chol\u00e9ra : 3 ans d\u00e9j\u00e0 que les m\u00e9decins se relayent en Gare"},"content":{"rendered":"<h3 style=\"text-align: center;\">Le chol\u00e9ra : 3 ans d\u00e9j\u00e0 que les m\u00e9decins se relayent en Gare<\/h3>\n<p><a href=\"http:\/\/montreux-vieux.net\/montreux-vieux.net\/wp-content\/uploads\/2018\/11\/ScreenShot1396.jpg\" target=\"_blank\" rel=\"noopener noreferrer\"><img loading=\"lazy\" decoding=\"async\" class=\"aligncenter wp-image-11850 size-full\" src=\"http:\/\/montreux-vieux.net\/montreux-vieux.net\/wp-content\/uploads\/2018\/11\/ScreenShot1396.jpg\" alt=\"\" width=\"379\" height=\"547\" srcset=\"https:\/\/montreux-vieux.net\/montreux-vieux.net\/wp-content\/uploads\/2018\/11\/ScreenShot1396.jpg 379w, https:\/\/montreux-vieux.net\/montreux-vieux.net\/wp-content\/uploads\/2018\/11\/ScreenShot1396-208x300.jpg 208w\" sizes=\"auto, (max-width: 379px) 100vw, 379px\" \/><\/a><\/p>\n<h4 style=\"text-align: justify;\">A la fronti\u00e8re alsacienne, on continue \u00e0 surveiller&nbsp;\u00e9troitement les voyageurs au point de vue sanitaire.<br>A&nbsp;<strong>Montreux-Vieux<\/strong>&nbsp;m\u00eame, les deux m\u00e9decins de Dannemarie se relayent en permanence de fa\u00e7on qu&rsquo;aucun&nbsp;voyageur malade ne rentre dans le pays tant qu&rsquo;on n&rsquo;a&nbsp;pas constat\u00e9 qu&rsquo;il ne pr\u00e9sente aucun sympt\u00f4me d&rsquo;affection chol\u00e9rique. &nbsp;Pour plus de renseignements cliquez sur le lien ci apr\u00e8s:&nbsp;<a href=\"http:\/\/montreux-vieux.net\/?page_id=11432\" target=\"_blank\" rel=\"noopener noreferrer\">http:\/\/montreux-vieux.net\/?page_id=11432<\/a><\/h4>\n<h6>Sources: Le Temps 16 ao\u00fbt 1895<\/h6>\n<p style=\"text-align: justify; line-height: 18.0pt; background: white; margin: 6.0pt 0cm 6.0pt 0cm;\"><span style=\"font-family: 'Arial','sans-serif'; color: #4d4d4d;\">LE SERVICE M\u00c9DICAL <\/span><span style=\"font-family: 'Arial','sans-serif'; color: #4d4d4d;\">A LA FRONTI\u00c8RE<\/span><\/p>\n<p style=\"text-align: justify; line-height: 18.0pt; background: white; margin: 6.0pt 0cm 6.0pt 0cm;\"><span style=\"font-family: 'Arial','sans-serif'; color: #4d4d4d;\">(DE NOTRE CORRESPONDANT PARTICULIER)<\/span><\/p>\n<p style=\"text-align: justify; line-height: 18.0pt; background: white; margin: 6.0pt 0cm 6.0pt 0cm;\"><span style=\"font-family: 'Arial','sans-serif'; color: #4d4d4d;\">Belfort, 5 septembre.<\/span><\/p>\n<p style=\"text-align: justify; line-height: 18.0pt; background: white; margin: 6.0pt 0cm 6.0pt 0cm;\"><span style=\"font-family: 'Arial','sans-serif'; color: #4d4d4d;\">Je suis all\u00e9 voir, \u00e0 la fronti\u00e8re, la fa\u00e7on dont le service d&rsquo;inspection m\u00e9dicale est fait.<\/span><\/p>\n<p style=\"text-align: justify; line-height: 18.0pt; background: white; margin: 6.0pt 0cm 6.0pt 0cm;\"><span style=\"font-family: 'Arial','sans-serif'; color: #4d4d4d;\">Les trains arrivant de Montreux-Vieux sont soumis \u00e0 la formalit\u00e9 la plus compliqu\u00e9e qu&rsquo;on puisse imaginer. Les voyageurs sont mass\u00e9s devant le bureau de la consigne, transform\u00e9 en cabinet de consultation.<\/span><\/p>\n<p style=\"text-align: justify; line-height: 18.0pt; background: white; margin: 6.0pt 0cm 6.0pt 0cm;\"><span style=\"font-family: 'Arial','sans-serif'; color: #4d4d4d;\">C&rsquo;est une chambrette o\u00f9 quatre personnes seraient mal \u00e0 l&rsquo;aise, garnie de trois petites tables malpropres, une huche avec des cuvettes et des cruches. A l&rsquo;entr\u00e9e, un gendarme. On ne p\u00e9n\u00e8tre qu&rsquo;un \u00e0 un ou avec ses enfants. Un m\u00e9decin questionne, le second examine. C&rsquo;est une visite en r\u00e8gle, durant une minute ou cinq, selon l&rsquo;origine et l&rsquo;\u00e9tat de sant\u00e9 du voyageur. S&rsquo;il est suspect, on lui d\u00e9livre une carte dite passeport sanitaire de nuance jaune, imprim\u00e9e, dont les blancs r\u00e9pondent aux nom, point de d\u00e9part, adresse d&rsquo;arriv\u00e9e du voyageur, que remplit le m\u00e9decin; cette carte porte injonction, avec rappel des p\u00e9nalit\u00e9s en vertu de la loi de 1822 sur l&rsquo;hygi\u00e8ne publique, d&rsquo;avoir \u00e0 remettre dans les vingt-quatre heures de l&rsquo;arriv\u00e9e au point destinataire ladite carte au maire de l&rsquo;endroit; elle porte un num\u00e9ro d&rsquo;ordre.<\/span><\/p>\n<p style=\"text-align: justify; line-height: 18.0pt; background: white; margin: 6.0pt 0cm 6.0pt 0cm;\"><span style=\"font-family: 'Arial','sans-serif'; color: #4d4d4d;\">Apr\u00e8s quoi le voyageur passe par une seconde porte et se trouve dans la salle de la douane. A l&rsquo;extr\u00e9mit\u00e9 de celle-ci, il exhibe sa carte. Les notes manuscrites sont transcrites sur un registre, puis recopi\u00e9es sur une carte bleue de format identique (carte postale) au verso de laquelle est imprim\u00e9e l&rsquo;adresse : Monsieur le maire de. d\u00e9partement de. Le recto invite le maire \u00e0 faire surveiller le voyageur suspect. Pour Paris, la carte est \u00e0 l&rsquo;adresse du pr\u00e9fet de police et rouge. Ces cartes portent reproduit le num\u00e9ro d&rsquo;ordre inscrit en t\u00eate, \u00e0 gauche, sur la carte-passeport. La signature du m\u00e9decin du poste sanitaire remplace l&rsquo;affranchissement.<\/span><\/p>\n<p style=\"text-align: justify; line-height: 18.0pt; background: white; margin: 6.0pt 0cm 6.0pt 0cm;\"><span style=\"font-family: 'Arial','sans-serif'; color: #4d4d4d;\">Bien des cartes ont d\u00e9j\u00e0 \u00e9t\u00e9 remises \u00e0 des voyageurs d&rsquo;apparence malade.<\/span><\/p>\n<p style=\"text-align: justify; line-height: 18.0pt; background: white; margin: 6.0pt 0cm 6.0pt 0cm;\"><span style=\"font-family: 'Arial','sans-serif'; color: #4d4d4d;\">Aucun malade n&rsquo;a encore \u00e9t\u00e9 retenu.<\/span><\/p>\n<p style=\"text-align: justify; line-height: 18.0pt; background: white; margin: 6.0pt 0cm 6.0pt 0cm;\"><span style=\"font-family: 'Arial','sans-serif'; color: #4d4d4d;\">D&rsquo;ailleurs la baraque servant de lazaret n&rsquo;est pas encore construite. On y travaille ; elle sera en planches et situ\u00e9e \u00e0 deux cents m\u00e8tres de la gare, \u00e0 gauche de la voie, en plein champ, du c\u00f4t\u00e9 oppos\u00e9 \u00e0 la fronti\u00e8re.<\/span><\/p>\n<p style=\"text-align: justify; line-height: 18.0pt; background: white; margin: 6.0pt 0cm 6.0pt 0cm;\"><span style=\"font-family: 'Arial','sans-serif'; color: #4d4d4d;\">La quarantaine et les soins m\u00e9dicaux, alimentaires et autres frais seront \u00e0 la charge de l&rsquo;Etat.<\/span><\/p>\n<p style=\"text-align: justify; line-height: 18.0pt; background: white; margin: 6.0pt 0cm 6.0pt 0cm;\"><span style=\"font-family: 'Arial','sans-serif'; color: #4d4d4d;\">Une machine \u00e0 vapeur munie de l&rsquo;appareil d\u00e9sinfecteur est install\u00e9e \u00e0 l&rsquo;extr\u00e9mit\u00e9 ouest de la gare douani\u00e8re. Cet appareil a l&rsquo;aspect ext\u00e9rieur d&rsquo;une locomobile.<\/span><\/p>\n<p style=\"text-align: justify; line-height: 18.0pt; background: white; margin: 6.0pt 0cm 6.0pt 0cm;\"><span style=\"font-family: 'Arial','sans-serif'; color: #4d4d4d;\">L&rsquo;entr\u00e9e des fruits et l\u00e9gumes est provisoirement interdite.<\/span><\/p>\n<p style=\"text-align: justify; line-height: 18.0pt; background: white; margin: 6.0pt 0cm 6.0pt 0cm;\"><span style=\"font-family: 'Arial','sans-serif'; color: #4d4d4d;\">A Montreux-Vieux, le service sanitaire est organis\u00e9, sans que toutefois il rev\u00eate un caract\u00e8re aussi impressionnant. Les deux postes sanitaires (Petit-Croix et Montreux-Vieux) sont en relations permanentes et se signaleraient r\u00e9ciproquement les cas sp\u00e9ciaux. C&rsquo;est le docteur Ricklin, m\u00e9decin cantonal de Dannemarie, qui dirige le service \u00e0 Montreux-Vieux, <\/span><\/p>\n<p style=\"text-align: justify; line-height: 18.0pt; background: white; margin: 6.0pt 0cm 6.0pt 0cm;\"><span style=\"font-family: 'Arial','sans-serif'; color: #4d4d4d;\">Sources&nbsp;: Le XIX si\u00e8cle 7 septembre 1892<\/span><\/p>\n\n\n<p>D&rsquo;apr\u00e8s un avis affich\u00e9 \u00e0 l&rsquo;h\u00f4pital civil de Strasbourg, le gouvernement allemand demande des m\u00e9decins ou des \u00e9tudiants en m\u00e9decine de derni\u00e8re ann\u00e9e pour la surveillance sanitaire des stations fronti\u00e8res de Montreux-Vieux, Avricourt, Chambrey, Nov\u00e9ant, Amanviller et Fontoy. Cette surveillance est motiv\u00e9e par les soi-disant cas de chol\u00e9ra nostra qui se sont produits \u00e0 Paris et dans les environs de cette ville.<\/p>\n\n\n\n<p>Les demandes devaient \u00eatre adress\u00e9es \u00e0 M. le docteur Krieger, conseiller m\u00e9dical, 7, rue de la Toussaint.<\/p>\n\n\n\n<p>Un certain nombre d&rsquo;\u00e9tudiants se sont fait inscrire chez lui pour occuper ces postes. Ils vont \u00eatre dirig\u00e9s sur leurs lieux de destination.<\/p>\n\n\n\n<p>Des voitures ambulances ont \u00e9t\u00e9 envoy\u00e9es \u00e0 chacune des stations ci-dessus. Les Allemands pr\u00e9tendent que ce n&rsquo;est pas seulement le chol\u00e9ra nostras, mais bien le chol\u00e9ra asiatique qui a fait des victimes en France. Cela se publie dans tous les journaux d&rsquo;Alsace et est m\u00eame affich\u00e9 officiellement.<\/p>\n\n\n\n<p>Voici ce qui se passe \u00e0 la fronti\u00e8re :<\/p>\n\n\n\n<p>La surveillance est tr\u00e8s rigoureuse.<\/p>\n\n\n\n<p>Toutes les malles, caisses, valises sont ouvertes. La literie est impitoyablement refus\u00e9e. Linge sale, draps de lits, couvertures, tout est renvoy\u00e9 \u00e0 Paris, \u00e0 la station de d\u00e9part ou \u00e0 la salle de d\u00e9sinfection. Cela occasionne d&rsquo;assez vives discussions et des retards de pr\u00e8s d&rsquo;une heure dans les trains.<\/p>\n\n\n\n<p>En r\u00e9alit\u00e9, c&rsquo;est l&rsquo;odieuse obligation du passe port hypocritement r\u00e9tablie par Guillaume II, sous pr\u00e9texte de chol\u00e9ra.<\/p>\n\n\n\n<p>Mais, au fait, pourquoi se g\u00eanerait-il avec nous, quand il voit notre gouvernement s&rsquo;humilier si platement devant son vassal Humbert, en lui envoyant une escadre pour le f\u00e9liciter sans doute d&rsquo;avoir renouvel\u00e9 contre nous la Triple-Alliance?<\/p>\n\n\n\n<p>Sources&nbsp;: La Lanterne 12 ao\u00fbt 1892<\/p>\n","protected":false},"excerpt":{"rendered":"<p>Le chol\u00e9ra : 3 ans d\u00e9j\u00e0 que les m\u00e9decins se relayent en Gare A la fronti\u00e8re alsacienne, on continue \u00e0 surveiller&nbsp;\u00e9troitement les voyageurs au point de vue sanitaire.A&nbsp;Montreux-Vieux&nbsp;m\u00eame, les deux m\u00e9decins de Dannemarie se relayent en permanence de fa\u00e7on qu&rsquo;aucun&nbsp;voyageur &hellip; <a href=\"https:\/\/montreux-vieux.net\/?page_id=11852\">Continuer la lecture <span class=\"meta-nav\">&rarr;<\/span><\/a><\/p>\n","protected":false},"author":1,"featured_media":0,"parent":13013,"menu_order":50,"comment_status":"closed","ping_status":"open","template":"","meta":{"footnotes":""},"class_list":["post-11852","page","type-page","status-publish","hentry"],"_links":{"self":[{"href":"https:\/\/montreux-vieux.net\/index.php?rest_route=\/wp\/v2\/pages\/11852","targetHints":{"allow":["GET"]}}],"collection":[{"href":"https:\/\/montreux-vieux.net\/index.php?rest_route=\/wp\/v2\/pages"}],"about":[{"href":"https:\/\/montreux-vieux.net\/index.php?rest_route=\/wp\/v2\/types\/page"}],"author":[{"embeddable":true,"href":"https:\/\/montreux-vieux.net\/index.php?rest_route=\/wp\/v2\/users\/1"}],"replies":[{"embeddable":true,"href":"https:\/\/montreux-vieux.net\/index.php?rest_route=%2Fwp%2Fv2%2Fcomments&post=11852"}],"version-history":[{"count":4,"href":"https:\/\/montreux-vieux.net\/index.php?rest_route=\/wp\/v2\/pages\/11852\/revisions"}],"predecessor-version":[{"id":21321,"href":"https:\/\/montreux-vieux.net\/index.php?rest_route=\/wp\/v2\/pages\/11852\/revisions\/21321"}],"up":[{"embeddable":true,"href":"https:\/\/montreux-vieux.net\/index.php?rest_route=\/wp\/v2\/pages\/13013"}],"wp:attachment":[{"href":"https:\/\/montreux-vieux.net\/index.php?rest_route=%2Fwp%2Fv2%2Fmedia&parent=11852"}],"curies":[{"name":"wp","href":"https:\/\/api.w.org\/{rel}","templated":true}]}}