{"id":11868,"date":"2018-11-08T14:24:51","date_gmt":"2018-11-08T13:24:51","guid":{"rendered":"http:\/\/montreux-vieux.net\/?page_id=11868"},"modified":"2019-01-03T13:34:22","modified_gmt":"2019-01-03T12:34:22","slug":"au-journal-officiel-les-faillites-les-inscriptions-de-firmes-a-montreux-vieux","status":"publish","type":"page","link":"https:\/\/montreux-vieux.net\/?page_id=11868","title":{"rendered":"Au Journal Officiel:  \u00a0les faillites, les inscriptions de firmes \u00e0 Montreux-Vieux"},"content":{"rendered":"<h3 style=\"text-align: center;\">Au Journal Officiel:<\/h3>\n<h3 style=\"text-align: center;\">&nbsp;les faillites, les inscriptions de firmes \u00e0 Montreux-Vieux<\/h3>\n<h3 style=\"text-align: center;\"><a href=\"http:\/\/montreux-vieux.net\/montreux-vieux.net\/wp-content\/uploads\/2018\/10\/ScreenShot1107.jpg\" target=\"_blank\" rel=\"noopener\"><img loading=\"lazy\" decoding=\"async\" class=\"aligncenter wp-image-11181 size-full\" src=\"http:\/\/montreux-vieux.net\/montreux-vieux.net\/wp-content\/uploads\/2018\/10\/ScreenShot1107.jpg\" alt=\"\" width=\"794\" height=\"518\" srcset=\"https:\/\/montreux-vieux.net\/montreux-vieux.net\/wp-content\/uploads\/2018\/10\/ScreenShot1107.jpg 794w, https:\/\/montreux-vieux.net\/montreux-vieux.net\/wp-content\/uploads\/2018\/10\/ScreenShot1107-300x196.jpg 300w, https:\/\/montreux-vieux.net\/montreux-vieux.net\/wp-content\/uploads\/2018\/10\/ScreenShot1107-768x501.jpg 768w, https:\/\/montreux-vieux.net\/montreux-vieux.net\/wp-content\/uploads\/2018\/10\/ScreenShot1107-600x391.jpg 600w\" sizes=\"auto, (max-width: 794px) 100vw, 794px\" \/><\/a><\/h3>\n<h4 style=\"text-align: justify;\"><strong>Proc\u00e9dure de faillite.&nbsp;<\/strong><\/h4>\n<p>La proc\u00e9dure de faillite est ordonn\u00e9e aujourd&rsquo;hui, 26 septembre 1921, \u00e0 seize heures, sur l&rsquo;infortune du sieur Jean Crespin, marchand de&nbsp;vins \u00e0&nbsp;<strong>Montreux-Vieux.<\/strong>&nbsp;Me Iffenecker, huissier \u00e0 Dannemarie, est&nbsp;nomm\u00e9 syndic.&nbsp;Journal Officiel&nbsp;29 septembre 1921<\/p>\n<h4 style=\"text-align: justify;\"><strong>Inscriptions du 31 mai 1921.&nbsp;<\/strong><br \/>\nRegistre des firmes:&nbsp;Vol V, no G97, la firme \u00ab Alo\u00efse Sutter\u00a0\u00bb dei&nbsp;<strong>Montreux-Vieux<\/strong>&nbsp;. Propri\u00e9taire: M, Alo\u00efsa&nbsp;Suttcr, n\u00e9gociant \u00e0&nbsp;<strong>Montreux-Vieux,<\/strong>&nbsp;Journal Officiel 23 juin 1921<\/h4>\n<h4>Barbier Ernest.-Clle no 933, la firme: \u00a0\u00bb Mme Marie Cuenin \u00a0\u00bb \u00e0&nbsp;<strong>Montreux-Vieux.<\/strong>&nbsp; : Mme Ernest Barbier(Marie),&nbsp;20 N\u00e9gociante \u00e0&nbsp;<strong>Montreux-Vieux.<\/strong>&nbsp;Inscriptions du 6 d\u00e9cembre 1923.<\/h4>\n<p>1\u00b0 Vol V, no 953, la firme : \u00a0\u00bb C\u00e9lestin Catt\u00e9 \u00ab\u00a0,&nbsp;\u00e0&nbsp;<strong>Montreux-Vieux.<\/strong>&nbsp;Propri\u00e9taire : M. C\u00e9lestin Catt\u00e9, entrepreneur \u00e0&nbsp;<strong>Montreux-Vieux.<\/strong>&nbsp; JO 29 12 1923<\/p>\n<h4 style=\"text-align: justify;\"><strong>&nbsp;<\/strong>30 Vol. X, folio 70, la soci\u00e9t\u00e9 : cc Manufacture de coton du Haut-Rhin \u00bb, soci\u00e9t\u00e9 \u00e0 responsabilit\u00e9 limit\u00e9e \u00e0 Masevaux. Le contrat&nbsp;de soci\u00e9t\u00e9 est dat\u00e9 du 30 avril 1923. La soci\u00e9t\u00e9,a pour objet la fabrication et le commerce de&nbsp;tissus et fils de toute nature et tout commerce s&rsquo;y rattachant. Le capital social est fix\u00e9&nbsp;\u00e0 130,000 fr., qui, d&rsquo;apr\u00e8s l&rsquo;affirmation d\u00e9 la;&nbsp;g\u00e9rance, se trouve \u00e0 sa disposition. M. Xavier B\u00fcrckle, industriel \u00e0 Masevaux a apport\u00e9&nbsp;l&rsquo;immeuble suivant A&nbsp;Commune de&nbsp;<strong>Montreux-Vieux<\/strong>&nbsp;Section C no 77\/2, Einbettes, 14,90 ares jardin.&nbsp;Section C o 495\/60, village, 25,41 ares sol.<br \/>\nSection C no 496\/60, village, 6.95 eres terre.&nbsp;Section C no. 497\/60, village, 16,73 arcs jardin.&nbsp;y compris une chaudi\u00e8re, une installation;&nbsp;de conduite d&rsquo;eau, estim\u00e9 70,000 fr. La soci\u00e9t\u00e9 est administr\u00e9e et repr\u00e9sent\u00e9e par un&nbsp;seul g\u00e9rant, qui pourra \u00eatre remplac\u00e9 par la&nbsp;premi\u00e8re assembl\u00e9e g\u00e9n\u00e9rale de chaque an-&nbsp;n\u00e9e. M. Xavier B\u00fcrckle, ci-dessus nomm\u00e9, est&nbsp;nomm\u00e9 g\u00e9rant. Les publications de la soci\u00e9t\u00e9&nbsp;se font dans les Petites Affiches du Haut-Rhin.&nbsp;JO 13 juin 1923<\/h4>\n<h4 style=\"text-align: justify;\">Vol. IX, no 68, la firme &nbsp;\u00ab Surgand fr\u00e8res&nbsp;\u00e0&nbsp;<strong>Montreux-Vieux<\/strong>&nbsp;\u00bb. Soci\u00e9t\u00e9 en nom collectif&nbsp;qui a commenc\u00e9 le 31 mai 1920. Associ\u00e9s &nbsp;MM. Paul Surgand et Joseph Surgand, les deux&nbsp;n\u00e9gociants en vins \u00e0&nbsp;<strong>Montreux-Vieux,<\/strong>&nbsp;Journal Officiel&nbsp;&nbsp;4 mars 1921<\/h4>\n<h4 style=\"text-align: justify;\"><\/h4>\n","protected":false},"excerpt":{"rendered":"<p>Au Journal Officiel: &nbsp;les faillites, les inscriptions de firmes \u00e0 Montreux-Vieux Proc\u00e9dure de faillite.&nbsp; La proc\u00e9dure de faillite est ordonn\u00e9e aujourd&rsquo;hui, 26 septembre 1921, \u00e0 seize heures, sur l&rsquo;infortune du sieur Jean Crespin, marchand de&nbsp;vins \u00e0&nbsp;Montreux-Vieux.&nbsp;Me Iffenecker, huissier \u00e0 Dannemarie, &hellip; <a href=\"https:\/\/montreux-vieux.net\/?page_id=11868\">Continuer la lecture <span class=\"meta-nav\">&rarr;<\/span><\/a><\/p>\n","protected":false},"author":1,"featured_media":0,"parent":13095,"menu_order":32,"comment_status":"closed","ping_status":"open","template":"","meta":{"footnotes":""},"class_list":["post-11868","page","type-page","status-publish","hentry"],"_links":{"self":[{"href":"https:\/\/montreux-vieux.net\/index.php?rest_route=\/wp\/v2\/pages\/11868","targetHints":{"allow":["GET"]}}],"collection":[{"href":"https:\/\/montreux-vieux.net\/index.php?rest_route=\/wp\/v2\/pages"}],"about":[{"href":"https:\/\/montreux-vieux.net\/index.php?rest_route=\/wp\/v2\/types\/page"}],"author":[{"embeddable":true,"href":"https:\/\/montreux-vieux.net\/index.php?rest_route=\/wp\/v2\/users\/1"}],"replies":[{"embeddable":true,"href":"https:\/\/montreux-vieux.net\/index.php?rest_route=%2Fwp%2Fv2%2Fcomments&post=11868"}],"version-history":[{"count":2,"href":"https:\/\/montreux-vieux.net\/index.php?rest_route=\/wp\/v2\/pages\/11868\/revisions"}],"predecessor-version":[{"id":13435,"href":"https:\/\/montreux-vieux.net\/index.php?rest_route=\/wp\/v2\/pages\/11868\/revisions\/13435"}],"up":[{"embeddable":true,"href":"https:\/\/montreux-vieux.net\/index.php?rest_route=\/wp\/v2\/pages\/13095"}],"wp:attachment":[{"href":"https:\/\/montreux-vieux.net\/index.php?rest_route=%2Fwp%2Fv2%2Fmedia&parent=11868"}],"curies":[{"name":"wp","href":"https:\/\/api.w.org\/{rel}","templated":true}]}}