{"id":11874,"date":"2018-11-09T10:05:31","date_gmt":"2018-11-09T09:05:31","guid":{"rendered":"http:\/\/montreux-vieux.net\/?page_id=11874"},"modified":"2020-07-20T10:01:11","modified_gmt":"2020-07-20T09:01:11","slug":"un-voleur-extrade-par-la-gare-de-montreux-vieux","status":"publish","type":"page","link":"https:\/\/montreux-vieux.net\/?page_id=11874","title":{"rendered":"Un voleur extrad\u00e9 par la gare de Montreux-Vieux"},"content":{"rendered":"<h3 style=\"text-align: center;\">Un voleur extrad\u00e9 par la gare de Montreux-Vieux<\/h3>\n<p><a href=\"http:\/\/montreux-vieux.net\/montreux-vieux.net\/wp-content\/uploads\/2018\/11\/ScreenShot1401.jpg\" target=\"_blank\" rel=\"noopener noreferrer\"><img loading=\"lazy\" decoding=\"async\" class=\"aligncenter wp-image-11872 size-full\" src=\"http:\/\/montreux-vieux.net\/montreux-vieux.net\/wp-content\/uploads\/2018\/11\/ScreenShot1401.jpg\" alt=\"\" width=\"814\" height=\"530\" srcset=\"https:\/\/montreux-vieux.net\/montreux-vieux.net\/wp-content\/uploads\/2018\/11\/ScreenShot1401.jpg 814w, https:\/\/montreux-vieux.net\/montreux-vieux.net\/wp-content\/uploads\/2018\/11\/ScreenShot1401-300x195.jpg 300w, https:\/\/montreux-vieux.net\/montreux-vieux.net\/wp-content\/uploads\/2018\/11\/ScreenShot1401-768x500.jpg 768w, https:\/\/montreux-vieux.net\/montreux-vieux.net\/wp-content\/uploads\/2018\/11\/ScreenShot1401-600x391.jpg 600w\" sizes=\"auto, (max-width: 814px) 100vw, 814px\" \/><\/a><\/p>\n<h4 style=\"text-align: justify;\">Plusieurs do nos confr\u00e8res ont racont\u00e9 ces jours ci qu&rsquo;un \u00e9l\u00e8ve de l&rsquo;Ecole de Saint-Cyr, qui avait\u00a0voulu visiter des parents \u00e0 Mulhouse, avait \u00e9t\u00e9\u00a0arr\u00eat\u00e9 dans cette ville par des gendarmes parce qu&rsquo;il n&rsquo;avait pas de passeport, et avait \u00e9t\u00e9 men\u00e9 \u00e0\u00a0la gare fronti\u00e8re de\u00a0<strong>Montreux-Vieux,<\/strong>\u00a0les menottes\u00a0aux mains.<\/h4>\n<h4 style=\"text-align: justify;\">La bonne foi de nos confr\u00e8res a \u00e9t\u00e9 surprise. Il\u00a0ne s&rsquo;agissait nullement d&rsquo;un \u00e9l\u00e8ve de l&rsquo;Ecole de\u00a0Saint-Cyr, mais d&rsquo;un nomm\u00e9 V. \u00e2g\u00e9 de quinze\u00a0 ans, qui avait vol\u00e9 4,000 francs \u00e0 son patron, \u00e0 Paris, et dont l&rsquo;extradition \u00e9tait demand\u00e9e. Il avait \u00e9t\u00e9\u00a0arr\u00eat\u00e9 d\u00e8s le 30 juin et a \u00e9t\u00e9 livr\u00e9 aux autorit\u00e9s\u00a0fran\u00e7aises le 21 juillet 1890.<\/h4>\n<h6>Sources: Le Temps 07 ao\u00fbt 1890<\/h6>\n<p>Arrestation d\u2019un saint-cyrien\u00a0 L\u2019autre jour, un candidat \u00e9l\u00e8ve \u00e0 l\u2019Ecole militaire de Saint-Cyr, qui \u00e0 pass\u00e9 avec succ\u00e8s ses examens, Andr\u00e9 B&#8230;, se rendait \u00e0 Mulhouse chez des membres alsaciens de sa famille. A peine y \u00e9tait-il depuis vingt-quatre heures; que le commissaire central, flanqu\u00e9 de quatre gendarmes, fit irruption dans la maison et r\u00e9clama le jeune homme, qui se pr\u00e9senta sans m\u00e9fiance. Aussit\u00f4t, les gendarmes se pr\u00e9cipit\u00e8rent sur lui comme sur un malfaiteur, lui mirent les menottes aux mains et le promen\u00e8rent \u00e0 travers les rues pour le conduire ensuite \u00e0 la gare d\u2019embarquement dans le plus prochain train sur Belfort. Ce n\u2019est qu\u2019au d\u00e9part du train de Montreux-Vieux sur Petit-Croix que les gendarmes l\u2019abandonn\u00e8rent apr\u00e8s lui avoir, enlev\u00e9 les menottes. Mais tandis que le jeune saint-cyrien \u00e9tait entra\u00een\u00e9 \u00e0 la gare, le commissaire de police dressait proc\u00e8s-verbal contre le chef de famille, pour contravention \u00e0 une ordonnance qui exige la d\u00e9nonciation de la pr\u00e9sence de tout Fran\u00e7ais chez des annex\u00e9s et le lendemain, le tribunal de simple police condamnait le contrevenant \u00e0 50 marks d\u2019amende. Nous n\u2019en sommes plus \u00e0 compter les indignit\u00e9s de ce genre<\/p>\n<p>Sources\u00a0: L\u2019Intransigeant 2 ao\u00fbt 1890<\/p>\n","protected":false},"excerpt":{"rendered":"<p>Un voleur extrad\u00e9 par la gare de Montreux-Vieux Plusieurs do nos confr\u00e8res ont racont\u00e9 ces jours ci qu&rsquo;un \u00e9l\u00e8ve de l&rsquo;Ecole de Saint-Cyr, qui avait\u00a0voulu visiter des parents \u00e0 Mulhouse, avait \u00e9t\u00e9\u00a0arr\u00eat\u00e9 dans cette ville par des gendarmes parce qu&rsquo;il &hellip; <a href=\"https:\/\/montreux-vieux.net\/?page_id=11874\">Continuer la lecture <span class=\"meta-nav\">&rarr;<\/span><\/a><\/p>\n","protected":false},"author":1,"featured_media":0,"parent":13044,"menu_order":86,"comment_status":"closed","ping_status":"open","template":"","meta":{"footnotes":""},"class_list":["post-11874","page","type-page","status-publish","hentry"],"_links":{"self":[{"href":"https:\/\/montreux-vieux.net\/index.php?rest_route=\/wp\/v2\/pages\/11874","targetHints":{"allow":["GET"]}}],"collection":[{"href":"https:\/\/montreux-vieux.net\/index.php?rest_route=\/wp\/v2\/pages"}],"about":[{"href":"https:\/\/montreux-vieux.net\/index.php?rest_route=\/wp\/v2\/types\/page"}],"author":[{"embeddable":true,"href":"https:\/\/montreux-vieux.net\/index.php?rest_route=\/wp\/v2\/users\/1"}],"replies":[{"embeddable":true,"href":"https:\/\/montreux-vieux.net\/index.php?rest_route=%2Fwp%2Fv2%2Fcomments&post=11874"}],"version-history":[{"count":4,"href":"https:\/\/montreux-vieux.net\/index.php?rest_route=\/wp\/v2\/pages\/11874\/revisions"}],"predecessor-version":[{"id":20207,"href":"https:\/\/montreux-vieux.net\/index.php?rest_route=\/wp\/v2\/pages\/11874\/revisions\/20207"}],"up":[{"embeddable":true,"href":"https:\/\/montreux-vieux.net\/index.php?rest_route=\/wp\/v2\/pages\/13044"}],"wp:attachment":[{"href":"https:\/\/montreux-vieux.net\/index.php?rest_route=%2Fwp%2Fv2%2Fmedia&parent=11874"}],"curies":[{"name":"wp","href":"https:\/\/api.w.org\/{rel}","templated":true}]}}