{"id":11903,"date":"2018-11-10T14:05:28","date_gmt":"2018-11-10T13:05:28","guid":{"rendered":"http:\/\/montreux-vieux.net\/?page_id=11903"},"modified":"2019-01-05T14:00:22","modified_gmt":"2019-01-05T13:00:22","slug":"on-pouvait-lire-au-journal-officiel-apres-avoir-paye-vos-dettes","status":"publish","type":"page","link":"https:\/\/montreux-vieux.net\/?page_id=11903","title":{"rendered":"On pouvait lire: Au Journal Officiel apr\u00e8s avoir pay\u00e9 vos dettes"},"content":{"rendered":"<h3 style=\"text-align: center;\">Au Journal Officiel apr\u00e8s avoir pay\u00e9 vos dettes<\/h3>\n<p style=\"text-align: center;\"><a href=\"http:\/\/montreux-vieux.net\/montreux-vieux.net\/wp-content\/uploads\/2018\/11\/ScreenShot1386.jpg\" target=\"_blank\" rel=\"noopener\"><img loading=\"lazy\" decoding=\"async\" class=\"aligncenter wp-image-11790 size-full\" src=\"http:\/\/montreux-vieux.net\/montreux-vieux.net\/wp-content\/uploads\/2018\/11\/ScreenShot1386.jpg\" alt=\"\" width=\"308\" height=\"155\" srcset=\"https:\/\/montreux-vieux.net\/montreux-vieux.net\/wp-content\/uploads\/2018\/11\/ScreenShot1386.jpg 308w, https:\/\/montreux-vieux.net\/montreux-vieux.net\/wp-content\/uploads\/2018\/11\/ScreenShot1386-300x151.jpg 300w\" sizes=\"auto, (max-width: 308px) 100vw, 308px\" \/><\/a><\/p>\n<h4 style=\"text-align: justify;\">La proc\u00e9dure de sommation avec d\u00e9fense de&nbsp;payer intent\u00e9e par M. Louis Kuhn, n\u00e9gociant \u00e0&nbsp;<strong>Montreux-Vieux,<\/strong>&nbsp;actuellement \u00e0 B\u00e2le, relative&nbsp;aux lettres de gage \u00e0 3 1\/2 p. 100 de la soci\u00e9t\u00e9&nbsp;anonyme du Cr\u00e9dit foncier et communal d&rsquo;Alsace-Lorraine \u00e0 Strasbourg, s\u00e9rie III, Lit B,&nbsp;nos 3876, 3878. 3881 et 3882, chacune d&rsquo;une valeur de 1,000 M., est lev\u00e9e.<\/h4>\n<h6>Journal Officiel: 27 avril 1919<\/h6>\n<h4 style=\"text-align: justify;\">&#8211; &nbsp;22 juin 1879. Remboursement. 65 fr. 6&Prime;&nbsp;1 678. Gruss (Jean), mineur \u00e0&nbsp;<strong>Montreux<\/strong>&#8211;<strong>Vieux,<\/strong>&nbsp;Caisse d&rsquo;\u00e9pargne d&rsquo;Altkirch<\/h4>\n<h6>Journal Officiel 24 d\u00e9cembre 1882<\/h6>\n<h4 style=\"text-align: justify;\">&#8211; Prev\u00f4t (F\u00e9licit\u00e9), ouvri\u00e8re,1er f\u00e9vrier&nbsp;1 863 frs, 37 ans,&nbsp;<strong>Montreux-Vieux.<\/strong>&nbsp;&#8211; 3 janvier 1864.&nbsp;Remboursement. 17 fr. 30 &nbsp; CE Belfort<\/h4>\n<h6>Journal Officiel&nbsp;&nbsp;30 juin 1894<\/h6>\n","protected":false},"excerpt":{"rendered":"<p>Au Journal Officiel apr\u00e8s avoir pay\u00e9 vos dettes La proc\u00e9dure de sommation avec d\u00e9fense de&nbsp;payer intent\u00e9e par M. Louis Kuhn, n\u00e9gociant \u00e0&nbsp;Montreux-Vieux,&nbsp;actuellement \u00e0 B\u00e2le, relative&nbsp;aux lettres de gage \u00e0 3 1\/2 p. 100 de la soci\u00e9t\u00e9&nbsp;anonyme du Cr\u00e9dit foncier et &hellip; <a href=\"https:\/\/montreux-vieux.net\/?page_id=11903\">Continuer la lecture <span class=\"meta-nav\">&rarr;<\/span><\/a><\/p>\n","protected":false},"author":1,"featured_media":0,"parent":4432,"menu_order":40,"comment_status":"closed","ping_status":"open","template":"","meta":{"footnotes":""},"class_list":["post-11903","page","type-page","status-publish","hentry"],"_links":{"self":[{"href":"https:\/\/montreux-vieux.net\/index.php?rest_route=\/wp\/v2\/pages\/11903","targetHints":{"allow":["GET"]}}],"collection":[{"href":"https:\/\/montreux-vieux.net\/index.php?rest_route=\/wp\/v2\/pages"}],"about":[{"href":"https:\/\/montreux-vieux.net\/index.php?rest_route=\/wp\/v2\/types\/page"}],"author":[{"embeddable":true,"href":"https:\/\/montreux-vieux.net\/index.php?rest_route=\/wp\/v2\/users\/1"}],"replies":[{"embeddable":true,"href":"https:\/\/montreux-vieux.net\/index.php?rest_route=%2Fwp%2Fv2%2Fcomments&post=11903"}],"version-history":[{"count":3,"href":"https:\/\/montreux-vieux.net\/index.php?rest_route=\/wp\/v2\/pages\/11903\/revisions"}],"predecessor-version":[{"id":13500,"href":"https:\/\/montreux-vieux.net\/index.php?rest_route=\/wp\/v2\/pages\/11903\/revisions\/13500"}],"up":[{"embeddable":true,"href":"https:\/\/montreux-vieux.net\/index.php?rest_route=\/wp\/v2\/pages\/4432"}],"wp:attachment":[{"href":"https:\/\/montreux-vieux.net\/index.php?rest_route=%2Fwp%2Fv2%2Fmedia&parent=11903"}],"curies":[{"name":"wp","href":"https:\/\/api.w.org\/{rel}","templated":true}]}}