{"id":11918,"date":"2018-11-12T13:51:59","date_gmt":"2018-11-12T12:51:59","guid":{"rendered":"http:\/\/montreux-vieux.net\/?page_id=11918"},"modified":"2019-01-02T11:35:02","modified_gmt":"2019-01-02T10:35:02","slug":"le-saviez-vous-enfermes-a-la-kommandantur-a-montreux-vieux","status":"publish","type":"page","link":"https:\/\/montreux-vieux.net\/?page_id=11918","title":{"rendered":"Le saviez-vous ? Enferm\u00e9s \u00e0 la Kommandantur \u00e0 Montreux-Vieux"},"content":{"rendered":"<h3 style=\"text-align: center;\">Enferm\u00e9s \u00e0 la Kommandantur \u00e0 Montreux-Vieux<\/h3>\n<h4 style=\"text-align: justify;\">Pour avoir grav\u00e9 \u00ab\u00a0Vive la France\u00a0\u00bb sur un banc pr\u00e8s de l&rsquo;orgue de l&rsquo;\u00e9glise durant la guerre 1939 1945, Jean Paul Brungart, Fernand M\u00e9rian et Richard Braunstedter ont \u00e9t\u00e9 enferm\u00e9s quelques temps \u00e0 la Kommandantur \u00e0 Montreux-Vieux.<\/h4>\n<p><a href=\"http:\/\/montreux-vieux.net\/montreux-vieux.net\/wp-content\/uploads\/2018\/11\/ScreenShot1421.jpg\" target=\"_blank\" rel=\"noopener\"><img loading=\"lazy\" decoding=\"async\" class=\"aligncenter wp-image-11916 size-full\" src=\"http:\/\/montreux-vieux.net\/montreux-vieux.net\/wp-content\/uploads\/2018\/11\/ScreenShot1421.jpg\" alt=\"\" width=\"432\" height=\"412\" srcset=\"https:\/\/montreux-vieux.net\/montreux-vieux.net\/wp-content\/uploads\/2018\/11\/ScreenShot1421.jpg 432w, https:\/\/montreux-vieux.net\/montreux-vieux.net\/wp-content\/uploads\/2018\/11\/ScreenShot1421-300x286.jpg 300w\" sizes=\"auto, (max-width: 432px) 100vw, 432px\" \/><\/a><\/p>\n","protected":false},"excerpt":{"rendered":"<p>Enferm\u00e9s \u00e0 la Kommandantur \u00e0 Montreux-Vieux Pour avoir grav\u00e9 \u00ab\u00a0Vive la France\u00a0\u00bb sur un banc pr\u00e8s de l&rsquo;orgue de l&rsquo;\u00e9glise durant la guerre 1939 1945, Jean Paul Brungart, Fernand M\u00e9rian et Richard Braunstedter ont \u00e9t\u00e9 enferm\u00e9s quelques temps \u00e0 la &hellip; <a href=\"https:\/\/montreux-vieux.net\/?page_id=11918\">Continuer la lecture <span class=\"meta-nav\">&rarr;<\/span><\/a><\/p>\n","protected":false},"author":1,"featured_media":0,"parent":12675,"menu_order":10,"comment_status":"closed","ping_status":"open","template":"","meta":{"footnotes":""},"class_list":["post-11918","page","type-page","status-publish","hentry"],"_links":{"self":[{"href":"https:\/\/montreux-vieux.net\/index.php?rest_route=\/wp\/v2\/pages\/11918","targetHints":{"allow":["GET"]}}],"collection":[{"href":"https:\/\/montreux-vieux.net\/index.php?rest_route=\/wp\/v2\/pages"}],"about":[{"href":"https:\/\/montreux-vieux.net\/index.php?rest_route=\/wp\/v2\/types\/page"}],"author":[{"embeddable":true,"href":"https:\/\/montreux-vieux.net\/index.php?rest_route=\/wp\/v2\/users\/1"}],"replies":[{"embeddable":true,"href":"https:\/\/montreux-vieux.net\/index.php?rest_route=%2Fwp%2Fv2%2Fcomments&post=11918"}],"version-history":[{"count":3,"href":"https:\/\/montreux-vieux.net\/index.php?rest_route=\/wp\/v2\/pages\/11918\/revisions"}],"predecessor-version":[{"id":13302,"href":"https:\/\/montreux-vieux.net\/index.php?rest_route=\/wp\/v2\/pages\/11918\/revisions\/13302"}],"up":[{"embeddable":true,"href":"https:\/\/montreux-vieux.net\/index.php?rest_route=\/wp\/v2\/pages\/12675"}],"wp:attachment":[{"href":"https:\/\/montreux-vieux.net\/index.php?rest_route=%2Fwp%2Fv2%2Fmedia&parent=11918"}],"curies":[{"name":"wp","href":"https:\/\/api.w.org\/{rel}","templated":true}]}}