{"id":11933,"date":"2018-11-14T13:14:52","date_gmt":"2018-11-14T12:14:52","guid":{"rendered":"http:\/\/montreux-vieux.net\/?page_id=11933"},"modified":"2019-01-02T16:55:34","modified_gmt":"2019-01-02T15:55:34","slug":"incarcere-pour-infraction-a-un-arrete-dexpulsion","status":"publish","type":"page","link":"https:\/\/montreux-vieux.net\/?page_id=11933","title":{"rendered":"Incarc\u00e9r\u00e9 pour infraction \u00e0 un arr\u00eat\u00e9 d&rsquo;expulsion"},"content":{"rendered":"<h3 style=\"text-align: center;\">Incarc\u00e9r\u00e9 pour infraction \u00e0 un arr\u00eat\u00e9 d&rsquo;expulsion<\/h3>\n<p style=\"text-align: center;\"><a href=\"http:\/\/montreux-vieux.net\/montreux-vieux.net\/wp-content\/uploads\/2018\/11\/ScreenShot1426.jpg\" target=\"_blank\" rel=\"noopener\"><img loading=\"lazy\" decoding=\"async\" class=\"aligncenter wp-image-11930 size-full\" src=\"http:\/\/montreux-vieux.net\/montreux-vieux.net\/wp-content\/uploads\/2018\/11\/ScreenShot1426.jpg\" alt=\"\" width=\"715\" height=\"502\" srcset=\"https:\/\/montreux-vieux.net\/montreux-vieux.net\/wp-content\/uploads\/2018\/11\/ScreenShot1426.jpg 715w, https:\/\/montreux-vieux.net\/montreux-vieux.net\/wp-content\/uploads\/2018\/11\/ScreenShot1426-300x211.jpg 300w, https:\/\/montreux-vieux.net\/montreux-vieux.net\/wp-content\/uploads\/2018\/11\/ScreenShot1426-600x421.jpg 600w\" sizes=\"auto, (max-width: 715px) 100vw, 715px\" \/><\/a><\/p>\n<h4 style=\"text-align: justify;\">Mulhouse, le 24 avril.<\/h4>\n<h4 style=\"text-align: justify;\">M.Borel, sujet suisse, autrefois expuls\u00e9 d&rsquo;Alsace-Lorraine, a \u00e9t\u00e9 arr\u00eat\u00e9 hier \u00e0 la gare de&nbsp;<strong>Montreux-Vieux<\/strong>&nbsp;pour infraction \u00e0 un arr\u00eat d&rsquo;expulsion et incarc\u00e9r\u00e9 pendant trois heures, bien&nbsp;qu&rsquo;il ait exhib\u00e9 un permis de traverser le territoire allemand, d\u00e9livr\u00e9 par le kreisdirector de&nbsp;Mulhouse.<\/h4>\n<h4 style=\"text-align: justify;\">M. Boirel a adress\u00e9 une protestation au Conseil f\u00e9d\u00e9ral \u00e0 Berne,, et une autre \u00e0 M. de K\u0153ller,&nbsp;sous-secr\u00e9taire d&rsquo;\u00c9tat \u00e0 la direction de l&rsquo;int\u00e9rieur&nbsp;au minist\u00e8re d&rsquo;Alsace-Lorraine. Dalziel.<\/h4>\n<h6><strong>Sources: Journal des d\u00e9bats politiques et litt\u00e9raires 25 avril 1893<\/strong><\/h6>\n","protected":false},"excerpt":{"rendered":"<p>Incarc\u00e9r\u00e9 pour infraction \u00e0 un arr\u00eat\u00e9 d&rsquo;expulsion Mulhouse, le 24 avril. M.Borel, sujet suisse, autrefois expuls\u00e9 d&rsquo;Alsace-Lorraine, a \u00e9t\u00e9 arr\u00eat\u00e9 hier \u00e0 la gare de&nbsp;Montreux-Vieux&nbsp;pour infraction \u00e0 un arr\u00eat d&rsquo;expulsion et incarc\u00e9r\u00e9 pendant trois heures, bien&nbsp;qu&rsquo;il ait exhib\u00e9 un permis &hellip; <a href=\"https:\/\/montreux-vieux.net\/?page_id=11933\">Continuer la lecture <span class=\"meta-nav\">&rarr;<\/span><\/a><\/p>\n","protected":false},"author":1,"featured_media":0,"parent":13044,"menu_order":70,"comment_status":"closed","ping_status":"open","template":"","meta":{"footnotes":""},"class_list":["post-11933","page","type-page","status-publish","hentry"],"_links":{"self":[{"href":"https:\/\/montreux-vieux.net\/index.php?rest_route=\/wp\/v2\/pages\/11933","targetHints":{"allow":["GET"]}}],"collection":[{"href":"https:\/\/montreux-vieux.net\/index.php?rest_route=\/wp\/v2\/pages"}],"about":[{"href":"https:\/\/montreux-vieux.net\/index.php?rest_route=\/wp\/v2\/types\/page"}],"author":[{"embeddable":true,"href":"https:\/\/montreux-vieux.net\/index.php?rest_route=\/wp\/v2\/users\/1"}],"replies":[{"embeddable":true,"href":"https:\/\/montreux-vieux.net\/index.php?rest_route=%2Fwp%2Fv2%2Fcomments&post=11933"}],"version-history":[{"count":2,"href":"https:\/\/montreux-vieux.net\/index.php?rest_route=\/wp\/v2\/pages\/11933\/revisions"}],"predecessor-version":[{"id":13380,"href":"https:\/\/montreux-vieux.net\/index.php?rest_route=\/wp\/v2\/pages\/11933\/revisions\/13380"}],"up":[{"embeddable":true,"href":"https:\/\/montreux-vieux.net\/index.php?rest_route=\/wp\/v2\/pages\/13044"}],"wp:attachment":[{"href":"https:\/\/montreux-vieux.net\/index.php?rest_route=%2Fwp%2Fv2%2Fmedia&parent=11933"}],"curies":[{"name":"wp","href":"https:\/\/api.w.org\/{rel}","templated":true}]}}