{"id":11944,"date":"2018-11-16T12:24:38","date_gmt":"2018-11-16T11:24:38","guid":{"rendered":"http:\/\/montreux-vieux.net\/?page_id=11944"},"modified":"2024-11-17T11:48:28","modified_gmt":"2024-11-17T10:48:28","slug":"le-saviez-vous-une-naissance-a-risques-a-montreux-vieux","status":"publish","type":"page","link":"https:\/\/montreux-vieux.net\/?page_id=11944","title":{"rendered":"Le saviez-vous ? une naissance \u00e0 risques \u00e0 Montreux-Vieux"},"content":{"rendered":"<h3 style=\"text-align: center;\">Le saviez-vous ? une naissance \u00e0 risques \u00e0 Montreux-Vieux<\/h3>\n<h3 style=\"text-align: center;\"><a href=\"http:\/\/montreux-vieux.net\/montreux-vieux.net\/wp-content\/uploads\/2017\/05\/ScreenShot484.jpg\" target=\"_blank\" rel=\"noopener noreferrer\"><img loading=\"lazy\" decoding=\"async\" class=\"aligncenter wp-image-9029 size-full\" src=\"http:\/\/montreux-vieux.net\/montreux-vieux.net\/wp-content\/uploads\/2017\/05\/ScreenShot484.jpg\" alt=\"\" width=\"192\" height=\"296\" \/><\/a><\/h3>\n<h4 style=\"text-align: justify;\">Le 21 novembre 1944 est n\u00e9e dans la cave d\u2019une maison de la Grand\u2019 Rue (La maison de M. Andr\u00e9 Trabold, \u00a0maire)Andr\u00e9e dite D\u00e9d\u00e9e dont la m\u00e8re a du quitter son immeuble situ\u00e9 \u00a0le long de la Rue de la Lib\u00e9ration car trop pr\u00e8s de la ligne de chemin de fer \u00a0pour se mettre \u00e0 l\u2019abri des bombardements. Lorsque l\u2019enfant est n\u00e9 il a fallu que Monsieur Seiler Auguste, alors maire, \u00a0cherche Monsieur le cur\u00e9 pour baptiser la petite fille car \u00e0 l\u2019\u00e9poque un enfant ne pouvait sortir sans \u00eatre baptis\u00e9.<\/h4>\n","protected":false},"excerpt":{"rendered":"<p>Le saviez-vous ? une naissance \u00e0 risques \u00e0 Montreux-Vieux Le 21 novembre 1944 est n\u00e9e dans la cave d\u2019une maison de la Grand\u2019 Rue (La maison de M. Andr\u00e9 Trabold, \u00a0maire)Andr\u00e9e dite D\u00e9d\u00e9e dont la m\u00e8re a du quitter son &hellip; <a href=\"https:\/\/montreux-vieux.net\/?page_id=11944\">Continuer la lecture <span class=\"meta-nav\">&rarr;<\/span><\/a><\/p>\n","protected":false},"author":1,"featured_media":0,"parent":13044,"menu_order":20,"comment_status":"closed","ping_status":"open","template":"","meta":{"footnotes":""},"class_list":["post-11944","page","type-page","status-publish","hentry"],"_links":{"self":[{"href":"https:\/\/montreux-vieux.net\/index.php?rest_route=\/wp\/v2\/pages\/11944","targetHints":{"allow":["GET"]}}],"collection":[{"href":"https:\/\/montreux-vieux.net\/index.php?rest_route=\/wp\/v2\/pages"}],"about":[{"href":"https:\/\/montreux-vieux.net\/index.php?rest_route=\/wp\/v2\/types\/page"}],"author":[{"embeddable":true,"href":"https:\/\/montreux-vieux.net\/index.php?rest_route=\/wp\/v2\/users\/1"}],"replies":[{"embeddable":true,"href":"https:\/\/montreux-vieux.net\/index.php?rest_route=%2Fwp%2Fv2%2Fcomments&post=11944"}],"version-history":[{"count":4,"href":"https:\/\/montreux-vieux.net\/index.php?rest_route=\/wp\/v2\/pages\/11944\/revisions"}],"predecessor-version":[{"id":26664,"href":"https:\/\/montreux-vieux.net\/index.php?rest_route=\/wp\/v2\/pages\/11944\/revisions\/26664"}],"up":[{"embeddable":true,"href":"https:\/\/montreux-vieux.net\/index.php?rest_route=\/wp\/v2\/pages\/13044"}],"wp:attachment":[{"href":"https:\/\/montreux-vieux.net\/index.php?rest_route=%2Fwp%2Fv2%2Fmedia&parent=11944"}],"curies":[{"name":"wp","href":"https:\/\/api.w.org\/{rel}","templated":true}]}}