{"id":11949,"date":"2018-11-16T14:45:05","date_gmt":"2018-11-16T13:45:05","guid":{"rendered":"http:\/\/montreux-vieux.net\/?page_id=11949"},"modified":"2020-10-15T16:11:37","modified_gmt":"2020-10-15T15:11:37","slug":"vive-lanarchie","status":"publish","type":"page","link":"https:\/\/montreux-vieux.net\/?page_id=11949","title":{"rendered":"Vive l&rsquo;anarchie"},"content":{"rendered":"<h3 style=\"text-align: center;\">Vive l&rsquo;anarchie<\/h3>\n<p style=\"text-align: center;\"><a href=\"http:\/\/montreux-vieux.net\/montreux-vieux.net\/wp-content\/uploads\/2018\/11\/ScreenShot1429.jpg\" target=\"_blank\" rel=\"noopener noreferrer\"><img loading=\"lazy\" decoding=\"async\" class=\"aligncenter wp-image-11947 size-medium\" src=\"http:\/\/montreux-vieux.net\/montreux-vieux.net\/wp-content\/uploads\/2018\/11\/ScreenShot1429-300x159.jpg\" alt=\"\" width=\"300\" height=\"159\" srcset=\"https:\/\/montreux-vieux.net\/montreux-vieux.net\/wp-content\/uploads\/2018\/11\/ScreenShot1429-300x159.jpg 300w, https:\/\/montreux-vieux.net\/montreux-vieux.net\/wp-content\/uploads\/2018\/11\/ScreenShot1429.jpg 366w\" sizes=\"auto, (max-width: 300px) 100vw, 300px\" \/><\/a><\/p>\n<h4 style=\"text-align: justify;\">Le tribunal correctionnel de Mulhouse vient de\u00a0condamner \u00e0 treize mois de prison un journalier alsacien qui, expuls\u00e9 d\u00e9 France pour men\u00e9es anarchistes, avait fait son entr\u00e9e \u00e0\u00a0<strong>Montreux-Vieux<\/strong>\u00a0aux\u00a0cris de \u00ab Vive l&rsquo;anarchie \u00bb et mena\u00e7ant de tout\u00a0faire sauter.<\/h4>\n<h6>Sources: Le Temps 12 f\u00e9vrier 1894<\/h6>\n<p>Le tribunal correctionnel de Mulhouse vient de condamner \u00e0 treize mois de prison un journalier alsacien, qui, expuls\u00e9 d\u00e9 France pour men\u00e9es anarchistes, avait\u00a0 fait son entr\u00e9e \u00e0 Montreux-Vieux aux cris de :: \u00ab Vive l\u2019anarchie ! \u00bb et mena\u00e7ant de tout faire sauter.<\/p>\n<p>Sources\u00a0: Le Temps 12 f\u00e9vrier 1894<\/p>\n","protected":false},"excerpt":{"rendered":"<p>Vive l&rsquo;anarchie Le tribunal correctionnel de Mulhouse vient de\u00a0condamner \u00e0 treize mois de prison un journalier alsacien qui, expuls\u00e9 d\u00e9 France pour men\u00e9es anarchistes, avait fait son entr\u00e9e \u00e0\u00a0Montreux-Vieux\u00a0aux\u00a0cris de \u00ab Vive l&rsquo;anarchie \u00bb et mena\u00e7ant de tout\u00a0faire sauter. Sources: &hellip; <a href=\"https:\/\/montreux-vieux.net\/?page_id=11949\">Continuer la lecture <span class=\"meta-nav\">&rarr;<\/span><\/a><\/p>\n","protected":false},"author":1,"featured_media":0,"parent":13044,"menu_order":96,"comment_status":"closed","ping_status":"open","template":"","meta":{"footnotes":""},"class_list":["post-11949","page","type-page","status-publish","hentry"],"_links":{"self":[{"href":"https:\/\/montreux-vieux.net\/index.php?rest_route=\/wp\/v2\/pages\/11949","targetHints":{"allow":["GET"]}}],"collection":[{"href":"https:\/\/montreux-vieux.net\/index.php?rest_route=\/wp\/v2\/pages"}],"about":[{"href":"https:\/\/montreux-vieux.net\/index.php?rest_route=\/wp\/v2\/types\/page"}],"author":[{"embeddable":true,"href":"https:\/\/montreux-vieux.net\/index.php?rest_route=\/wp\/v2\/users\/1"}],"replies":[{"embeddable":true,"href":"https:\/\/montreux-vieux.net\/index.php?rest_route=%2Fwp%2Fv2%2Fcomments&post=11949"}],"version-history":[{"count":5,"href":"https:\/\/montreux-vieux.net\/index.php?rest_route=\/wp\/v2\/pages\/11949\/revisions"}],"predecessor-version":[{"id":21539,"href":"https:\/\/montreux-vieux.net\/index.php?rest_route=\/wp\/v2\/pages\/11949\/revisions\/21539"}],"up":[{"embeddable":true,"href":"https:\/\/montreux-vieux.net\/index.php?rest_route=\/wp\/v2\/pages\/13044"}],"wp:attachment":[{"href":"https:\/\/montreux-vieux.net\/index.php?rest_route=%2Fwp%2Fv2%2Fmedia&parent=11949"}],"curies":[{"name":"wp","href":"https:\/\/api.w.org\/{rel}","templated":true}]}}