{"id":11959,"date":"2018-11-17T11:13:51","date_gmt":"2018-11-17T10:13:51","guid":{"rendered":"http:\/\/montreux-vieux.net\/?page_id=11959"},"modified":"2019-01-03T13:20:48","modified_gmt":"2019-01-03T12:20:48","slug":"ces-voies-de-communications-tueuses-a-montreux-vieux","status":"publish","type":"page","link":"https:\/\/montreux-vieux.net\/?page_id=11959","title":{"rendered":"Ces voies de communications tueuses \u00e0 Montreux-Vieux."},"content":{"rendered":"<h3 style=\"text-align: center;\">Ces voies de communications tueuses \u00e0 Montreux-Vieux.<\/h3>\n<p><a href=\"http:\/\/montreux-vieux.net\/montreux-vieux.net\/wp-content\/uploads\/2018\/10\/Canal03.jpg\" target=\"_blank\" rel=\"noopener\"><img loading=\"lazy\" decoding=\"async\" class=\"aligncenter wp-image-11517 size-full\" src=\"http:\/\/montreux-vieux.net\/montreux-vieux.net\/wp-content\/uploads\/2018\/10\/Canal03.jpg\" alt=\"\" width=\"495\" height=\"292\" srcset=\"https:\/\/montreux-vieux.net\/montreux-vieux.net\/wp-content\/uploads\/2018\/10\/Canal03.jpg 495w, https:\/\/montreux-vieux.net\/montreux-vieux.net\/wp-content\/uploads\/2018\/10\/Canal03-300x177.jpg 300w\" sizes=\"auto, (max-width: 495px) 100vw, 495px\" \/><\/a><\/p>\n<h4><strong>Les personnes d\u00e9c\u00e9d\u00e9es sur la ligne de chemin de fer \u00e0 Montreux-Vieux<\/strong><\/h4>\n<h4 style=\"text-align: justify;\">Trois personnes dans l\u2019accident de train survenu le 11 d\u00e9cembre 1946,&nbsp;Monsieur Fernand Gentine de Magny s\u2019est jet\u00e9 sous un train \u00e0 la sortie d\u2019une consultation chez un &nbsp;m\u00e9decin,&nbsp;Madame Dienger en traversant le passage \u00e0 niveau un soir, &nbsp;Monsieur Reth Rino le passage \u00e0 niveau \u00e9tait ouvert lorsqu\u2019 il s\u2019est pr\u00e9sent\u00e9 avec sa moto, Mme Trabold Gis\u00e8le,&nbsp;Un gar\u00e7onnet de 5 ans en tombant du train 28 mai 1912,&nbsp;Un Homme&nbsp; \u00e9tendu le long des rails &nbsp;Montreux-Vieux, tomb\u00e9 \u00e0 priori d\u2019un train et cette personne d\u2019hier apr\u00e8s midi 16 novembre 2018 \u00e0 15 h 54. Soit 10 personnes.<\/h4>\n<h4><strong>Les personnes qui se sont noy\u00e9es dans la canal du Rh\u00f4ne au Rhin<\/strong><\/h4>\n<h4 style=\"text-align: justify;\">Besan\u00e7on Alphonse (16 ans), &nbsp;Corsini Daniel ,&nbsp;Laurent Wilfried,&nbsp;Corsini C\u00e9sar,&nbsp;Garessus Ren\u00e9 ainsi qu&rsquo;un Monsieur Didier de Valdieu-Lutran &nbsp;un 15 ao\u00fbt \u00e0 15 h 15. L&rsquo;horreur c&rsquo;est que Monsieur Corsini C\u00e9sar c&rsquo;est noy\u00e9 au m\u00eame endroit que son fils quelques ann\u00e9es apr\u00e8s. Soit 6 personnes.<\/h4>\n<h4><strong>Les personnes qui se sont tu\u00e9es sur les routes du village<\/strong><\/h4>\n<h4>3 personnes dans deux accidents diff\u00e9rents en face de l\u2019Etang Bey et 2 personnes &nbsp;la m\u00e8re et sa fille dans le petit ruisseau d&rsquo;eau devant l&rsquo;\u00e9tang, Zinck n\u00e9e Blond\u00e9 Suzanne et sa fille Nathalie un 25 d\u00e9cembre.<\/h4>\n<h4>Soit un total d&rsquo;au moins 21 personnes.<\/h4>\n","protected":false},"excerpt":{"rendered":"<p>Ces voies de communications tueuses \u00e0 Montreux-Vieux. Les personnes d\u00e9c\u00e9d\u00e9es sur la ligne de chemin de fer \u00e0 Montreux-Vieux Trois personnes dans l\u2019accident de train survenu le 11 d\u00e9cembre 1946,&nbsp;Monsieur Fernand Gentine de Magny s\u2019est jet\u00e9 sous un train \u00e0 &hellip; <a href=\"https:\/\/montreux-vieux.net\/?page_id=11959\">Continuer la lecture <span class=\"meta-nav\">&rarr;<\/span><\/a><\/p>\n","protected":false},"author":1,"featured_media":0,"parent":13044,"menu_order":82,"comment_status":"closed","ping_status":"open","template":"","meta":{"footnotes":""},"class_list":["post-11959","page","type-page","status-publish","hentry"],"_links":{"self":[{"href":"https:\/\/montreux-vieux.net\/index.php?rest_route=\/wp\/v2\/pages\/11959","targetHints":{"allow":["GET"]}}],"collection":[{"href":"https:\/\/montreux-vieux.net\/index.php?rest_route=\/wp\/v2\/pages"}],"about":[{"href":"https:\/\/montreux-vieux.net\/index.php?rest_route=\/wp\/v2\/types\/page"}],"author":[{"embeddable":true,"href":"https:\/\/montreux-vieux.net\/index.php?rest_route=\/wp\/v2\/users\/1"}],"replies":[{"embeddable":true,"href":"https:\/\/montreux-vieux.net\/index.php?rest_route=%2Fwp%2Fv2%2Fcomments&post=11959"}],"version-history":[{"count":4,"href":"https:\/\/montreux-vieux.net\/index.php?rest_route=\/wp\/v2\/pages\/11959\/revisions"}],"predecessor-version":[{"id":13427,"href":"https:\/\/montreux-vieux.net\/index.php?rest_route=\/wp\/v2\/pages\/11959\/revisions\/13427"}],"up":[{"embeddable":true,"href":"https:\/\/montreux-vieux.net\/index.php?rest_route=\/wp\/v2\/pages\/13044"}],"wp:attachment":[{"href":"https:\/\/montreux-vieux.net\/index.php?rest_route=%2Fwp%2Fv2%2Fmedia&parent=11959"}],"curies":[{"name":"wp","href":"https:\/\/api.w.org\/{rel}","templated":true}]}}