{"id":11964,"date":"2018-11-17T14:58:06","date_gmt":"2018-11-17T13:58:06","guid":{"rendered":"http:\/\/montreux-vieux.net\/?page_id=11964"},"modified":"2019-01-02T16:43:58","modified_gmt":"2019-01-02T15:43:58","slug":"une-naturalisation-au-journal-officiel-dune-personne-de-montreux-vieux","status":"publish","type":"page","link":"https:\/\/montreux-vieux.net\/?page_id=11964","title":{"rendered":"Une naturalisation au journal officiel d&rsquo;une personne de Montreux-Vieux"},"content":{"rendered":"<h3 style=\"text-align: center;\">Une naturalisation au journal officiel d&rsquo;une personne de Montreux-Vieux<\/h3>\n<p style=\"text-align: center;\"><a href=\"http:\/\/montreux-vieux.net\/montreux-vieux.net\/wp-content\/uploads\/2018\/11\/ScreenShot1431.jpg\" target=\"_blank\" rel=\"noopener\"><img loading=\"lazy\" decoding=\"async\" class=\"aligncenter wp-image-11962 size-full\" src=\"http:\/\/montreux-vieux.net\/montreux-vieux.net\/wp-content\/uploads\/2018\/11\/ScreenShot1431.jpg\" alt=\"\" width=\"252\" height=\"159\"><\/a><\/p>\n<h4 style=\"text-align: justify;\">MAGGI (Aristide), m\u00e9canicien, n\u00e9 le 24 octobre 1918 \u00e0 Cuvio (Italie), demeurant \u00e0&nbsp;<strong>Montreux Vieux<\/strong>&nbsp;(Haut-Rhin).&nbsp; Naturalis\u00e9 fran\u00e7aise. C&rsquo;\u00e9tait le fr\u00e8re de Monsieur Maggi Abondio, peintre.<\/h4>\n<h6>Source: Journal Officiel du &nbsp;09 juin 1940<\/h6>\n","protected":false},"excerpt":{"rendered":"<p>Une naturalisation au journal officiel d&rsquo;une personne de Montreux-Vieux MAGGI (Aristide), m\u00e9canicien, n\u00e9 le 24 octobre 1918 \u00e0 Cuvio (Italie), demeurant \u00e0&nbsp;Montreux Vieux&nbsp;(Haut-Rhin).&nbsp; Naturalis\u00e9 fran\u00e7aise. C&rsquo;\u00e9tait le fr\u00e8re de Monsieur Maggi Abondio, peintre. Source: Journal Officiel du &nbsp;09 juin 1940<\/p>\n","protected":false},"author":1,"featured_media":0,"parent":13095,"menu_order":22,"comment_status":"closed","ping_status":"open","template":"","meta":{"footnotes":""},"class_list":["post-11964","page","type-page","status-publish","hentry"],"_links":{"self":[{"href":"https:\/\/montreux-vieux.net\/index.php?rest_route=\/wp\/v2\/pages\/11964","targetHints":{"allow":["GET"]}}],"collection":[{"href":"https:\/\/montreux-vieux.net\/index.php?rest_route=\/wp\/v2\/pages"}],"about":[{"href":"https:\/\/montreux-vieux.net\/index.php?rest_route=\/wp\/v2\/types\/page"}],"author":[{"embeddable":true,"href":"https:\/\/montreux-vieux.net\/index.php?rest_route=\/wp\/v2\/users\/1"}],"replies":[{"embeddable":true,"href":"https:\/\/montreux-vieux.net\/index.php?rest_route=%2Fwp%2Fv2%2Fcomments&post=11964"}],"version-history":[{"count":2,"href":"https:\/\/montreux-vieux.net\/index.php?rest_route=\/wp\/v2\/pages\/11964\/revisions"}],"predecessor-version":[{"id":13373,"href":"https:\/\/montreux-vieux.net\/index.php?rest_route=\/wp\/v2\/pages\/11964\/revisions\/13373"}],"up":[{"embeddable":true,"href":"https:\/\/montreux-vieux.net\/index.php?rest_route=\/wp\/v2\/pages\/13095"}],"wp:attachment":[{"href":"https:\/\/montreux-vieux.net\/index.php?rest_route=%2Fwp%2Fv2%2Fmedia&parent=11964"}],"curies":[{"name":"wp","href":"https:\/\/api.w.org\/{rel}","templated":true}]}}