{"id":11981,"date":"2018-11-18T13:38:43","date_gmt":"2018-11-18T12:38:43","guid":{"rendered":"http:\/\/montreux-vieux.net\/?page_id=11981"},"modified":"2018-12-25T16:04:43","modified_gmt":"2018-12-25T15:04:43","slug":"le-saviez-vous-apres-la-guerre-de-14-18-les-ecoles-ne-rouvrirent-que-le-29-novembre","status":"publish","type":"page","link":"https:\/\/montreux-vieux.net\/?page_id=11981","title":{"rendered":"Le saviez-vous ? Apr\u00e8s la guerre de 14\/18 les \u00e9coles ne rouvrirent que le 29 novembre"},"content":{"rendered":"<h3 style=\"text-align: center;\">Le saviez-vous ? Apr\u00e8s la guerre de 14\/18 les \u00e9coles ne rouvrirent que le 29 novembre<\/h3>\n<p><a href=\"http:\/\/montreux-vieux.net\/montreux-vieux.net\/wp-content\/uploads\/2018\/11\/ScreenShot1253.jpg\" target=\"_blank\" rel=\"noopener\"><img loading=\"lazy\" decoding=\"async\" class=\"aligncenter wp-image-11978 size-full\" src=\"http:\/\/montreux-vieux.net\/montreux-vieux.net\/wp-content\/uploads\/2018\/11\/ScreenShot1253.jpg\" alt=\"\" width=\"538\" height=\"388\" srcset=\"https:\/\/montreux-vieux.net\/montreux-vieux.net\/wp-content\/uploads\/2018\/11\/ScreenShot1253.jpg 538w, https:\/\/montreux-vieux.net\/montreux-vieux.net\/wp-content\/uploads\/2018\/11\/ScreenShot1253-300x216.jpg 300w\" sizes=\"auto, (max-width: 538px) 100vw, 538px\" \/><\/a><\/p>\n<h4 style=\"text-align: justify;\">Le 13 ao\u00fbt 1914 l&rsquo;instituteur et greffier Monsieur Pierrot fut emmen\u00e9 (on ne dit pas ou ?). Ce n&rsquo;est que le 29 novembre 1914 que rouvrirent les \u00e9coles. Les locaux scolaires \u00e9tant occup\u00e9s par des soldats, un instituteur militaire r\u00e9unissait les gar\u00e7ons dans la grande salle de l&rsquo;auberge Lorentz (en face de la gare) . Il avait \u00e0 c\u00f4t\u00e9 de lui un jeune du village faisait office d&rsquo;interpr\u00e8te puisque les \u00e9coliers parlaient allemand. Au Temple Protestant deux jeunes filles faisaient classe aux filles sous la surveillance d&rsquo;un soldat-instituteur.<\/h4>\n","protected":false},"excerpt":{"rendered":"<p>Le saviez-vous ? Apr\u00e8s la guerre de 14\/18 les \u00e9coles ne rouvrirent que le 29 novembre Le 13 ao\u00fbt 1914 l&rsquo;instituteur et greffier Monsieur Pierrot fut emmen\u00e9 (on ne dit pas ou ?). Ce n&rsquo;est que le 29 novembre 1914 &hellip; <a href=\"https:\/\/montreux-vieux.net\/?page_id=11981\">Continuer la lecture <span class=\"meta-nav\">&rarr;<\/span><\/a><\/p>\n","protected":false},"author":1,"featured_media":0,"parent":12826,"menu_order":8,"comment_status":"closed","ping_status":"open","template":"","meta":{"footnotes":""},"class_list":["post-11981","page","type-page","status-publish","hentry"],"_links":{"self":[{"href":"https:\/\/montreux-vieux.net\/index.php?rest_route=\/wp\/v2\/pages\/11981","targetHints":{"allow":["GET"]}}],"collection":[{"href":"https:\/\/montreux-vieux.net\/index.php?rest_route=\/wp\/v2\/pages"}],"about":[{"href":"https:\/\/montreux-vieux.net\/index.php?rest_route=\/wp\/v2\/types\/page"}],"author":[{"embeddable":true,"href":"https:\/\/montreux-vieux.net\/index.php?rest_route=\/wp\/v2\/users\/1"}],"replies":[{"embeddable":true,"href":"https:\/\/montreux-vieux.net\/index.php?rest_route=%2Fwp%2Fv2%2Fcomments&post=11981"}],"version-history":[{"count":2,"href":"https:\/\/montreux-vieux.net\/index.php?rest_route=\/wp\/v2\/pages\/11981\/revisions"}],"predecessor-version":[{"id":12830,"href":"https:\/\/montreux-vieux.net\/index.php?rest_route=\/wp\/v2\/pages\/11981\/revisions\/12830"}],"up":[{"embeddable":true,"href":"https:\/\/montreux-vieux.net\/index.php?rest_route=\/wp\/v2\/pages\/12826"}],"wp:attachment":[{"href":"https:\/\/montreux-vieux.net\/index.php?rest_route=%2Fwp%2Fv2%2Fmedia&parent=11981"}],"curies":[{"name":"wp","href":"https:\/\/api.w.org\/{rel}","templated":true}]}}