{"id":12460,"date":"2018-11-19T17:22:07","date_gmt":"2018-11-19T16:22:07","guid":{"rendered":"http:\/\/montreux-vieux.net\/?page_id=12460"},"modified":"2018-11-21T10:34:25","modified_gmt":"2018-11-21T09:34:25","slug":"le-vieux-montreux-la-rue-dalsace","status":"publish","type":"page","link":"https:\/\/montreux-vieux.net\/?page_id=12460","title":{"rendered":"Le Vieux Montreux La Rue d&rsquo;Alsace"},"content":{"rendered":"<h3 style=\"text-align: center;\">Le Vieux Montreux, \u00a0La Rue d&rsquo;Alsace<\/h3>\n<p><a href=\"http:\/\/montreux-vieux.net\/montreux-vieux.net\/wp-content\/uploads\/2018\/11\/ScreenShot1439.jpg\" target=\"_blank\" rel=\"noopener\"><img loading=\"lazy\" decoding=\"async\" class=\"aligncenter wp-image-12483 size-full\" src=\"http:\/\/montreux-vieux.net\/montreux-vieux.net\/wp-content\/uploads\/2018\/11\/ScreenShot1439.jpg\" alt=\"\" width=\"567\" height=\"852\" srcset=\"https:\/\/montreux-vieux.net\/montreux-vieux.net\/wp-content\/uploads\/2018\/11\/ScreenShot1439.jpg 567w, https:\/\/montreux-vieux.net\/montreux-vieux.net\/wp-content\/uploads\/2018\/11\/ScreenShot1439-200x300.jpg 200w\" sizes=\"auto, (max-width: 567px) 100vw, 567px\" \/><\/a><\/p>\n<h4 style=\"text-align: justify;\">Il s\u2019agit l\u00e0 de quelques souvenirs du village, \u00a0il y a fort longtemps ou les lotissements n\u2019existaient pas encore ni certaines nouvelles constructions.<\/h4>\n<h4 style=\"text-align: justify;\">Commen\u00e7ons par la Rue d\u2019Alsace\u00a0: En entrant par la \u00abgrande for\u00eat\u00a0\u00bb comme nous l&rsquo;appelions \u00a0\u00e9tant\u00a0 petits qui en fait se nomme \u00ab\u00a0La Bri\u00e8re\u00a0\u00bb Juste une petite parenth\u00e8se pour dire que la for\u00eat communale en l\u2019an 2\u00a0000 avait une superficie de 54 ha 08 o\u00f9 \u00e9taient plant\u00e9s 10\u00a0414 arbres d\u2019essences diverses.<\/h4>\n<div id=\"attachment_12451\" style=\"width: 646px\" class=\"wp-caption aligncenter\"><a href=\"http:\/\/montreux-vieux.net\/montreux-vieux.net\/wp-content\/uploads\/2018\/11\/ScreenShot1434.jpg\" target=\"_blank\" rel=\"noopener\"><img loading=\"lazy\" decoding=\"async\" aria-describedby=\"caption-attachment-12451\" class=\"wp-image-12451 size-full\" src=\"http:\/\/montreux-vieux.net\/montreux-vieux.net\/wp-content\/uploads\/2018\/11\/ScreenShot1434.jpg\" alt=\"\" width=\"636\" height=\"378\" srcset=\"https:\/\/montreux-vieux.net\/montreux-vieux.net\/wp-content\/uploads\/2018\/11\/ScreenShot1434.jpg 636w, https:\/\/montreux-vieux.net\/montreux-vieux.net\/wp-content\/uploads\/2018\/11\/ScreenShot1434-300x178.jpg 300w, https:\/\/montreux-vieux.net\/montreux-vieux.net\/wp-content\/uploads\/2018\/11\/ScreenShot1434-600x357.jpg 600w\" sizes=\"auto, (max-width: 636px) 100vw, 636px\" \/><\/a><p id=\"caption-attachment-12451\" class=\"wp-caption-text\">La Bri\u00e8re<\/p><\/div>\n<h4 style=\"text-align: justify;\">Se pr\u00e9sente ensuite \u00a0\u00e0 droite, \u00a0le cimeti\u00e8re \u00e9rig\u00e9 vers 1891 par la commune, alors administr\u00e9e, par un maire Allemand, Laible Wilhelm (maire du 29 ao\u00fbt 1896 au \u00a07 ao\u00fbt 1914) date de\u00a0 la reconqu\u00eate du village par les fran\u00e7ais. Le cimeti\u00e8re est aliment\u00e9 par une conduite en eau potable. Il existe encore un morceau de barri\u00e8re s\u00e9parant les d\u00e9funts protestantes et catholiques. \u00a0En entrant au cimeti\u00e8re durant un certain moment il y avait devant la grille quelques tombes de soldats allemands exhum\u00e9s et transport\u00e9s par la suite par une association dans leur pays. Une partie de \u00a0l\u2019histoire de Montreux-Vieux se trouve \u00e0 cet endroit parmi tous les morts.<\/h4>\n<p style=\"text-align: center;\"><a href=\"http:\/\/montreux-vieux.net\/montreux-vieux.net\/wp-content\/uploads\/2017\/10\/Le-cimeti\u00e8re.jpg\" target=\"_blank\" rel=\"noopener\"><img loading=\"lazy\" decoding=\"async\" class=\"aligncenter wp-image-9888 size-full\" src=\"http:\/\/montreux-vieux.net\/montreux-vieux.net\/wp-content\/uploads\/2017\/10\/Le-cimeti\u00e8re.jpg\" alt=\"\" width=\"945\" height=\"756\" srcset=\"https:\/\/montreux-vieux.net\/montreux-vieux.net\/wp-content\/uploads\/2017\/10\/Le-cimeti\u00e8re.jpg 945w, https:\/\/montreux-vieux.net\/montreux-vieux.net\/wp-content\/uploads\/2017\/10\/Le-cimeti\u00e8re-300x240.jpg 300w, https:\/\/montreux-vieux.net\/montreux-vieux.net\/wp-content\/uploads\/2017\/10\/Le-cimeti\u00e8re-768x614.jpg 768w, https:\/\/montreux-vieux.net\/montreux-vieux.net\/wp-content\/uploads\/2017\/10\/Le-cimeti\u00e8re-600x480.jpg 600w\" sizes=\"auto, (max-width: 945px) 100vw, 945px\" \/><\/a><\/p>\n<h4>Devant le cimeti\u00e8re il y avait quelques champs lou\u00e9s \u00e0 des particuliers par la commune pour y cultiver des l\u00e9gumes. Ils payaient alors \u00ab\u00a0le fermage\u00a0\u00bb.<\/h4>\n<div id=\"attachment_12450\" style=\"width: 638px\" class=\"wp-caption aligncenter\"><a href=\"http:\/\/montreux-vieux.net\/montreux-vieux.net\/wp-content\/uploads\/2018\/11\/ScreenShot1433.jpg\" target=\"_blank\" rel=\"noopener\"><img loading=\"lazy\" decoding=\"async\" aria-describedby=\"caption-attachment-12450\" class=\"wp-image-12450 size-full\" src=\"http:\/\/montreux-vieux.net\/montreux-vieux.net\/wp-content\/uploads\/2018\/11\/ScreenShot1433.jpg\" alt=\"\" width=\"628\" height=\"308\" srcset=\"https:\/\/montreux-vieux.net\/montreux-vieux.net\/wp-content\/uploads\/2018\/11\/ScreenShot1433.jpg 628w, https:\/\/montreux-vieux.net\/montreux-vieux.net\/wp-content\/uploads\/2018\/11\/ScreenShot1433-300x147.jpg 300w, https:\/\/montreux-vieux.net\/montreux-vieux.net\/wp-content\/uploads\/2018\/11\/ScreenShot1433-600x294.jpg 600w\" sizes=\"auto, (max-width: 628px) 100vw, 628px\" \/><\/a><p id=\"caption-attachment-12450\" class=\"wp-caption-text\">La \u00ab\u00a0Petite For\u00eat\u00a0\u00bb<\/p><\/div>\n<h4 style=\"text-align: justify;\">Puis \u00ab\u00a0la petite for\u00eat\u00a0\u00bb, un petit bosquet avec quelques arbres ou j\u2019ai un vague souvenir mais pas sur ou \u00e9taient dispos\u00e9es quelques tombes \u00a0le long de la lisi\u00e8re. Je pense que cela pourrait \u00eatre ce que d\u00e9montre la photo ci-dessous.<\/h4>\n<p><a href=\"http:\/\/montreux-vieux.net\/montreux-vieux.net\/wp-content\/uploads\/2017\/11\/ScreenShot796.jpg\" target=\"_blank\" rel=\"noopener\"><img loading=\"lazy\" decoding=\"async\" class=\"aligncenter wp-image-10015 size-full\" src=\"http:\/\/montreux-vieux.net\/montreux-vieux.net\/wp-content\/uploads\/2017\/11\/ScreenShot796.jpg\" alt=\"\" width=\"805\" height=\"520\" srcset=\"https:\/\/montreux-vieux.net\/montreux-vieux.net\/wp-content\/uploads\/2017\/11\/ScreenShot796.jpg 805w, https:\/\/montreux-vieux.net\/montreux-vieux.net\/wp-content\/uploads\/2017\/11\/ScreenShot796-300x194.jpg 300w, https:\/\/montreux-vieux.net\/montreux-vieux.net\/wp-content\/uploads\/2017\/11\/ScreenShot796-768x496.jpg 768w, https:\/\/montreux-vieux.net\/montreux-vieux.net\/wp-content\/uploads\/2017\/11\/ScreenShot796-600x388.jpg 600w\" sizes=\"auto, (max-width: 805px) 100vw, 805px\" \/><\/a><\/p>\n<h4 style=\"text-align: justify;\">Nous voil\u00e0 devant la maison Pierre, \u00a0(De Vittori Lucien, son p\u00e8re De Vittori Joseph, et auparavant Camille Cuenin qui je me souviens jouait de la trompette durant les p\u00e9riodes d\u2019orages pour ne pas entendre gronder le tonnerre\u2026.) A la fin de la propri\u00e9t\u00e9 direction Chavannes-Sur L\u2019Etang \u00e9tait implant\u00e9 un calvaire en gr\u00e8s rose qui a \u00e9t\u00e9 retir\u00e9 lors de la construction du Lotissement Les Bourquardettes mais,\u00a0 personne ne sait ou il a \u00e9t\u00e9 d\u00e9pos\u00e9. Ces calvaires \u00e9taient souvent implant\u00e9s \u00e0 l\u2019intersection de routes ou chemins. Pour celui-ci il indiquait la direction de Valdieu mais \u00e9galement le petit chemin allant sur Chavannes-Sur-L\u2019Etang. \u00a0En face le Lotissement \u00ab\u00a0G\u00e9hant\u00a0\u00bb la Rue des Merles ou devait \u00eatre construit une \u00e9cole du nom de l\u2019\u00e9cole \u00ab\u00a0G\u00e9hant\u00a0\u00bb, propri\u00e9taire du terrain c\u00e9d\u00e9 \u00e0 la commune de Montreux-Vieux.<\/h4>\n<h4 style=\"text-align: justify;\">Suit la maison M\u00e9n\u00e9tr\u00e9, \u00a0auparavant J. Lallement. A cet endroit fut tu\u00e9 le soldat Maurice Canal le 22 septembre 1915 \u00a0et un autre mortellement bless\u00e9 par une bombe. Cette m\u00eame maison durant la guerre 1939\/1945 a fait l\u2019objet d\u2019une projection d&rsquo;un \u00a0\u00e9clat (morceau de rail de chemin de fer) qui est tomb\u00e9 sur l\u2019immeuble traversant les \u00e9tages pour se trouver \u00e0 la cave ceci apr\u00e8s le bombardement de la ligne de chemin de fer. Habitait dans cette maison un \u00a0fils Lallemend Marcel, pl\u00e2trier, d\u00e9port\u00e9 en Russie durant la derni\u00e8re guerre qui est revenu traumatis\u00e9..<\/h4>\n<div id=\"attachment_12453\" style=\"width: 955px\" class=\"wp-caption aligncenter\"><a href=\"http:\/\/montreux-vieux.net\/montreux-vieux.net\/wp-content\/uploads\/2018\/11\/ebenisterie-magny-Vincentauparavant-Sutter-et-Stirlin.jpg\" target=\"_blank\" rel=\"noopener\"><img loading=\"lazy\" decoding=\"async\" aria-describedby=\"caption-attachment-12453\" class=\"wp-image-12453 size-full\" src=\"http:\/\/montreux-vieux.net\/montreux-vieux.net\/wp-content\/uploads\/2018\/11\/ebenisterie-magny-Vincentauparavant-Sutter-et-Stirlin.jpg\" alt=\"\" width=\"945\" height=\"756\" srcset=\"https:\/\/montreux-vieux.net\/montreux-vieux.net\/wp-content\/uploads\/2018\/11\/ebenisterie-magny-Vincentauparavant-Sutter-et-Stirlin.jpg 945w, https:\/\/montreux-vieux.net\/montreux-vieux.net\/wp-content\/uploads\/2018\/11\/ebenisterie-magny-Vincentauparavant-Sutter-et-Stirlin-300x240.jpg 300w, https:\/\/montreux-vieux.net\/montreux-vieux.net\/wp-content\/uploads\/2018\/11\/ebenisterie-magny-Vincentauparavant-Sutter-et-Stirlin-768x614.jpg 768w, https:\/\/montreux-vieux.net\/montreux-vieux.net\/wp-content\/uploads\/2018\/11\/ebenisterie-magny-Vincentauparavant-Sutter-et-Stirlin-600x480.jpg 600w\" sizes=\"auto, (max-width: 945px) 100vw, 945px\" \/><\/a><p id=\"caption-attachment-12453\" class=\"wp-caption-text\">L&rsquo;\u00e9b\u00e9nisterie Vincent Magny<\/p><\/div>\n<h4 style=\"text-align: justify;\">En face l\u2019\u00e9b\u00e9nisterie Magny, auparavant Joseph Stirlin, \u00a0Sutter Xavier, puis Marcel. Un mauvais souvenir Mme Sutter un soir de r\u00e9veillon du 31 d\u00e9cembre s\u2019est pendue au grenier laissant une lettre \u00e0 son fils qui \u00e9tait invit\u00e9 ailleurs cette nuit l\u00e0. Dans cette maison vivait \u00e9galement une vieille dame Stauffer Marguerite qui s\u2019occupait un moment donn\u00e9 du balayage et du chauffage des \u00e9coles.<\/h4>\n<h4 style=\"text-align: justify;\">A c\u00f4t\u00e9 la maison Higelin Alphonse, ancien cheminot, avec \u00e0 l\u2019\u00e9tage sa fille Antoinette, secr\u00e9taire de mairie, son mari instituteur puis maire \u00a0du 20 mars 1971 au\u00a0 18 mars 1983 et tout en haut une dame appel\u00e9e \u00a0\u00bb la tante Th\u00e9venot\u00a0\u00bb. Tous les lundis Madame Higelin faisait sa lessive dans un local appel\u00e9 buanderie ou le linge bouillonnait dans une lessiveuse.<\/h4>\n<div id=\"attachment_11907\" style=\"width: 677px\" class=\"wp-caption aligncenter\"><a href=\"http:\/\/montreux-vieux.net\/montreux-vieux.net\/wp-content\/uploads\/2018\/11\/ScreenShot1419.jpg\" target=\"_blank\" rel=\"noopener\"><img loading=\"lazy\" decoding=\"async\" aria-describedby=\"caption-attachment-11907\" class=\"wp-image-11907 size-full\" src=\"http:\/\/montreux-vieux.net\/montreux-vieux.net\/wp-content\/uploads\/2018\/11\/ScreenShot1419.jpg\" alt=\"\" width=\"667\" height=\"536\" \/><\/a><p id=\"caption-attachment-11907\" class=\"wp-caption-text\">La maison Chaxel \u00e0 droite au bas de la photo<\/p><\/div>\n<h4 style=\"text-align: justify;\">En face une maison qui n\u2019existe plus la maison Chaxel o\u00f9 est n\u00e9 Monsieur Seiler Ren\u00e9 qui nous a quitt\u00e9 le 25 novembre 1988, fils de l\u2019ancien maire Auguste Seiler Maire et administrateur de trois communes durant la guerre 1939\/1945. Il \u00e9tait maire du 13 ao\u00fbt 1940 au \u00a030 novembre 1944 puis du 30 septembre 1945 au 19 mars 1971. Ren\u00e9 avait un fr\u00e8re Charles mort dans le sous marin \u00ab\u00a0Le Prot\u00e9e 2\u00a0\u00bb, coul\u00e9 le 19 d\u00e9cembre 1943 par les Allemands au large de Marseille.<\/h4>\n<div id=\"attachment_11140\" style=\"width: 957px\" class=\"wp-caption aligncenter\"><a href=\"http:\/\/montreux-vieux.net\/montreux-vieux.net\/wp-content\/uploads\/2018\/10\/Widemann.jpg\" target=\"_blank\" rel=\"noopener\"><img loading=\"lazy\" decoding=\"async\" aria-describedby=\"caption-attachment-11140\" class=\"wp-image-11140 size-full\" src=\"http:\/\/montreux-vieux.net\/montreux-vieux.net\/wp-content\/uploads\/2018\/10\/Widemann.jpg\" alt=\"\" width=\"947\" height=\"801\" srcset=\"https:\/\/montreux-vieux.net\/montreux-vieux.net\/wp-content\/uploads\/2018\/10\/Widemann.jpg 947w, https:\/\/montreux-vieux.net\/montreux-vieux.net\/wp-content\/uploads\/2018\/10\/Widemann-300x254.jpg 300w, https:\/\/montreux-vieux.net\/montreux-vieux.net\/wp-content\/uploads\/2018\/10\/Widemann-768x650.jpg 768w, https:\/\/montreux-vieux.net\/montreux-vieux.net\/wp-content\/uploads\/2018\/10\/Widemann-600x507.jpg 600w\" sizes=\"auto, (max-width: 947px) 100vw, 947px\" \/><\/a><p id=\"caption-attachment-11140\" class=\"wp-caption-text\">La maison de Melle Alice Widemann<\/p><\/div>\n<h4 style=\"text-align: justify;\">A c\u00f4t\u00e9 une maison avec beaucoup d\u2019histoire, celle de Monsieur Roux Robert dont l\u2019\u00e9pouse \u00e9tait en famille avec le Tsar de Russie Nicolas II qui avait fait un arr\u00eat en gare de Montreux-Vieux en date du 27 octobre 1909 \u00e0 5 h 56 du matin en avance de 4 minutes sur l\u2019horaire. \u00a0Cette maison \u00e9tait \u00e9galement en partie am\u00e9nag\u00e9e en magasin ou se vendaient des ustensiles de cuisines, cuisini\u00e8res, gazini\u00e8res etc mais il y avait \u00e9galement un d\u00e9p\u00f4t de bouteilles de gaz. C\u2019\u00e9tait l\u2019\u00e9poque de Widemann Alice et de sa m\u00e8re Marie. Une magnifique photo a \u00e9t\u00e9 retrouv\u00e9e de l\u2019\u00e9poque ou \u00e9taient cantonn\u00e9s les militaires \u00e0 Montreux-Vieux. Alice Widemann alors conseill\u00e8re municipale eut un gar\u00e7on dans les ann\u00e9es 1920, Andr\u00e9, ing\u00e9nieur et \u00e0 l\u2019origine de l\u2019invention du parapluie t\u00e9lescopique et grand amateur de football. Il donna \u00e0 l\u2019association sportive\u00a0 la d\u00e9nomination de Montreux-Sports.<\/h4>\n<p><a href=\"http:\/\/montreux-vieux.net\/montreux-vieux.net\/wp-content\/uploads\/2018\/11\/ScreenShot1435.jpg\" target=\"_blank\" rel=\"noopener\"><img loading=\"lazy\" decoding=\"async\" class=\"aligncenter wp-image-12455 size-full\" src=\"http:\/\/montreux-vieux.net\/montreux-vieux.net\/wp-content\/uploads\/2018\/11\/ScreenShot1435.jpg\" alt=\"\" width=\"621\" height=\"523\" srcset=\"https:\/\/montreux-vieux.net\/montreux-vieux.net\/wp-content\/uploads\/2018\/11\/ScreenShot1435.jpg 621w, https:\/\/montreux-vieux.net\/montreux-vieux.net\/wp-content\/uploads\/2018\/11\/ScreenShot1435-300x253.jpg 300w, https:\/\/montreux-vieux.net\/montreux-vieux.net\/wp-content\/uploads\/2018\/11\/ScreenShot1435-600x505.jpg 600w\" sizes=\"auto, (max-width: 621px) 100vw, 621px\" \/><\/a><\/p>\n<h4 style=\"text-align: justify;\">En face mon immeuble ou v\u00e9cu mon p\u00e8re qui poss\u00e9dait d\u00e9j\u00e0 une scie \u00e9lectrique dans les ann\u00e9es 1945 pour scier le bois de chauffage \u00e0 ses clients. Le courant \u00e9lectrique pour alimenter le moteur \u00e9tait alors pris avec des perches accroch\u00e9es tout simplement aux c\u00e2bles \u00e9lectriques qui passaient le long des rues. Dans cette immeuble est n\u00e9 L\u00e9on H\u00e9g\u00e9l\u00e9 le 30 janvier 1925,\u00a0 devenu Ev\u00eaque Auxiliaire de Strasbourg. Il est d\u00e9c\u00e9d\u00e9 le 11 f\u00e9vrier 2014 \u00e0 l\u2019h\u00f4pital de Sierentz. Pour la petite histoire la tombe du parrain de Monseigneur H\u00e9g\u00e9l\u00e9, Libman Heinrich,\u00a0 a \u00e9t\u00e9 retrouv\u00e9e en Ukraine \u00e0 Potelitsch ou il a \u00e9t\u00e9 tu\u00e9 le 13 mars 1944 sur le front Russe.<\/h4>\n<h4 style=\"text-align: justify;\">A c\u00f4t\u00e9 de chez moi, la maison Notter\/Thuet, enti\u00e8rement r\u00e9nov\u00e9e \u00e0 pr\u00e9sent ou habitaient plusieurs familles notamment Winninger Armand alors m\u00e9canicien de bicyclettes, \u00e0 une certaine \u00e9poque, \u00a0Mr et Mme\u00a0 Meyer et leurs enfants, Monsieur s\u2019\u00e9tant tu\u00e9 au volant de son camion alors encore tr\u00e8s jeune. Mr et Mme Corsini C\u00e9sar et leurs enfants l\u2019un d\u2019eux Daniel s\u2019est noy\u00e9\u00a0 sous le pont du canal du Rh\u00f4ne au Rhin \u00a0en 1957 \u00e0 l\u2019\u00e2ge de 11 ans, le p\u00e8re \u00e0 quelques m\u00e8tres de l\u00e0, quelques ann\u00e9es apr\u00e8s. Il y avait \u00e9galement un Mr Schwob et d\u2019autres personnes encore qui habitaient dans cette maison. C\u2019est aussi l\u00e0 que le samedi l\u2019on tuait le lapin pour le manger le dimanche. Imm\u00e9diatement la peau de la b\u00eate \u00e9tait tendue sur un fil de fer et vendue \u00e0 la personne ramassant le lundi\u00a0 peaux, chiffons, ferraille etc\u2026<\/h4>\n<p><a href=\"http:\/\/montreux-vieux.net\/montreux-vieux.net\/wp-content\/uploads\/2018\/11\/ScreenShot1436.jpg\" target=\"_blank\" rel=\"noopener\"><img loading=\"lazy\" decoding=\"async\" class=\"aligncenter wp-image-12456 size-full\" src=\"http:\/\/montreux-vieux.net\/montreux-vieux.net\/wp-content\/uploads\/2018\/11\/ScreenShot1436.jpg\" alt=\"\" width=\"631\" height=\"503\" \/><\/a><\/p>\n<h4 style=\"text-align: justify;\">En face la maison Widemann que tout le monde conna\u00eet, Etienne faisait partie de toutes les associations, du conseil municipal, de la Fabrique de l\u2019\u00e9glise, des sapeurs-pompiers\u00a0 et tenait le cin\u00e9ma Star \u00e0 la salle des f\u00eates durant un p\u00e9riode. Derri\u00e8re se trouvait une ancienne maison ou vivaient ses parents qui tenaient un atelier de zinguerie avec quelques apprentis qui dormaient \u00e0 l\u2019\u00e9poque sur place au dessus de la \u00ab\u00a0 boutique\u00a0\u00bb encore chaude en hiver par la chaleur que d\u00e9gageait \u00a0la forge. A c\u00f4t\u00e9 un garage d\u00e9moli \u00e0 pr\u00e9sent et propri\u00e9t\u00e9 de la commune.<\/h4>\n<p>&nbsp;<\/p>\n<div id=\"attachment_12457\" style=\"width: 966px\" class=\"wp-caption aligncenter\"><a href=\"http:\/\/montreux-vieux.net\/montreux-vieux.net\/wp-content\/uploads\/2018\/11\/ScreenShot1437.jpg\" target=\"_blank\" rel=\"noopener\"><img loading=\"lazy\" decoding=\"async\" aria-describedby=\"caption-attachment-12457\" class=\"wp-image-12457 size-full\" src=\"http:\/\/montreux-vieux.net\/montreux-vieux.net\/wp-content\/uploads\/2018\/11\/ScreenShot1437.jpg\" alt=\"\" width=\"956\" height=\"611\" srcset=\"https:\/\/montreux-vieux.net\/montreux-vieux.net\/wp-content\/uploads\/2018\/11\/ScreenShot1437.jpg 956w, https:\/\/montreux-vieux.net\/montreux-vieux.net\/wp-content\/uploads\/2018\/11\/ScreenShot1437-300x192.jpg 300w, https:\/\/montreux-vieux.net\/montreux-vieux.net\/wp-content\/uploads\/2018\/11\/ScreenShot1437-768x491.jpg 768w, https:\/\/montreux-vieux.net\/montreux-vieux.net\/wp-content\/uploads\/2018\/11\/ScreenShot1437-600x383.jpg 600w\" sizes=\"auto, (max-width: 956px) 100vw, 956px\" \/><\/a><p id=\"caption-attachment-12457\" class=\"wp-caption-text\">Une partie de la ferme de Monsieur Moreth Aloyse \u00e0 droite derri\u00e8re les enfants<\/p><\/div>\n<h4 style=\"text-align: justify;\">En face la pharmacie\u00a0 qui \u00e9tait un magasin d\u2019alimentation auparavant. A l\u2019emplacement il y avait une ferme celle de Monsieur Alo\u00efse Moreth qui a br\u00fbl\u00e9e il y a quarante ans le 23 ao\u00fbt 1978 vers 13 h 30. C\u2019est l\u00e0 \u00e9galement que vivait au d\u00e9but de son mariage sa fille Marie Rose qui a \u00e9pous\u00e9 M. Amtouti Abderazac alors, ouvrier agricole, ma\u00e7on, fossoyeur et m\u00eame coiffeur. Monsieur Moreth Aloyse lors des enterrements conduisait le cercueil du d\u00e9funt sur un catafalque tir\u00e9 par ses chevaux.<\/h4>\n<p><a href=\"http:\/\/montreux-vieux.net\/montreux-vieux.net\/wp-content\/uploads\/2017\/04\/La-cloche-situ\u00e9e-sur-la-mairie.jpg\" target=\"_blank\" rel=\"noopener\"><img loading=\"lazy\" decoding=\"async\" class=\"aligncenter wp-image-8926 size-full\" src=\"http:\/\/montreux-vieux.net\/montreux-vieux.net\/wp-content\/uploads\/2017\/04\/La-cloche-situ\u00e9e-sur-la-mairie.jpg\" alt=\"\" width=\"945\" height=\"756\" srcset=\"https:\/\/montreux-vieux.net\/montreux-vieux.net\/wp-content\/uploads\/2017\/04\/La-cloche-situ\u00e9e-sur-la-mairie.jpg 945w, https:\/\/montreux-vieux.net\/montreux-vieux.net\/wp-content\/uploads\/2017\/04\/La-cloche-situ\u00e9e-sur-la-mairie-300x240.jpg 300w, https:\/\/montreux-vieux.net\/montreux-vieux.net\/wp-content\/uploads\/2017\/04\/La-cloche-situ\u00e9e-sur-la-mairie-768x614.jpg 768w, https:\/\/montreux-vieux.net\/montreux-vieux.net\/wp-content\/uploads\/2017\/04\/La-cloche-situ\u00e9e-sur-la-mairie-600x480.jpg 600w\" sizes=\"auto, (max-width: 945px) 100vw, 945px\" \/><\/a><\/p>\n<h4 style=\"text-align: justify;\">En face la mairie-\u00e9cole qui vient d\u2019\u00eatre r\u00e9nov\u00e9e. Elle fut construite sur le terrain du berger \u00e0 partir de septembre 1881. Les mat\u00e9riaux provenant de la d\u00e9molition ont \u00e9t\u00e9 vendus pour la construction du b\u00e2timent qui fut \u00a0termin\u00e9e le 30 avril 1884. C&rsquo;\u00e9tait la \u00a0p\u00e9riode des maires Gevrier Ferdinand (17 f\u00e9vrier 1858 \u00e0 1873 et du 12 septembre 1883 au 28 ao\u00fbt 1896) et Gevrier Fran\u00e7ois (de f\u00e9vrier 1873\u00a0 au 11 septembre 1883). A son d\u00e9but le b\u00e2timent abritait d\u2019abord l\u2019\u00e9cole catholique et la mairie, puis mixte puisqu&rsquo;une fois les allemands partis il y avait moins de protestants. La mairie est surmont\u00e9e par un clocheton qui sonnait au d\u00e9but et \u00e0 la fin de la classe que l\u2019instituteur actionnait en tirant sur la corde qui pendait derri\u00e8re la porte d\u2019entr\u00e9e de l\u2019\u00e9cole. A mon \u00e9poque la cloche ne sonnait plus il y avait le sifflet. \u00a0A l\u2019\u00e9cole nous avions en plus des mati\u00e8res traditionnelles \u00a0des cours de religion et du cat\u00e9chisme. Il fallait faire \u00e9galement la pri\u00e8re qui avait \u00e9t\u00e9 oubli\u00e9e \u00e0 la r\u00e9ouverture des \u00e9coles le 29 novembre 1914 mais rappel\u00e9 par le cur\u00e9 \u00e0 l\u2019administrateur le capitaine Laurent \u00a0Atthalin. Il fallait \u00e9galement rentrer le bois \u00e0 l\u2019instituteur, lui monter au grenier.<\/h4>\n","protected":false},"excerpt":{"rendered":"<p>Le Vieux Montreux, \u00a0La Rue d&rsquo;Alsace Il s\u2019agit l\u00e0 de quelques souvenirs du village, \u00a0il y a fort longtemps ou les lotissements n\u2019existaient pas encore ni certaines nouvelles constructions. Commen\u00e7ons par la Rue d\u2019Alsace\u00a0: En entrant par la \u00abgrande for\u00eat\u00a0\u00bb &hellip; <a href=\"https:\/\/montreux-vieux.net\/?page_id=12460\">Continuer la lecture <span class=\"meta-nav\">&rarr;<\/span><\/a><\/p>\n","protected":false},"author":1,"featured_media":0,"parent":661,"menu_order":1,"comment_status":"closed","ping_status":"open","template":"","meta":{"footnotes":""},"class_list":["post-12460","page","type-page","status-publish","hentry"],"_links":{"self":[{"href":"https:\/\/montreux-vieux.net\/index.php?rest_route=\/wp\/v2\/pages\/12460","targetHints":{"allow":["GET"]}}],"collection":[{"href":"https:\/\/montreux-vieux.net\/index.php?rest_route=\/wp\/v2\/pages"}],"about":[{"href":"https:\/\/montreux-vieux.net\/index.php?rest_route=\/wp\/v2\/types\/page"}],"author":[{"embeddable":true,"href":"https:\/\/montreux-vieux.net\/index.php?rest_route=\/wp\/v2\/users\/1"}],"replies":[{"embeddable":true,"href":"https:\/\/montreux-vieux.net\/index.php?rest_route=%2Fwp%2Fv2%2Fcomments&post=12460"}],"version-history":[{"count":3,"href":"https:\/\/montreux-vieux.net\/index.php?rest_route=\/wp\/v2\/pages\/12460\/revisions"}],"predecessor-version":[{"id":12485,"href":"https:\/\/montreux-vieux.net\/index.php?rest_route=\/wp\/v2\/pages\/12460\/revisions\/12485"}],"up":[{"embeddable":true,"href":"https:\/\/montreux-vieux.net\/index.php?rest_route=\/wp\/v2\/pages\/661"}],"wp:attachment":[{"href":"https:\/\/montreux-vieux.net\/index.php?rest_route=%2Fwp%2Fv2%2Fmedia&parent=12460"}],"curies":[{"name":"wp","href":"https:\/\/api.w.org\/{rel}","templated":true}]}}