{"id":12697,"date":"2018-12-22T16:38:33","date_gmt":"2018-12-22T15:38:33","guid":{"rendered":"http:\/\/montreux-vieux.net\/?page_id=12697"},"modified":"2018-12-25T15:58:10","modified_gmt":"2018-12-25T14:58:10","slug":"acquisition-dune-carte-geographique-ce-pour-les-ecoles","status":"publish","type":"page","link":"https:\/\/montreux-vieux.net\/?page_id=12697","title":{"rendered":"Acquisition d\u2019une carte g\u00e9ographique ce pour les \u00e9coles"},"content":{"rendered":"\n<h3 class=\"wp-block-heading\" style=\"text-align:center\">Acquisition d\u2019une carte g\u00e9ographique ce pour les \u00e9coles<\/h3>\n\n\n\n<h4 class=\"wp-block-heading\">Le 24 d\u00e9cembre 1848 une carte g\u00e9ographique a \u00e9t\u00e9 achet\u00e9e pour la salle de l\u2019\u00e9cole pour 14.15 F<\/h4>\n\n\n\n<div class=\"wp-block-image\"><figure class=\"aligncenter is-resized\"><img decoding=\"async\" src=\"http:\/\/montreux-vieux.net\/montreux-vieux.net\/wp-content\/uploads\/2018\/12\/ScreenShot1469.jpg\" alt=\"\" class=\"wp-image-12694\" width=\"650\"\/><\/figure><\/div>\n","protected":false},"excerpt":{"rendered":"<p>Acquisition d\u2019une carte g\u00e9ographique ce pour les \u00e9coles Le 24 d\u00e9cembre 1848 une carte g\u00e9ographique a \u00e9t\u00e9 achet\u00e9e pour la salle de l\u2019\u00e9cole pour 14.15 F<\/p>\n","protected":false},"author":1,"featured_media":0,"parent":12826,"menu_order":4,"comment_status":"closed","ping_status":"open","template":"","meta":{"footnotes":""},"class_list":["post-12697","page","type-page","status-publish","hentry"],"_links":{"self":[{"href":"https:\/\/montreux-vieux.net\/index.php?rest_route=\/wp\/v2\/pages\/12697","targetHints":{"allow":["GET"]}}],"collection":[{"href":"https:\/\/montreux-vieux.net\/index.php?rest_route=\/wp\/v2\/pages"}],"about":[{"href":"https:\/\/montreux-vieux.net\/index.php?rest_route=\/wp\/v2\/types\/page"}],"author":[{"embeddable":true,"href":"https:\/\/montreux-vieux.net\/index.php?rest_route=\/wp\/v2\/users\/1"}],"replies":[{"embeddable":true,"href":"https:\/\/montreux-vieux.net\/index.php?rest_route=%2Fwp%2Fv2%2Fcomments&post=12697"}],"version-history":[{"count":1,"href":"https:\/\/montreux-vieux.net\/index.php?rest_route=\/wp\/v2\/pages\/12697\/revisions"}],"predecessor-version":[{"id":12698,"href":"https:\/\/montreux-vieux.net\/index.php?rest_route=\/wp\/v2\/pages\/12697\/revisions\/12698"}],"up":[{"embeddable":true,"href":"https:\/\/montreux-vieux.net\/index.php?rest_route=\/wp\/v2\/pages\/12826"}],"wp:attachment":[{"href":"https:\/\/montreux-vieux.net\/index.php?rest_route=%2Fwp%2Fv2%2Fmedia&parent=12697"}],"curies":[{"name":"wp","href":"https:\/\/api.w.org\/{rel}","templated":true}]}}