{"id":12719,"date":"2018-12-23T11:32:41","date_gmt":"2018-12-23T10:32:41","guid":{"rendered":"http:\/\/montreux-vieux.net\/?page_id=12719"},"modified":"2018-12-24T13:07:15","modified_gmt":"2018-12-24T12:07:15","slug":"arrivee-a-montreux-vieux-le-23-decembre-1914-dun-detachement-dambulances","status":"publish","type":"page","link":"https:\/\/montreux-vieux.net\/?page_id=12719","title":{"rendered":"Arriv\u00e9e \u00e0 Montreux-Vieux le 23 d\u00e9cembre 1914 d\u2019un d\u00e9tachement d\u2019ambulances"},"content":{"rendered":"\n<h3 class=\"wp-block-heading\" style=\"text-align:center\">Arriv\u00e9e \u00e0 Montreux-Vieux le 23 d\u00e9cembre 1914 d\u2019un d\u00e9tachement d\u2019ambulances<\/h3>\n\n\n\n<h4 class=\"wp-block-heading\">Arriv\u00e9e \u00e0 Montreux-Vieux le 23 d\u00e9cembre 1914 d\u2019un d\u00e9tachement d\u2019ambulances avec le m\u00e9decin-major Nurdin, homme tr\u00e8s sympathique, ainsi d\u2019ailleurs que ses hommes. A 11h ce m\u00eame jour beaucoup d\u2019artillerie a travers\u00e9 la localit\u00e9. Pour en savoir plus sur les ambulances cliquez sur le lien ci-apr\u00e8s :&nbsp;<a rel=\"noreferrer noopener\" href=\"http:\/\/montreux-vieux.net\/?page_id=11386\" target=\"_blank\">http:\/\/montreux-vieux.net\/?page_id=11386<\/a><\/h4>\n\n\n\n<figure class=\"wp-block-image\"><img loading=\"lazy\" decoding=\"async\" width=\"959\" height=\"594\" src=\"http:\/\/montreux-vieux.net\/montreux-vieux.net\/wp-content\/uploads\/2018\/10\/ScreenShot1324.jpg\" alt=\"\" class=\"wp-image-11384\" srcset=\"https:\/\/montreux-vieux.net\/montreux-vieux.net\/wp-content\/uploads\/2018\/10\/ScreenShot1324.jpg 959w, https:\/\/montreux-vieux.net\/montreux-vieux.net\/wp-content\/uploads\/2018\/10\/ScreenShot1324-300x186.jpg 300w, https:\/\/montreux-vieux.net\/montreux-vieux.net\/wp-content\/uploads\/2018\/10\/ScreenShot1324-768x476.jpg 768w, https:\/\/montreux-vieux.net\/montreux-vieux.net\/wp-content\/uploads\/2018\/10\/ScreenShot1324-600x372.jpg 600w\" sizes=\"auto, (max-width: 959px) 100vw, 959px\" \/><\/figure>\n","protected":false},"excerpt":{"rendered":"<p>Arriv\u00e9e \u00e0 Montreux-Vieux le 23 d\u00e9cembre 1914 d\u2019un d\u00e9tachement d\u2019ambulances Arriv\u00e9e \u00e0 Montreux-Vieux le 23 d\u00e9cembre 1914 d\u2019un d\u00e9tachement d\u2019ambulances avec le m\u00e9decin-major Nurdin, homme tr\u00e8s sympathique, ainsi d\u2019ailleurs que ses hommes. A 11h ce m\u00eame jour beaucoup d\u2019artillerie a &hellip; <a href=\"https:\/\/montreux-vieux.net\/?page_id=12719\">Continuer la lecture <span class=\"meta-nav\">&rarr;<\/span><\/a><\/p>\n","protected":false},"author":1,"featured_media":0,"parent":12673,"menu_order":6,"comment_status":"closed","ping_status":"open","template":"","meta":{"footnotes":""},"class_list":["post-12719","page","type-page","status-publish","hentry"],"_links":{"self":[{"href":"https:\/\/montreux-vieux.net\/index.php?rest_route=\/wp\/v2\/pages\/12719","targetHints":{"allow":["GET"]}}],"collection":[{"href":"https:\/\/montreux-vieux.net\/index.php?rest_route=\/wp\/v2\/pages"}],"about":[{"href":"https:\/\/montreux-vieux.net\/index.php?rest_route=\/wp\/v2\/types\/page"}],"author":[{"embeddable":true,"href":"https:\/\/montreux-vieux.net\/index.php?rest_route=\/wp\/v2\/users\/1"}],"replies":[{"embeddable":true,"href":"https:\/\/montreux-vieux.net\/index.php?rest_route=%2Fwp%2Fv2%2Fcomments&post=12719"}],"version-history":[{"count":3,"href":"https:\/\/montreux-vieux.net\/index.php?rest_route=\/wp\/v2\/pages\/12719\/revisions"}],"predecessor-version":[{"id":12746,"href":"https:\/\/montreux-vieux.net\/index.php?rest_route=\/wp\/v2\/pages\/12719\/revisions\/12746"}],"up":[{"embeddable":true,"href":"https:\/\/montreux-vieux.net\/index.php?rest_route=\/wp\/v2\/pages\/12673"}],"wp:attachment":[{"href":"https:\/\/montreux-vieux.net\/index.php?rest_route=%2Fwp%2Fv2%2Fmedia&parent=12719"}],"curies":[{"name":"wp","href":"https:\/\/api.w.org\/{rel}","templated":true}]}}