{"id":12723,"date":"2018-12-23T14:02:41","date_gmt":"2018-12-23T13:02:41","guid":{"rendered":"http:\/\/montreux-vieux.net\/?page_id=12723"},"modified":"2019-09-16T10:18:24","modified_gmt":"2019-09-16T09:18:24","slug":"l-y-a-un-siecle-le-25-decembre-1918-les-soldats-sont-demobilises","status":"publish","type":"page","link":"https:\/\/montreux-vieux.net\/?page_id=12723","title":{"rendered":"l y a un si\u00e8cle le 25 d\u00e9cembre 1918 les soldats sont d\u00e9mobilis\u00e9s."},"content":{"rendered":"\n<h3 class=\"wp-block-heading\">Il y a un si\u00e8cle le 25 d\u00e9cembre 1918 les soldats sont d\u00e9mobilis\u00e9s.<\/h3>\n\n\n\n<div class=\"wp-block-image\"><figure class=\"aligncenter\"><img decoding=\"async\" src=\"http:\/\/montreux-vieux.net\/montreux-vieux.net\/wp-content\/uploads\/2018\/10\/ScreenShot1334.jpg\" alt=\"L\u00e2\u0080\u0099attribut alt de cette image est vide, son nom de fichier est ScreenShot1334.jpg.\"\/><\/figure><\/div>\n\n\n\n<p>A Montreux-Vieux l\u2019Etat Major n\u2019est plus ici, le dernier g\u00e9n\u00e9ral est parti le 18 novembre 1918. Les soldats d\u00e9mobilis\u00e9s arrivent de toute l\u2019Alsace. Les trains pour l\u2019int\u00e9rieur se forment ici ; les soldats sont dirig\u00e9s sur leurs d\u00e9p\u00f4ts d\u2019o\u00f9 ils rentrent chez eux. Plus de renseignements \u00e0 l\u2019adresse:&nbsp;<a rel=\"noreferrer noopener\" href=\"http:\/\/montreux-vieux.net\/?page_id=11421\" target=\"_blank\">http:\/\/montreux-vieux.net\/?page_id=11421<\/a><\/p>\n","protected":false},"excerpt":{"rendered":"<p>Il y a un si\u00e8cle le 25 d\u00e9cembre 1918 les soldats sont d\u00e9mobilis\u00e9s. A Montreux-Vieux l\u2019Etat Major n\u2019est plus ici, le dernier g\u00e9n\u00e9ral est parti le 18 novembre 1918. Les soldats d\u00e9mobilis\u00e9s arrivent de toute l\u2019Alsace. Les trains pour l\u2019int\u00e9rieur &hellip; <a href=\"https:\/\/montreux-vieux.net\/?page_id=12723\">Continuer la lecture <span class=\"meta-nav\">&rarr;<\/span><\/a><\/p>\n","protected":false},"author":1,"featured_media":0,"parent":12673,"menu_order":2,"comment_status":"closed","ping_status":"open","template":"","meta":{"footnotes":""},"class_list":["post-12723","page","type-page","status-publish","hentry"],"_links":{"self":[{"href":"https:\/\/montreux-vieux.net\/index.php?rest_route=\/wp\/v2\/pages\/12723","targetHints":{"allow":["GET"]}}],"collection":[{"href":"https:\/\/montreux-vieux.net\/index.php?rest_route=\/wp\/v2\/pages"}],"about":[{"href":"https:\/\/montreux-vieux.net\/index.php?rest_route=\/wp\/v2\/types\/page"}],"author":[{"embeddable":true,"href":"https:\/\/montreux-vieux.net\/index.php?rest_route=\/wp\/v2\/users\/1"}],"replies":[{"embeddable":true,"href":"https:\/\/montreux-vieux.net\/index.php?rest_route=%2Fwp%2Fv2%2Fcomments&post=12723"}],"version-history":[{"count":2,"href":"https:\/\/montreux-vieux.net\/index.php?rest_route=\/wp\/v2\/pages\/12723\/revisions"}],"predecessor-version":[{"id":17760,"href":"https:\/\/montreux-vieux.net\/index.php?rest_route=\/wp\/v2\/pages\/12723\/revisions\/17760"}],"up":[{"embeddable":true,"href":"https:\/\/montreux-vieux.net\/index.php?rest_route=\/wp\/v2\/pages\/12673"}],"wp:attachment":[{"href":"https:\/\/montreux-vieux.net\/index.php?rest_route=%2Fwp%2Fv2%2Fmedia&parent=12723"}],"curies":[{"name":"wp","href":"https:\/\/api.w.org\/{rel}","templated":true}]}}