{"id":13137,"date":"2018-12-29T14:15:52","date_gmt":"2018-12-29T13:15:52","guid":{"rendered":"http:\/\/montreux-vieux.net\/?page_id=13137"},"modified":"2018-12-29T14:15:52","modified_gmt":"2018-12-29T13:15:52","slug":"application-dun-nouveau-reglement-a-la-gare-frontiere","status":"publish","type":"page","link":"https:\/\/montreux-vieux.net\/?page_id=13137","title":{"rendered":"Application d&rsquo;un nouveau r\u00e8glement \u00e0 la Gare-fronti\u00e8re"},"content":{"rendered":"\n<p><strong>Application d\u2019un nouveau r\u00e8glement \u00e0 la Gare-fronti\u00e8re d\u2019Altm\u00fcnsterol.<\/strong><\/p>\n\n\n\n<h4 class=\"wp-block-heading\">1<sup>er<\/sup>&nbsp;janvier 1892 application d\u2019un nouveau r\u00e8glement des Chemins de fer de l\u2019Est qui dispose&nbsp;: qu\u2019\u00e0 partir du 1er Janvier 1892 et pendant toute la saison d\u2019hiver 1891-92, les trains rapides entre Calais et B\u00e2le (via. Laon, Belfort, Petit-Croix, Montreux-Vieux, Mulhouse), en correspondance directe avec, Londres, auront leur marche r\u00e9gl\u00e9e de la mani\u00e8re suivante ;&nbsp;Premi\u00e8re et deuxi\u00e8me classes<\/h4>\n\n\n\n<h4 class=\"wp-block-heading\">Aller (via Nancy et via. Chaumont : D\u00e9part de Londres&nbsp; 8 h. 15 le soir et 11 h. matin, de Calais (gare maritime) 1h 04 du matin, et 2h.59 le soir, de Reims 7h.02 matin et 8h.05 le soir, de Petit-Croix 2h51 le soir.et 3h.08 matin, Douane allemande de Montreux-Vieux 3h 18 le soir et 3h35 le matin. Montreux-Vieux heure locale de d\u00e9part 3g 33 et 4h le soir Arriv\u00e9e \u00e0 Mulhouse a 5h 09 le soir et 4h 41.le matin .B\u00e2le arriv\u00e9e 4h 55 le soir et 5h 35 le matin<\/h4>\n\n\n\n<div class=\"wp-block-image\"><figure class=\"aligncenter\"><a href=\"http:\/\/montreux-vieux.net\/montreux-vieux.net\/wp-content\/uploads\/2016\/02\/1-2.jpg\" target=\"_blank\" rel=\"noreferrer noopener\"><img loading=\"lazy\" decoding=\"async\" width=\"944\" height=\"755\" src=\"http:\/\/montreux-vieux.net\/montreux-vieux.net\/wp-content\/uploads\/2016\/02\/1-2.jpg\" alt=\"\" class=\"wp-image-7081\" srcset=\"https:\/\/montreux-vieux.net\/montreux-vieux.net\/wp-content\/uploads\/2016\/02\/1-2.jpg 944w, https:\/\/montreux-vieux.net\/montreux-vieux.net\/wp-content\/uploads\/2016\/02\/1-2-300x240.jpg 300w, https:\/\/montreux-vieux.net\/montreux-vieux.net\/wp-content\/uploads\/2016\/02\/1-2-768x614.jpg 768w, https:\/\/montreux-vieux.net\/montreux-vieux.net\/wp-content\/uploads\/2016\/02\/1-2-600x480.jpg 600w\" sizes=\"auto, (max-width: 944px) 100vw, 944px\" \/><\/a><\/figure><\/div>\n\n\n\n<h4 class=\"wp-block-heading\">Retour. B\u00e2le (heure&nbsp;locale) D\u00e9part &nbsp;10 h. 15 le matin et 9 h. 56 le soir. Mulhouse, d\u00e9part 11h 30le matin et 10.44 le soir, de Montreux-Vieux 11h.30 le matin et 11h.41 soir. Douane fran\u00e7aise, de Petit-Croix heure fran\u00e7aise arriv\u00e9e 11h 10 le matin et 11h22 le soir. &nbsp;Reims arriv\u00e9e \u00e0 7h 09le soir et 5h 57 le matin. Calais arriv\u00e9e (gare maritime)&nbsp; \u00e0 1 h. 21 le matin et11h 5 le matin, Londres arriv\u00e9e 5h45 le matin et 5 h. soir.<\/h4>\n","protected":false},"excerpt":{"rendered":"<p>Application d\u2019un nouveau r\u00e8glement \u00e0 la Gare-fronti\u00e8re d\u2019Altm\u00fcnsterol. 1er&nbsp;janvier 1892 application d\u2019un nouveau r\u00e8glement des Chemins de fer de l\u2019Est qui dispose&nbsp;: qu\u2019\u00e0 partir du 1er Janvier 1892 et pendant toute la saison d\u2019hiver 1891-92, les trains rapides entre Calais &hellip; <a href=\"https:\/\/montreux-vieux.net\/?page_id=13137\">Continuer la lecture <span class=\"meta-nav\">&rarr;<\/span><\/a><\/p>\n","protected":false},"author":1,"featured_media":0,"parent":13007,"menu_order":15,"comment_status":"closed","ping_status":"open","template":"","meta":{"footnotes":""},"class_list":["post-13137","page","type-page","status-publish","hentry"],"_links":{"self":[{"href":"https:\/\/montreux-vieux.net\/index.php?rest_route=\/wp\/v2\/pages\/13137","targetHints":{"allow":["GET"]}}],"collection":[{"href":"https:\/\/montreux-vieux.net\/index.php?rest_route=\/wp\/v2\/pages"}],"about":[{"href":"https:\/\/montreux-vieux.net\/index.php?rest_route=\/wp\/v2\/types\/page"}],"author":[{"embeddable":true,"href":"https:\/\/montreux-vieux.net\/index.php?rest_route=\/wp\/v2\/users\/1"}],"replies":[{"embeddable":true,"href":"https:\/\/montreux-vieux.net\/index.php?rest_route=%2Fwp%2Fv2%2Fcomments&post=13137"}],"version-history":[{"count":1,"href":"https:\/\/montreux-vieux.net\/index.php?rest_route=\/wp\/v2\/pages\/13137\/revisions"}],"predecessor-version":[{"id":13138,"href":"https:\/\/montreux-vieux.net\/index.php?rest_route=\/wp\/v2\/pages\/13137\/revisions\/13138"}],"up":[{"embeddable":true,"href":"https:\/\/montreux-vieux.net\/index.php?rest_route=\/wp\/v2\/pages\/13007"}],"wp:attachment":[{"href":"https:\/\/montreux-vieux.net\/index.php?rest_route=%2Fwp%2Fv2%2Fmedia&parent=13137"}],"curies":[{"name":"wp","href":"https:\/\/api.w.org\/{rel}","templated":true}]}}