{"id":13608,"date":"2019-01-09T17:13:54","date_gmt":"2019-01-09T16:13:54","guid":{"rendered":"http:\/\/montreux-vieux.net\/?page_id=13608"},"modified":"2019-01-09T17:13:54","modified_gmt":"2019-01-09T16:13:54","slug":"cetait-en-juillet-1989","status":"publish","type":"page","link":"https:\/\/montreux-vieux.net\/?page_id=13608","title":{"rendered":"C\u2019\u00e9tait en juillet 1989"},"content":{"rendered":"\n<h3 class=\"wp-block-heading\" style=\"text-align:center\">C\u2019\u00e9tait en juillet 1989<\/h3>\n\n\n\n<div class=\"wp-block-image\"><figure class=\"aligncenter\"><a href=\"http:\/\/montreux-vieux.net\/?attachment_id=3074\" target=\"_blank\" rel=\"noreferrer noopener\"><img decoding=\"async\" src=\"http:\/\/montreux-vieux.net\/montreux-vieux.net\/wp-content\/uploads\/2012\/01\/img060-300x197.jpg\" alt=\"\" class=\"wp-image-3074\"\/><\/a><\/figure><\/div>\n\n\n\n<p>Un accident ferroviaire a eu lieu en gare de Montreux-Vieux. Il aurait &nbsp;pu avoir de graves cons\u00e9quences sans le reflexe du chef de gare.<\/p>\n\n\n\n<p>Deux wagons d\u2019un convoi de marchandises comportant une cinquantaine de wagons, charg\u00e9s de conteneurs, venant de Belfort en direction de Mulhouse ont d\u00e9raill\u00e9s arrachant sur leur passage des pyl\u00f4nes porte cat\u00e9naire. Le chef de gare ayant aper\u00e7u une tr\u00e8s importante poussi\u00e8re qui se d\u00e9gageait du convoi a pu faire stopper le train.<\/p>\n\n\n\n<p>Aujourd\u2019hui il n\u2019y a plus de chef de gare \u00e0 Montreux-Vieux.<\/p>\n\n\n\n<div class=\"wp-block-image\"><figure class=\"aligncenter\"><a href=\"http:\/\/montreux-vieux.net\/?attachment_id=3076\" target=\"_blank\" rel=\"noreferrer noopener\"><img loading=\"lazy\" decoding=\"async\" width=\"300\" height=\"198\" src=\"http:\/\/montreux-vieux.net\/montreux-vieux.net\/wp-content\/uploads\/2012\/01\/img061-300x198.jpg\" alt=\"\" class=\"wp-image-3076\" srcset=\"https:\/\/montreux-vieux.net\/montreux-vieux.net\/wp-content\/uploads\/2012\/01\/img061-300x198.jpg 300w, https:\/\/montreux-vieux.net\/montreux-vieux.net\/wp-content\/uploads\/2012\/01\/img061-1024x677.jpg 1024w, https:\/\/montreux-vieux.net\/montreux-vieux.net\/wp-content\/uploads\/2012\/01\/img061.jpg 1650w\" sizes=\"auto, (max-width: 300px) 100vw, 300px\" \/><\/a><\/figure><\/div>\n","protected":false},"excerpt":{"rendered":"<p>C\u2019\u00e9tait en juillet 1989 Un accident ferroviaire a eu lieu en gare de Montreux-Vieux. Il aurait &nbsp;pu avoir de graves cons\u00e9quences sans le reflexe du chef de gare. Deux wagons d\u2019un convoi de marchandises comportant une cinquantaine de wagons, charg\u00e9s &hellip; <a href=\"https:\/\/montreux-vieux.net\/?page_id=13608\">Continuer la lecture <span class=\"meta-nav\">&rarr;<\/span><\/a><\/p>\n","protected":false},"author":1,"featured_media":0,"parent":13009,"menu_order":10,"comment_status":"closed","ping_status":"open","template":"","meta":{"footnotes":""},"class_list":["post-13608","page","type-page","status-publish","hentry"],"_links":{"self":[{"href":"https:\/\/montreux-vieux.net\/index.php?rest_route=\/wp\/v2\/pages\/13608","targetHints":{"allow":["GET"]}}],"collection":[{"href":"https:\/\/montreux-vieux.net\/index.php?rest_route=\/wp\/v2\/pages"}],"about":[{"href":"https:\/\/montreux-vieux.net\/index.php?rest_route=\/wp\/v2\/types\/page"}],"author":[{"embeddable":true,"href":"https:\/\/montreux-vieux.net\/index.php?rest_route=\/wp\/v2\/users\/1"}],"replies":[{"embeddable":true,"href":"https:\/\/montreux-vieux.net\/index.php?rest_route=%2Fwp%2Fv2%2Fcomments&post=13608"}],"version-history":[{"count":1,"href":"https:\/\/montreux-vieux.net\/index.php?rest_route=\/wp\/v2\/pages\/13608\/revisions"}],"predecessor-version":[{"id":13609,"href":"https:\/\/montreux-vieux.net\/index.php?rest_route=\/wp\/v2\/pages\/13608\/revisions\/13609"}],"up":[{"embeddable":true,"href":"https:\/\/montreux-vieux.net\/index.php?rest_route=\/wp\/v2\/pages\/13009"}],"wp:attachment":[{"href":"https:\/\/montreux-vieux.net\/index.php?rest_route=%2Fwp%2Fv2%2Fmedia&parent=13608"}],"curies":[{"name":"wp","href":"https:\/\/api.w.org\/{rel}","templated":true}]}}