{"id":13641,"date":"2019-01-10T14:09:44","date_gmt":"2019-01-10T13:09:44","guid":{"rendered":"http:\/\/montreux-vieux.net\/?page_id=13641"},"modified":"2019-01-10T14:09:44","modified_gmt":"2019-01-10T13:09:44","slug":"photo-du-13-octobre-1973","status":"publish","type":"page","link":"https:\/\/montreux-vieux.net\/?page_id=13641","title":{"rendered":"Photo du 13 octobre 1973"},"content":{"rendered":"\n<h3 class=\"wp-block-heading\" style=\"text-align:center\">Photo du 13 octobre 1973<\/h3>\n\n\n\n<div class=\"wp-block-image\"><figure class=\"aligncenter\"><a href=\"http:\/\/montreux-vieux.net\/montreux-vieux.net\/wp-content\/uploads\/2016\/01\/Image6.jpg\" target=\"_blank\" rel=\"noreferrer noopener\"><img loading=\"lazy\" decoding=\"async\" width=\"1024\" height=\"712\" src=\"http:\/\/montreux-vieux.net\/montreux-vieux.net\/wp-content\/uploads\/2016\/01\/Image6-1024x712.jpg\" alt=\"Sylviane Brunner avec sa classe en 1973\" class=\"wp-image-6652\" srcset=\"https:\/\/montreux-vieux.net\/montreux-vieux.net\/wp-content\/uploads\/2016\/01\/Image6-1024x712.jpg 1024w, https:\/\/montreux-vieux.net\/montreux-vieux.net\/wp-content\/uploads\/2016\/01\/Image6-300x208.jpg 300w, https:\/\/montreux-vieux.net\/montreux-vieux.net\/wp-content\/uploads\/2016\/01\/Image6-768x534.jpg 768w, https:\/\/montreux-vieux.net\/montreux-vieux.net\/wp-content\/uploads\/2016\/01\/Image6-600x417.jpg 600w, https:\/\/montreux-vieux.net\/montreux-vieux.net\/wp-content\/uploads\/2016\/01\/Image6.jpg 1193w\" sizes=\"auto, (max-width: 1024px) 100vw, 1024px\" \/><\/a><figcaption><br><br><\/figcaption><\/figure><\/div>\n\n\n\n<h4 class=\"wp-block-heading\">Voici une photo qui me vient de Tahiti. Elle a \u00e9t\u00e9 prise le 13 octobre 1973 avant l&rsquo;ouverture du pont enjambant la voie ferr\u00e9e. Au fond le \u00ab\u00a0Palais des Juifs\u00a0\u00bb avec ses murs recouverts de t\u00f4les. Qui conna\u00eet quelqu&rsquo;un sur cette photo ??<\/h4>\n","protected":false},"excerpt":{"rendered":"<p>Photo du 13 octobre 1973 Voici une photo qui me vient de Tahiti. Elle a \u00e9t\u00e9 prise le 13 octobre 1973 avant l&rsquo;ouverture du pont enjambant la voie ferr\u00e9e. Au fond le \u00ab\u00a0Palais des Juifs\u00a0\u00bb avec ses murs recouverts de &hellip; <a href=\"https:\/\/montreux-vieux.net\/?page_id=13641\">Continuer la lecture <span class=\"meta-nav\">&rarr;<\/span><\/a><\/p>\n","protected":false},"author":1,"featured_media":0,"parent":12826,"menu_order":20,"comment_status":"closed","ping_status":"open","template":"","meta":{"footnotes":""},"class_list":["post-13641","page","type-page","status-publish","hentry"],"_links":{"self":[{"href":"https:\/\/montreux-vieux.net\/index.php?rest_route=\/wp\/v2\/pages\/13641","targetHints":{"allow":["GET"]}}],"collection":[{"href":"https:\/\/montreux-vieux.net\/index.php?rest_route=\/wp\/v2\/pages"}],"about":[{"href":"https:\/\/montreux-vieux.net\/index.php?rest_route=\/wp\/v2\/types\/page"}],"author":[{"embeddable":true,"href":"https:\/\/montreux-vieux.net\/index.php?rest_route=\/wp\/v2\/users\/1"}],"replies":[{"embeddable":true,"href":"https:\/\/montreux-vieux.net\/index.php?rest_route=%2Fwp%2Fv2%2Fcomments&post=13641"}],"version-history":[{"count":1,"href":"https:\/\/montreux-vieux.net\/index.php?rest_route=\/wp\/v2\/pages\/13641\/revisions"}],"predecessor-version":[{"id":13642,"href":"https:\/\/montreux-vieux.net\/index.php?rest_route=\/wp\/v2\/pages\/13641\/revisions\/13642"}],"up":[{"embeddable":true,"href":"https:\/\/montreux-vieux.net\/index.php?rest_route=\/wp\/v2\/pages\/12826"}],"wp:attachment":[{"href":"https:\/\/montreux-vieux.net\/index.php?rest_route=%2Fwp%2Fv2%2Fmedia&parent=13641"}],"curies":[{"name":"wp","href":"https:\/\/api.w.org\/{rel}","templated":true}]}}