{"id":13770,"date":"2019-01-13T14:04:46","date_gmt":"2019-01-13T13:04:46","guid":{"rendered":"http:\/\/montreux-vieux.net\/?page_id=13770"},"modified":"2019-01-13T14:09:09","modified_gmt":"2019-01-13T13:09:09","slug":"une-balade-a-montreux-vieux-autrefois","status":"publish","type":"page","link":"https:\/\/montreux-vieux.net\/?page_id=13770","title":{"rendered":"Une balade \u00e0 Montreux-Vieux autrefois"},"content":{"rendered":"\n<h3 class=\"wp-block-heading\" style=\"text-align:center\">Une balade \u00e0 Montreux-Vieux autrefois<\/h3>\n\n\n\n<p style=\"text-align:center\">Une balade d&rsquo;une autre \u00e9poque.<\/p>\n\n\n\n<p>D\u00e9part&nbsp;&nbsp;Montreux-Ch\u00e2teau direction la fronti\u00e8re franco-allemande&nbsp; passage devant la premi\u00e8re Auberge d&rsquo;Alsace, l&rsquo;usine Peugeot ensuite direction de la &nbsp;rue de la Tour, Rue de la Gare, Grand&rsquo;Rue, Rue des Vosges, Rue de Belfort et pour terminer la Rue des Tilleuls.<\/p>\n\n\n\n<DIV ALIGN=\"CENTER\"><figure><iframe loading=\"lazy\" width=\"300\" height=\"344\" src=\"https:\/\/www.youtube.com\/embed\/LnVIFXymxdQ\" allowfullscreen=\"\"><\/iframe><\/figure><\/DIV>\n","protected":false},"excerpt":{"rendered":"<p>Une balade \u00e0 Montreux-Vieux autrefois Une balade d&rsquo;une autre \u00e9poque. D\u00e9part&nbsp;&nbsp;Montreux-Ch\u00e2teau direction la fronti\u00e8re franco-allemande&nbsp; passage devant la premi\u00e8re Auberge d&rsquo;Alsace, l&rsquo;usine Peugeot ensuite direction de la &nbsp;rue de la Tour, Rue de la Gare, Grand&rsquo;Rue, Rue des Vosges, Rue &hellip; <a href=\"https:\/\/montreux-vieux.net\/?page_id=13770\">Continuer la lecture <span class=\"meta-nav\">&rarr;<\/span><\/a><\/p>\n","protected":false},"author":1,"featured_media":0,"parent":13752,"menu_order":2,"comment_status":"closed","ping_status":"open","template":"","meta":{"footnotes":""},"class_list":["post-13770","page","type-page","status-publish","hentry"],"_links":{"self":[{"href":"https:\/\/montreux-vieux.net\/index.php?rest_route=\/wp\/v2\/pages\/13770","targetHints":{"allow":["GET"]}}],"collection":[{"href":"https:\/\/montreux-vieux.net\/index.php?rest_route=\/wp\/v2\/pages"}],"about":[{"href":"https:\/\/montreux-vieux.net\/index.php?rest_route=\/wp\/v2\/types\/page"}],"author":[{"embeddable":true,"href":"https:\/\/montreux-vieux.net\/index.php?rest_route=\/wp\/v2\/users\/1"}],"replies":[{"embeddable":true,"href":"https:\/\/montreux-vieux.net\/index.php?rest_route=%2Fwp%2Fv2%2Fcomments&post=13770"}],"version-history":[{"count":2,"href":"https:\/\/montreux-vieux.net\/index.php?rest_route=\/wp\/v2\/pages\/13770\/revisions"}],"predecessor-version":[{"id":13773,"href":"https:\/\/montreux-vieux.net\/index.php?rest_route=\/wp\/v2\/pages\/13770\/revisions\/13773"}],"up":[{"embeddable":true,"href":"https:\/\/montreux-vieux.net\/index.php?rest_route=\/wp\/v2\/pages\/13752"}],"wp:attachment":[{"href":"https:\/\/montreux-vieux.net\/index.php?rest_route=%2Fwp%2Fv2%2Fmedia&parent=13770"}],"curies":[{"name":"wp","href":"https:\/\/api.w.org\/{rel}","templated":true}]}}