{"id":13774,"date":"2019-01-13T14:21:08","date_gmt":"2019-01-13T13:21:08","guid":{"rendered":"http:\/\/montreux-vieux.net\/?page_id=13774"},"modified":"2019-01-13T14:21:08","modified_gmt":"2019-01-13T13:21:08","slug":"une-nouvelle-balade-a-montreux-vieux","status":"publish","type":"page","link":"https:\/\/montreux-vieux.net\/?page_id=13774","title":{"rendered":"Une nouvelle balade \u00e0 Montreux-Vieux"},"content":{"rendered":"\n<h3 class=\"wp-block-heading\" style=\"text-align:center\">Une nouvelle balade \u00e0 Montreux-Vieux<\/h3>\n\n\n\n<p> D\u00e9part sur le pont enjambant la voie ferr\u00e9e \u00e0 la sortie du lotissement du Breuleux. Direction la STEP, les nids \u00e0 cigognes, la station de pompage. Retour vers la plate-forme des d\u00e9chets verts puis direction les cours de tennis, le cimeti\u00e8re lapidaire, rue du Moulin, de la Lib\u00e9ration, le canal et retour vers le monument aux morts, la caserne des sapeurs-pomiers, l&rsquo;\u00e9glise, le cabinet m\u00e9dical, un coup d&rsquo;oeil\u00a0vers la salle des f\u00eates et retour direction rue de la Gare. Un nouveau coup d&rsquo;oeil vers le Palais des Juifs, puis direction la Gare et Rue des Tilleuls vers\u00a0 les \u00e9coles, le stade et retour par la rue des Jardins pour rejoindre la Grand&rsquo;Rue, la rue des Vosges, encore un coup d&rsquo;oeil dans la rue des Vergers puis direction Chavannes sur l&rsquo;Etang, le cimeti\u00e8re, la rue d&rsquo;Alsace, le nouveau lotissement (Les Sitelles)\u00a0 et arriv\u00e9e Rue d&rsquo;Alsace. <\/p>\n\n\n\n<DIV ALIGN=\"CENTER\"><figure><iframe loading=\"lazy\" width=\"300\" height=\"344\" src=\"https:\/\/www.youtube.com\/embed\/3Y_AAi1bvgI\" allowfullscreen=\"\"><\/iframe><\/figure><\/DIV>\n","protected":false},"excerpt":{"rendered":"<p>Une nouvelle balade \u00e0 Montreux-Vieux D\u00e9part sur le pont enjambant la voie ferr\u00e9e \u00e0 la sortie du lotissement du Breuleux. Direction la STEP, les nids \u00e0 cigognes, la station de pompage. Retour vers la plate-forme des d\u00e9chets verts puis direction &hellip; <a href=\"https:\/\/montreux-vieux.net\/?page_id=13774\">Continuer la lecture <span class=\"meta-nav\">&rarr;<\/span><\/a><\/p>\n","protected":false},"author":1,"featured_media":0,"parent":13752,"menu_order":4,"comment_status":"closed","ping_status":"open","template":"","meta":{"footnotes":""},"class_list":["post-13774","page","type-page","status-publish","hentry"],"_links":{"self":[{"href":"https:\/\/montreux-vieux.net\/index.php?rest_route=\/wp\/v2\/pages\/13774","targetHints":{"allow":["GET"]}}],"collection":[{"href":"https:\/\/montreux-vieux.net\/index.php?rest_route=\/wp\/v2\/pages"}],"about":[{"href":"https:\/\/montreux-vieux.net\/index.php?rest_route=\/wp\/v2\/types\/page"}],"author":[{"embeddable":true,"href":"https:\/\/montreux-vieux.net\/index.php?rest_route=\/wp\/v2\/users\/1"}],"replies":[{"embeddable":true,"href":"https:\/\/montreux-vieux.net\/index.php?rest_route=%2Fwp%2Fv2%2Fcomments&post=13774"}],"version-history":[{"count":1,"href":"https:\/\/montreux-vieux.net\/index.php?rest_route=\/wp\/v2\/pages\/13774\/revisions"}],"predecessor-version":[{"id":13775,"href":"https:\/\/montreux-vieux.net\/index.php?rest_route=\/wp\/v2\/pages\/13774\/revisions\/13775"}],"up":[{"embeddable":true,"href":"https:\/\/montreux-vieux.net\/index.php?rest_route=\/wp\/v2\/pages\/13752"}],"wp:attachment":[{"href":"https:\/\/montreux-vieux.net\/index.php?rest_route=%2Fwp%2Fv2%2Fmedia&parent=13774"}],"curies":[{"name":"wp","href":"https:\/\/api.w.org\/{rel}","templated":true}]}}