{"id":13820,"date":"2019-01-14T14:58:32","date_gmt":"2019-01-14T13:58:32","guid":{"rendered":"http:\/\/montreux-vieux.net\/?page_id=13820"},"modified":"2019-01-14T14:58:32","modified_gmt":"2019-01-14T13:58:32","slug":"zaza-danseuse-et-choregraphe-montreusienne","status":"publish","type":"page","link":"https:\/\/montreux-vieux.net\/?page_id=13820","title":{"rendered":"Zaza danseuse et chor\u00e9graphe montreusienne"},"content":{"rendered":"\n<h3 class=\"wp-block-heading\" style=\"text-align:center\">Zaza danseuse et chor\u00e9graphe montreusienne<\/h3>\n\n\n\n<div class=\"wp-block-image\"><figure class=\"aligncenter\"><img decoding=\"async\" src=\"http:\/\/montreux-vieux.net\/montreux-vieux.net\/wp-content\/uploads\/2012\/01\/23629_1436424953554_1320874454_31217195_7272095_n-200x300.jpg\" alt=\"\"\/><\/figure><\/div>\n\n\n\n<p>Zaza (Isabelle Poinsatte) a commenc\u00e9 la danse d\u00e8s&nbsp; l\u2019\u00e2ge de 6 ans \u00e0 Belfort \u00e0 l&rsquo;\u00e9cole de Danse de Mme Girourd en classique, puis avec Mme Fiedler \u00e0 Mulhouse jusqu\u2019au conservatoire.<\/p>\n\n\n\n<p>Un peu plus tard, elle prend des cours de Jazz Danse avec Yvonnick Cueff&nbsp; \u00e0 Mulhouse.<br>Apr\u00e8s avoir suivi de nombreux cours et stages \u00e0 Paris, \u00e0 New York \u00e0 l&rsquo;\u00e9cole d&rsquo;Alvin Ailey et Broadway Dance Center elle a&nbsp; \u00e9t\u00e9 engag\u00e9e par la production du Scala Th\u00e9ater \u00e0 Bale pour&nbsp; \u00e9voluer dans des Op\u00e9rettes, Op\u00e9ras, com\u00e9die Musicale HAIR pour une tourn\u00e9e d&rsquo;un an \u00e0 travers l\u2019Europe. Elle a ensuite int\u00e9gr\u00e9 une&nbsp; revue de Music Hall \u00e0 Stasbourg, puis engag\u00e9e par l&rsquo;Agence Anim&rsquo;mode pour cr\u00e9e son premier spectacle music hall cabaret au futur Paradis des sources \u00e0 Soultzmatt tenu alors par&nbsp; Monsieur Onimus. Elle a aussi&nbsp; dans\u00e9 au th\u00e9\u00e2tre de B\u00e2le, Suisse pour Y Amor avec la chor\u00e9graphe Maria Guerrero<\/p>\n\n\n\n<p>Parall\u00e8lement, elle a enseign\u00e9 en Alsace \u00e0 l&rsquo;Atelier Danse &nbsp;de Mulhouse, \u00e0 la MJC de Wittelsheim, St Louis et Colmar, au studio de Maria Guerrero de &nbsp;Bouxwiller, \u00e0 la MJC d&rsquo;Altkirch et Dannemarie, \u00e0 Montreux Vieux, Fessenheim&#8230;.et au studio de Fred Mazaudou \u00e0 B\u00e2le.<\/p>\n\n\n\n<p>Son parcours n\u2019\u00e9tant pas termin\u00e9, elle s\u2019est envol\u00e9e pour L&rsquo;Ile de la R\u00e9union pour un remplacement d&rsquo;un mois mais elle &nbsp;y est rest\u00e9e finalement deux ans pour enseigner \u00e0 Redomdanse et animer des stages \u00e0 l&rsquo;Universit\u00e9 de Tananarive (Madagascar). Revenue en Alsace, elle a \u00e9galement fait beaucoup de spectacles \u00e9v\u00e9nementiels pour le Journal l&rsquo;Alsace, le Mus\u00e9 Electropolis, Mus\u00e9e de l\u2019Auto, etc&#8230;.Zaza s\u2019est aussi produite durant &nbsp;plusieurs ann\u00e9es au Music Hall l&rsquo;Ange bleu,&nbsp;dans la r\u00e9gion&nbsp;de Bordeaux<\/p>\n\n\n\n<p>Actuellement&nbsp; chor\u00e9graphe et danseuse de la troupe du Biba Sow dont voici le lien de son site internet <a href=\"http:\/\/spectaclebibashow.blog4ever.com\/blog\/article-433249.html\">http:\/\/spectaclebibashow.blog4ever.com\/blog\/article-433249.html<\/a> et elle enseigne aussi \u00e0 Bordeaux, Prignac et Lanton.<\/p>\n\n\n\n<p>Avis aux associations\u00a0: Zaza souhaiterait organiser cet \u00e9t\u00e9 \u00e0 la salle des f\u00eates un master class Zumba (c&rsquo;est une journ\u00e9e ou un week-end de cours \u00a0\u00bb zumba \u00a0\u00bb avec plusieurs professeurs de la r\u00e9gion ou elle seule). Elle vous propose \u00e9galement d\u2019organiser un spectacle. Si vous \u00eates int\u00e9ress\u00e9s\u00a0et pour plus d\u2019informations: 06 72 75 38 64<\/p>\n\n\n\n<DIV ALIGN=\"CENTER\"><figure><iframe loading=\"lazy\" width=\"300\" height=\"316\" src=\"https:\/\/www.youtube.com\/embed\/mFiKrXdG5BA\" allowfullscreen=\"\"><\/iframe><\/figure><\/DIV>\n\n\n\n<h2 class=\"wp-block-heading\"><\/h2>\n","protected":false},"excerpt":{"rendered":"<p>Zaza danseuse et chor\u00e9graphe montreusienne Zaza (Isabelle Poinsatte) a commenc\u00e9 la danse d\u00e8s&nbsp; l\u2019\u00e2ge de 6 ans \u00e0 Belfort \u00e0 l&rsquo;\u00e9cole de Danse de Mme Girourd en classique, puis avec Mme Fiedler \u00e0 Mulhouse jusqu\u2019au conservatoire. Un peu plus tard, &hellip; <a href=\"https:\/\/montreux-vieux.net\/?page_id=13820\">Continuer la lecture <span class=\"meta-nav\">&rarr;<\/span><\/a><\/p>\n","protected":false},"author":1,"featured_media":0,"parent":13752,"menu_order":18,"comment_status":"closed","ping_status":"open","template":"","meta":{"footnotes":""},"class_list":["post-13820","page","type-page","status-publish","hentry"],"_links":{"self":[{"href":"https:\/\/montreux-vieux.net\/index.php?rest_route=\/wp\/v2\/pages\/13820","targetHints":{"allow":["GET"]}}],"collection":[{"href":"https:\/\/montreux-vieux.net\/index.php?rest_route=\/wp\/v2\/pages"}],"about":[{"href":"https:\/\/montreux-vieux.net\/index.php?rest_route=\/wp\/v2\/types\/page"}],"author":[{"embeddable":true,"href":"https:\/\/montreux-vieux.net\/index.php?rest_route=\/wp\/v2\/users\/1"}],"replies":[{"embeddable":true,"href":"https:\/\/montreux-vieux.net\/index.php?rest_route=%2Fwp%2Fv2%2Fcomments&post=13820"}],"version-history":[{"count":1,"href":"https:\/\/montreux-vieux.net\/index.php?rest_route=\/wp\/v2\/pages\/13820\/revisions"}],"predecessor-version":[{"id":13830,"href":"https:\/\/montreux-vieux.net\/index.php?rest_route=\/wp\/v2\/pages\/13820\/revisions\/13830"}],"up":[{"embeddable":true,"href":"https:\/\/montreux-vieux.net\/index.php?rest_route=\/wp\/v2\/pages\/13752"}],"wp:attachment":[{"href":"https:\/\/montreux-vieux.net\/index.php?rest_route=%2Fwp%2Fv2%2Fmedia&parent=13820"}],"curies":[{"name":"wp","href":"https:\/\/api.w.org\/{rel}","templated":true}]}}