{"id":13837,"date":"2019-01-14T15:09:51","date_gmt":"2019-01-14T14:09:51","guid":{"rendered":"http:\/\/montreux-vieux.net\/?page_id=13837"},"modified":"2019-01-14T15:09:51","modified_gmt":"2019-01-14T14:09:51","slug":"montreux-chateau-endommagee-par-le-gel-la-peniche-restaurant-menace-de-sombrer","status":"publish","type":"page","link":"https:\/\/montreux-vieux.net\/?page_id=13837","title":{"rendered":"Montreux-Ch\u00e2teau Endommag\u00e9e par le gel, la p\u00e9niche-restaurant menace de sombrer"},"content":{"rendered":"\n<p>Montreux-Ch\u00e2teau Endommag\u00e9e par le gel, la p\u00e9niche-restaurant menace de sombrer<\/p>\n\n\n\n<div class=\"wp-block-image\"><figure class=\"aligncenter\"><a href=\"http:\/\/montreux-vieux.net\/?attachment_id=3026\" target=\"_blank\" rel=\"noreferrer noopener\"><img decoding=\"async\" src=\"http:\/\/montreux-vieux.net\/montreux-vieux.net\/wp-content\/uploads\/2012\/02\/p\u00e9niche-300x225.jpg\" alt=\"\" class=\"wp-image-3026\"\/><\/a><\/figure><\/div>\n\n\n\n<p>Selon le commandant Hugolin des sapeurs-pompiers, une canalisation qui alimente en eau potable la p\u00e9niche-restaurant de Montreux-Ch\u00e2teau (Territoire de Belfort) se serait rompue \u00e0 cause du gel durant la nuit et l\u2019eau a envahi la cale presque au trois-quarts. Les sapeurs-pompiers ont d\u00e9plac\u00e9 de gros moyen pour \u00e9viter que la p\u00e9niche coule. Comme elle gite du c\u00f4t\u00e9 du canal, ils ont fait appel \u00e0 des plongeurs pour v\u00e9rifier l\u2019\u00e9tanch\u00e9it\u00e9 des hublots et se sont employ\u00e9s \u00e0 pomper l\u2019eau de la cale.<\/p>\n\n\n\n<p>La p\u00e9niche-restaurant, propri\u00e9t\u00e9 de la communaut\u00e9 de communes, propose des concerts et des animations chaque week-end. Elle fait partie d\u2019un projet touristique qui entrait dans le p\u00f4le d\u2019excellence rurale. Elle avait \u00e9t\u00e9 inaugur\u00e9e le 20 mai 2011 et durant l\u2019\u00e9t\u00e9, elle avait \u00e9t\u00e9 fr\u00e9quent\u00e9e par 2000 personnes par mois en moyenne. La man\u0153uvre de renflouement devrait se prolonger tout au long de l\u2019apr\u00e8s-midi sous une temp\u00e9rature glaciale.<\/p>\n\n\n\n<p>L&rsquo;Alsace 8\/2\/5012<\/p>\n","protected":false},"excerpt":{"rendered":"<p>Montreux-Ch\u00e2teau Endommag\u00e9e par le gel, la p\u00e9niche-restaurant menace de sombrer Selon le commandant Hugolin des sapeurs-pompiers, une canalisation qui alimente en eau potable la p\u00e9niche-restaurant de Montreux-Ch\u00e2teau (Territoire de Belfort) se serait rompue \u00e0 cause du gel durant la nuit &hellip; <a href=\"https:\/\/montreux-vieux.net\/?page_id=13837\">Continuer la lecture <span class=\"meta-nav\">&rarr;<\/span><\/a><\/p>\n","protected":false},"author":1,"featured_media":0,"parent":13044,"menu_order":98,"comment_status":"closed","ping_status":"open","template":"","meta":{"footnotes":""},"class_list":["post-13837","page","type-page","status-publish","hentry"],"_links":{"self":[{"href":"https:\/\/montreux-vieux.net\/index.php?rest_route=\/wp\/v2\/pages\/13837","targetHints":{"allow":["GET"]}}],"collection":[{"href":"https:\/\/montreux-vieux.net\/index.php?rest_route=\/wp\/v2\/pages"}],"about":[{"href":"https:\/\/montreux-vieux.net\/index.php?rest_route=\/wp\/v2\/types\/page"}],"author":[{"embeddable":true,"href":"https:\/\/montreux-vieux.net\/index.php?rest_route=\/wp\/v2\/users\/1"}],"replies":[{"embeddable":true,"href":"https:\/\/montreux-vieux.net\/index.php?rest_route=%2Fwp%2Fv2%2Fcomments&post=13837"}],"version-history":[{"count":1,"href":"https:\/\/montreux-vieux.net\/index.php?rest_route=\/wp\/v2\/pages\/13837\/revisions"}],"predecessor-version":[{"id":13838,"href":"https:\/\/montreux-vieux.net\/index.php?rest_route=\/wp\/v2\/pages\/13837\/revisions\/13838"}],"up":[{"embeddable":true,"href":"https:\/\/montreux-vieux.net\/index.php?rest_route=\/wp\/v2\/pages\/13044"}],"wp:attachment":[{"href":"https:\/\/montreux-vieux.net\/index.php?rest_route=%2Fwp%2Fv2%2Fmedia&parent=13837"}],"curies":[{"name":"wp","href":"https:\/\/api.w.org\/{rel}","templated":true}]}}