{"id":13866,"date":"2019-01-16T14:39:13","date_gmt":"2019-01-16T13:39:13","guid":{"rendered":"http:\/\/montreux-vieux.net\/?page_id=13866"},"modified":"2019-01-16T14:41:55","modified_gmt":"2019-01-16T13:41:55","slug":"le-saviez-vous-francois-ferreol-ne-a-montreux-vieux","status":"publish","type":"page","link":"https:\/\/montreux-vieux.net\/?page_id=13866","title":{"rendered":"Le saviez-vous ? Fran\u00e7ois Ferr\u00e9ol n\u00e9 \u00e0 Montreux-Vieux"},"content":{"rendered":"\n<h3 class=\"wp-block-heading\" style=\"text-align:center\" id=\"mce_2\">Fran\u00e7ois Ferr\u00e9ol n\u00e9 \u00e0 Montreux-Vieux<\/h3>\n\n\n\n<div class=\"wp-block-image\"><figure class=\"aligncenter is-resized\"><img decoding=\"async\" src=\"http:\/\/montreux-vieux.net\/montreux-vieux.net\/wp-content\/uploads\/2019\/01\/ScreenShot1412.jpg\" alt=\"\" class=\"wp-image-13869\" width=\"647\" srcset=\"https:\/\/montreux-vieux.net\/montreux-vieux.net\/wp-content\/uploads\/2019\/01\/ScreenShot1412.jpg 474w, https:\/\/montreux-vieux.net\/montreux-vieux.net\/wp-content\/uploads\/2019\/01\/ScreenShot1412-300x178.jpg 300w\" sizes=\"(max-width: 474px) 100vw, 474px\" \/><\/figure><\/div>\n\n\n\n<p>\n\nFran\u00e7ois Ferr\u00e9ol est n\u00e9 \u00e0 Montreux-Vieux, le 29 juin 1829, \u00e9l\u00e8ve au Lyc\u00e9e de Colmar, re\u00e7u aux diff\u00e9rents brevets d&rsquo;enseignement primaire en  1847, Instituteur \u00e0 Eteimbes, la m\u00eame ann\u00e9e; \u00e0 Bourogne de 1852 \u00e0 1882, conseiller municipal en 1884, maire de 1185 \u00e0 1888, secr\u00e9taire de mairie de Delle de 1888 \u00e0 1908 ; conseiller municipal en 1908, adjoint au maire en 1912, d\u00e9c\u00e9d\u00e9 le 13 janvier 1914.\n\n<\/p>\n","protected":false},"excerpt":{"rendered":"<p>Fran\u00e7ois Ferr\u00e9ol n\u00e9 \u00e0 Montreux-Vieux Fran\u00e7ois Ferr\u00e9ol est n\u00e9 \u00e0 Montreux-Vieux, le 29 juin 1829, \u00e9l\u00e8ve au Lyc\u00e9e de Colmar, re\u00e7u aux diff\u00e9rents brevets d&rsquo;enseignement primaire en 1847, Instituteur \u00e0 Eteimbes, la m\u00eame ann\u00e9e; \u00e0 Bourogne de 1852 \u00e0 1882, &hellip; <a href=\"https:\/\/montreux-vieux.net\/?page_id=13866\">Continuer la lecture <span class=\"meta-nav\">&rarr;<\/span><\/a><\/p>\n","protected":false},"author":1,"featured_media":0,"parent":4091,"menu_order":48,"comment_status":"closed","ping_status":"open","template":"","meta":{"footnotes":""},"class_list":["post-13866","page","type-page","status-publish","hentry"],"_links":{"self":[{"href":"https:\/\/montreux-vieux.net\/index.php?rest_route=\/wp\/v2\/pages\/13866","targetHints":{"allow":["GET"]}}],"collection":[{"href":"https:\/\/montreux-vieux.net\/index.php?rest_route=\/wp\/v2\/pages"}],"about":[{"href":"https:\/\/montreux-vieux.net\/index.php?rest_route=\/wp\/v2\/types\/page"}],"author":[{"embeddable":true,"href":"https:\/\/montreux-vieux.net\/index.php?rest_route=\/wp\/v2\/users\/1"}],"replies":[{"embeddable":true,"href":"https:\/\/montreux-vieux.net\/index.php?rest_route=%2Fwp%2Fv2%2Fcomments&post=13866"}],"version-history":[{"count":3,"href":"https:\/\/montreux-vieux.net\/index.php?rest_route=\/wp\/v2\/pages\/13866\/revisions"}],"predecessor-version":[{"id":13871,"href":"https:\/\/montreux-vieux.net\/index.php?rest_route=\/wp\/v2\/pages\/13866\/revisions\/13871"}],"up":[{"embeddable":true,"href":"https:\/\/montreux-vieux.net\/index.php?rest_route=\/wp\/v2\/pages\/4091"}],"wp:attachment":[{"href":"https:\/\/montreux-vieux.net\/index.php?rest_route=%2Fwp%2Fv2%2Fmedia&parent=13866"}],"curies":[{"name":"wp","href":"https:\/\/api.w.org\/{rel}","templated":true}]}}