{"id":13884,"date":"2019-01-17T13:51:47","date_gmt":"2019-01-17T12:51:47","guid":{"rendered":"http:\/\/montreux-vieux.net\/?page_id=13884"},"modified":"2019-01-17T13:51:47","modified_gmt":"2019-01-17T12:51:47","slug":"le-viol-de-lespace-aerien-en-1914-1918-a-montreux-vieux","status":"publish","type":"page","link":"https:\/\/montreux-vieux.net\/?page_id=13884","title":{"rendered":"Le  viol de l&rsquo;espace a\u00e9rien en 1914\/1918 \u00e0 Montreux-Vieux"},"content":{"rendered":"\n<h3 class=\"wp-block-heading\" style=\"text-align:center\">Le  viol de l&rsquo;espace a\u00e9rien en 1914\/1918 \u00e0 Montreux-Vieux<\/h3>\n\n\n<p><br>\n<br>\n<!--StartFragment--><\/p>\n\n\n<ul class=\"wp-block-gallery columns-1 is-cropped wp-block-gallery-1 is-layout-flex wp-block-gallery-is-layout-flex\"><li class=\"blocks-gallery-item\"><figure><img loading=\"lazy\" decoding=\"async\" width=\"298\" height=\"129\" src=\"http:\/\/montreux-vieux.net\/montreux-vieux.net\/wp-content\/uploads\/2018\/10\/ScreenShot1363.jpg\" alt=\"\" data-id=\"11546\" data-link=\"http:\/\/montreux-vieux.net\/?attachment_id=11546\" class=\"wp-image-11546\"\/><\/figure><\/li><\/ul>\n\n\n\n<p> A la veille de la guerre de 14-18 un d\u00e9lit nouveau fit son apparition, le&nbsp;viol de l&rsquo;espace a\u00e9rien, le franchissement accidentel ou intentionnel de la&nbsp;fronti\u00e8re par les fragiles a\u00e9roplanes. Le 15 ao\u00fbt 1912, deux des plus c\u00e9l\u00e8bres&nbsp;pilotes fran\u00e7ais du moment, Chambeno\u00eet et Daucourt, profit\u00e8rent de leur&nbsp;participation au meeting de Belfort pour s&rsquo;\u00e9loigner vers l&rsquo;est, franchir la&nbsp;<br>fronti\u00e8re et larguer au-dessus de&nbsp;<strong>Montreux-Vieux<\/strong>&nbsp;et d&rsquo;Altkirch des petits&nbsp;drapeaux tricolores et des prospectus patriotiques. Ce geste pu\u00e9ril, vaine&nbsp;provocation, caract\u00e9ristique de l&rsquo;\u00e9tat d&rsquo;esprit g\u00e9n\u00e9ral en France, provoqua&nbsp;un incident diplomatique. Les Allemands envisag\u00e8rent par ailleurs toute une&nbsp;s\u00e9rie de repr\u00e9sailles au cas ou un tel incident se reproduirait. Lorsque par la&nbsp;suite des pilotes du camp d&rsquo;aviation de Belfort s&rsquo;\u00e9gar\u00e8rent accidentellement&nbsp;au-dessus de l&rsquo;Alsace ils furent sanctionn\u00e9s d\u00e8s leur retour. Les autorit\u00e9s&nbsp;<br>fran\u00e7aises ne tenaient pas \u00e0 provoquer inutilement l&rsquo;Allemagne. Dans&nbsp;l&rsquo;esprit de tous les Fran\u00e7ais cette fronti\u00e8re n&rsquo;\u00e9tait que provisoire, un jour la&nbsp;France reprendrait l&rsquo;Alsace et la Lorraine mais en attendant elle \u00e9tait l\u00e0, elle&nbsp;existait, il fallait en tenir compte. Elle devait subsister durant pr\u00e8s de 43&nbsp;ann\u00e9es. Lorsque, au d\u00e9but de la Premi\u00e8re Guerre mondiale, l&rsquo;arm\u00e9e fran\u00e7aise p\u00e9n\u00e9tra en Alsace, un des premiers gestes qui fut accompli, geste&nbsp;symbolique entre tous, fut d&rsquo;abattre les poteaux fronti\u00e8res.&nbsp;<br><\/p>\n\n\n<p><!--EndFragment--><br>\n<br>\n<\/p>","protected":false},"excerpt":{"rendered":"<p>Le viol de l&rsquo;espace a\u00e9rien en 1914\/1918 \u00e0 Montreux-Vieux A la veille de la guerre de 14-18 un d\u00e9lit nouveau fit son apparition, le&nbsp;viol de l&rsquo;espace a\u00e9rien, le franchissement accidentel ou intentionnel de la&nbsp;fronti\u00e8re par les fragiles a\u00e9roplanes. Le 15 &hellip; <a href=\"https:\/\/montreux-vieux.net\/?page_id=13884\">Continuer la lecture <span class=\"meta-nav\">&rarr;<\/span><\/a><\/p>\n","protected":false},"author":1,"featured_media":0,"parent":12673,"menu_order":80,"comment_status":"closed","ping_status":"open","template":"","meta":{"footnotes":""},"class_list":["post-13884","page","type-page","status-publish","hentry"],"_links":{"self":[{"href":"https:\/\/montreux-vieux.net\/index.php?rest_route=\/wp\/v2\/pages\/13884","targetHints":{"allow":["GET"]}}],"collection":[{"href":"https:\/\/montreux-vieux.net\/index.php?rest_route=\/wp\/v2\/pages"}],"about":[{"href":"https:\/\/montreux-vieux.net\/index.php?rest_route=\/wp\/v2\/types\/page"}],"author":[{"embeddable":true,"href":"https:\/\/montreux-vieux.net\/index.php?rest_route=\/wp\/v2\/users\/1"}],"replies":[{"embeddable":true,"href":"https:\/\/montreux-vieux.net\/index.php?rest_route=%2Fwp%2Fv2%2Fcomments&post=13884"}],"version-history":[{"count":1,"href":"https:\/\/montreux-vieux.net\/index.php?rest_route=\/wp\/v2\/pages\/13884\/revisions"}],"predecessor-version":[{"id":13885,"href":"https:\/\/montreux-vieux.net\/index.php?rest_route=\/wp\/v2\/pages\/13884\/revisions\/13885"}],"up":[{"embeddable":true,"href":"https:\/\/montreux-vieux.net\/index.php?rest_route=\/wp\/v2\/pages\/12673"}],"wp:attachment":[{"href":"https:\/\/montreux-vieux.net\/index.php?rest_route=%2Fwp%2Fv2%2Fmedia&parent=13884"}],"curies":[{"name":"wp","href":"https:\/\/api.w.org\/{rel}","templated":true}]}}