{"id":13902,"date":"2019-01-19T15:40:34","date_gmt":"2019-01-19T14:40:34","guid":{"rendered":"http:\/\/montreux-vieux.net\/?page_id=13902"},"modified":"2019-01-19T15:40:34","modified_gmt":"2019-01-19T14:40:34","slug":"extraits-du-livre-les-italiens-du-maquis-de-pia-leonetti-carena","status":"publish","type":"page","link":"https:\/\/montreux-vieux.net\/?page_id=13902","title":{"rendered":"Extraits du livre \u00ab Les Italiens du Maquis \u00bb de Pia L\u00e9onetti Carena"},"content":{"rendered":"\n<h3 class=\"wp-block-heading\" style=\"text-align:center\">Extraits du livre \u00ab Les Italiens du Maquis \u00bb de Pia L\u00e9onetti Carena<\/h3>\n\n\n\n<ul class=\"wp-block-gallery columns-1 is-cropped wp-block-gallery-1 is-layout-flex wp-block-gallery-is-layout-flex\"><li class=\"blocks-gallery-item\"><figure><img loading=\"lazy\" decoding=\"async\" width=\"838\" height=\"496\" src=\"http:\/\/montreux-vieux.net\/montreux-vieux.net\/wp-content\/uploads\/2018\/09\/ScreenShot1179.jpg\" alt=\"\" data-id=\"11069\" data-link=\"http:\/\/montreux-vieux.net\/?attachment_id=11069\" class=\"wp-image-11069\" srcset=\"https:\/\/montreux-vieux.net\/montreux-vieux.net\/wp-content\/uploads\/2018\/09\/ScreenShot1179.jpg 838w, https:\/\/montreux-vieux.net\/montreux-vieux.net\/wp-content\/uploads\/2018\/09\/ScreenShot1179-300x178.jpg 300w, https:\/\/montreux-vieux.net\/montreux-vieux.net\/wp-content\/uploads\/2018\/09\/ScreenShot1179-768x455.jpg 768w, https:\/\/montreux-vieux.net\/montreux-vieux.net\/wp-content\/uploads\/2018\/09\/ScreenShot1179-600x355.jpg 600w\" sizes=\"auto, (max-width: 838px) 100vw, 838px\" \/><\/figure><\/li><\/ul>\n\n\n\n<p>Rizzato Giovanna, n\u00e9e le 23 octobre 1921, ouvri\u00e8re. Requise\n\u00e0 Berlin. Arr\u00eat\u00e9e le 02 janvier 1943 \u00e0 Montreux-Vieux pour \u00ab&nbsp;tentative de\npassage clandestin de la fronti\u00e8re&nbsp;\u00bb Incarc\u00e9r\u00e9e \u00e0 Mulhouse et de l\u00e0 transf\u00e9r\u00e9e\nau camp de Schirmeck, le 2 janvier 1944. Ne serait pas revenue.<\/p>\n\n\n\n<p>Salvador Elio, n\u00e9 le 17 novembre 1924, domicili\u00e9 \u00e0 Buhl,\nemploy\u00e9, arr\u00eat\u00e9 le 27 novembre 1943 \u00e0 Montreux-Vieux pour tentative de passage\nclandestin de la fronti\u00e8re. Incarc\u00e9r\u00e9 \u00e0 Mulhouse et de l\u00e0 dirig\u00e9 sur le camp de\nSchirmeck, le 8 d\u00e9cembre 1943. N\u2019est pas revenu, semble-t-il.<\/p>\n\n\n\n<p>Zerbin Matteo, n\u00e9 le 30 ao\u00fbt 1897, domicili\u00e9 \u00e0 Oggersheim,\nma\u00e7on. Arr\u00eat\u00e9 le 12 f\u00e9vrier 1944 \u00e0 Montreux-Vieux pour avoir refus\u00e9 de\ntravailler pour les Allemands. Incarc\u00e9r\u00e9 puis intern\u00e9 \u00e0 Ludwigshaffen. N\u2019est\npas revenu, semble-t-il.<\/p>\n\n\n<p><!--EndFragment--><br>\n<br>\n<\/p>","protected":false},"excerpt":{"rendered":"<p>Extraits du livre \u00ab Les Italiens du Maquis \u00bb de Pia L\u00e9onetti Carena Rizzato Giovanna, n\u00e9e le 23 octobre 1921, ouvri\u00e8re. Requise \u00e0 Berlin. Arr\u00eat\u00e9e le 02 janvier 1943 \u00e0 Montreux-Vieux pour \u00ab&nbsp;tentative de passage clandestin de la fronti\u00e8re&nbsp;\u00bb Incarc\u00e9r\u00e9e &hellip; <a href=\"https:\/\/montreux-vieux.net\/?page_id=13902\">Continuer la lecture <span class=\"meta-nav\">&rarr;<\/span><\/a><\/p>\n","protected":false},"author":1,"featured_media":0,"parent":12675,"menu_order":20,"comment_status":"closed","ping_status":"open","template":"","meta":{"footnotes":""},"class_list":["post-13902","page","type-page","status-publish","hentry"],"_links":{"self":[{"href":"https:\/\/montreux-vieux.net\/index.php?rest_route=\/wp\/v2\/pages\/13902","targetHints":{"allow":["GET"]}}],"collection":[{"href":"https:\/\/montreux-vieux.net\/index.php?rest_route=\/wp\/v2\/pages"}],"about":[{"href":"https:\/\/montreux-vieux.net\/index.php?rest_route=\/wp\/v2\/types\/page"}],"author":[{"embeddable":true,"href":"https:\/\/montreux-vieux.net\/index.php?rest_route=\/wp\/v2\/users\/1"}],"replies":[{"embeddable":true,"href":"https:\/\/montreux-vieux.net\/index.php?rest_route=%2Fwp%2Fv2%2Fcomments&post=13902"}],"version-history":[{"count":1,"href":"https:\/\/montreux-vieux.net\/index.php?rest_route=\/wp\/v2\/pages\/13902\/revisions"}],"predecessor-version":[{"id":13903,"href":"https:\/\/montreux-vieux.net\/index.php?rest_route=\/wp\/v2\/pages\/13902\/revisions\/13903"}],"up":[{"embeddable":true,"href":"https:\/\/montreux-vieux.net\/index.php?rest_route=\/wp\/v2\/pages\/12675"}],"wp:attachment":[{"href":"https:\/\/montreux-vieux.net\/index.php?rest_route=%2Fwp%2Fv2%2Fmedia&parent=13902"}],"curies":[{"name":"wp","href":"https:\/\/api.w.org\/{rel}","templated":true}]}}